{"id":3363,"date":"2025-10-08T23:38:13","date_gmt":"2025-10-08T21:38:13","guid":{"rendered":"https:\/\/www.maisondeluxeprague.com\/?post_type=product&#038;p=3363"},"modified":"2025-12-10T22:54:35","modified_gmt":"2025-12-10T21:54:35","slug":"chanel-2-55-silver-bag","status":"publish","type":"product","link":"https:\/\/www.maisondeluxeprague.com\/ru\/produkt\/chanel-2-55-silver-bag\/","title":{"rendered":"Chanel 2.55 Silver Bag"},"content":{"rendered":"<p>Chanel Reissue 2.55 Silver Leather Bag with mini flap bag<\/p>\n<p>\u0411\u043e\u043b\u044c\u0448\u0430\u044f \u0441\u0443\u043c\u043a\u0430 \u043f\u0440\u043e\u0448\u043b\u0430 \u0440\u0435\u0441\u0442\u0430\u0432\u0440\u0430\u0446\u0438\u044e \u043e\u043a\u0440\u0430\u0441\u043a\u0438, \u043f\u043e\u044d\u0442\u043e\u043c\u0443 \u043e\u0442\u0442\u0435\u043d\u043e\u043a \u0441\u043b\u0435\u0433\u043a\u0430 \u043e\u0442\u043b\u0438\u0447\u0430\u0435\u0442\u0441\u044f.<\/p>\n<p>&nbsp;<\/p>\n<p>&nbsp;<\/p>","protected":false},"excerpt":{"rendered":"<p>Chanel Reissue 2.55 Silver Leather Bag with mini flap bag Velk\u00e1 kabelka je po renovaci barvy, proto m\u00e1 lehce jin\u00fd odst\u00edn. &nbsp; &nbsp;<\/p>","protected":false},"featured_media":3313,"template":"","meta":{"slim_seo":{"title":"Chanel 2.55 Silver Bag - Maison de Luxe Prague","description":"Chanel Reissue 2.55 Silver Leather Bag with mini flap bag Velk\u00e1 kabelka je po renovaci barvy, proto m\u00e1 lehce jin\u00fd odst\u00edn. &nbsp; &nbsp;"}},"product_brand":[94],"product_cat":[159,40],"product_tag":[],"class_list":{"0":"post-3363","1":"product","2":"type-product","3":"status-publish","4":"has-post-thumbnail","6":"product_brand-chanel","7":"product_cat-damske","8":"product_cat-kabelky","10":"first","11":"instock","12":"taxable","13":"shipping-taxable","14":"purchasable","15":"product-type-simple"},"_links":{"self":[{"href":"https:\/\/www.maisondeluxeprague.com\/ru\/wp-json\/wp\/v2\/product\/3363","targetHints":{"allow":["GET"]}}],"collection":[{"href":"https:\/\/www.maisondeluxeprague.com\/ru\/wp-json\/wp\/v2\/product"}],"about":[{"href":"https:\/\/www.maisondeluxeprague.com\/ru\/wp-json\/wp\/v2\/types\/product"}],"wp:featuredmedia":[{"embeddable":true,"href":"https:\/\/www.maisondeluxeprague.com\/ru\/wp-json\/wp\/v2\/media\/3313"}],"wp:attachment":[{"href":"https:\/\/www.maisondeluxeprague.com\/ru\/wp-json\/wp\/v2\/media?parent=3363"}],"wp:term":[{"taxonomy":"product_brand","embeddable":true,"href":"https:\/\/www.maisondeluxeprague.com\/ru\/wp-json\/wp\/v2\/product_brand?post=3363"},{"taxonomy":"product_cat","embeddable":true,"href":"https:\/\/www.maisondeluxeprague.com\/ru\/wp-json\/wp\/v2\/product_cat?post=3363"},{"taxonomy":"product_tag","embeddable":true,"href":"https:\/\/www.maisondeluxeprague.com\/ru\/wp-json\/wp\/v2\/product_tag?post=3363"}],"curies":[{"name":"wp","href":"https:\/\/api.w.org\/{rel}","templated":true}]}}