{"id":3362,"date":"2025-10-08T23:26:18","date_gmt":"2025-10-08T21:26:18","guid":{"rendered":"https:\/\/www.maisondeluxeprague.com\/?post_type=product&#038;p=3362"},"modified":"2025-12-15T16:17:45","modified_gmt":"2025-12-15T15:17:45","slug":"chanel-suede-bag-2","status":"publish","type":"product","link":"https:\/\/www.maisondeluxeprague.com\/ru\/produkt\/chanel-suede-bag-2\/","title":{"rendered":"Chanel Suede Bag"},"content":{"rendered":"<p>Chanel Vintage Suede Double Flap Bag<\/p>\n<p>\u0421\u0443\u043c\u043a\u0430 \u043f\u0440\u043e\u0448\u043b\u0430 \u0440\u0435\u0441\u0442\u0430\u0432\u0440\u0430\u0446\u0438\u044e \u0432\u043d\u0443\u0442\u0440\u0435\u043d\u043d\u0435\u0439 \u0447\u0430\u0441\u0442\u0438.<\/p>\n<p>\u041e\u0442\u0441\u0443\u0442\u0441\u0442\u0432\u0443\u0435\u0442 \u0434\u0430\u0442\u0430-\u043a\u043e\u0434, \u0432\u043c\u0435\u0441\u0442\u043e \u043d\u0435\u0433\u043e \u0438\u043c\u0435\u0435\u0442\u0441\u044f \u0441\u0435\u0440\u0442\u0438\u0444\u0438\u043a\u0430\u0442 \u043f\u043e\u0434\u043b\u0438\u043d\u043d\u043e\u0441\u0442\u0438 Entrupy.<\/p>\n<p>&nbsp;<\/p>","protected":false},"excerpt":{"rendered":"<p>Chanel Vintage Suede Double Flap Bag Kabelka je po renovaci interieru. Chyb\u00ed j\u00ed datacode, nam\u00edsto toho m\u00e1me Entrupy certifik\u00e1t pravosti. &nbsp;<\/p>","protected":false},"featured_media":3306,"template":"","meta":{"slim_seo":{"title":"Chanel Suede Bag - Maison de Luxe Prague","description":"Chanel Vintage Suede Double Flap Bag Kabelka je po renovaci interieru. Chyb\u00ed j\u00ed datacode, nam\u00edsto toho m\u00e1me Entrupy certifik\u00e1t pravosti. &nbsp;"}},"product_brand":[94],"product_cat":[159,40],"product_tag":[],"class_list":{"0":"post-3362","1":"product","2":"type-product","3":"status-publish","4":"has-post-thumbnail","6":"product_brand-chanel","7":"product_cat-damske","8":"product_cat-kabelky","10":"first","11":"instock","12":"taxable","13":"shipping-taxable","14":"purchasable","15":"product-type-simple"},"_links":{"self":[{"href":"https:\/\/www.maisondeluxeprague.com\/ru\/wp-json\/wp\/v2\/product\/3362","targetHints":{"allow":["GET"]}}],"collection":[{"href":"https:\/\/www.maisondeluxeprague.com\/ru\/wp-json\/wp\/v2\/product"}],"about":[{"href":"https:\/\/www.maisondeluxeprague.com\/ru\/wp-json\/wp\/v2\/types\/product"}],"wp:featuredmedia":[{"embeddable":true,"href":"https:\/\/www.maisondeluxeprague.com\/ru\/wp-json\/wp\/v2\/media\/3306"}],"wp:attachment":[{"href":"https:\/\/www.maisondeluxeprague.com\/ru\/wp-json\/wp\/v2\/media?parent=3362"}],"wp:term":[{"taxonomy":"product_brand","embeddable":true,"href":"https:\/\/www.maisondeluxeprague.com\/ru\/wp-json\/wp\/v2\/product_brand?post=3362"},{"taxonomy":"product_cat","embeddable":true,"href":"https:\/\/www.maisondeluxeprague.com\/ru\/wp-json\/wp\/v2\/product_cat?post=3362"},{"taxonomy":"product_tag","embeddable":true,"href":"https:\/\/www.maisondeluxeprague.com\/ru\/wp-json\/wp\/v2\/product_tag?post=3362"}],"curies":[{"name":"wp","href":"https:\/\/api.w.org\/{rel}","templated":true}]}}