{"id":3360,"date":"2025-10-08T23:07:16","date_gmt":"2025-10-08T21:07:16","guid":{"rendered":"https:\/\/www.maisondeluxeprague.com\/?post_type=product&#038;p=3360"},"modified":"2025-12-15T16:17:27","modified_gmt":"2025-12-15T15:17:27","slug":"chanel-mini-square-bag","status":"publish","type":"product","link":"https:\/\/www.maisondeluxeprague.com\/ru\/produkt\/chanel-mini-square-bag\/","title":{"rendered":"Chanel Mini Square Bag"},"content":{"rendered":"<p>Chanel Mini Square Single Flap Bag<\/p>\n<p>\u0421\u0443\u043c\u043a\u0430 \u043f\u0440\u043e\u0448\u043b\u0430 \u0440\u0435\u0441\u0442\u0430\u0432\u0440\u0430\u0446\u0438\u044e \u0441\u0442\u043e\u0440\u043e\u043d\u043d\u0435\u0439 \u043c\u0430\u0441\u0442\u0435\u0440\u0441\u043a\u043e\u0439, \u0433\u0434\u0435 \u0431\u044b\u043b\u0430 \u0432\u043e\u0441\u0441\u0442\u0430\u043d\u043e\u0432\u043b\u0435\u043d\u0430 \u0437\u0430\u0434\u043d\u044f\u044f \u0447\u0430\u0441\u0442\u044c.<\/p>","protected":false},"excerpt":{"rendered":"<p>Chanel Mini Square Single Flap Bag Kabelka je po renovaci t\u0159et\u00ed stranou, kde byla opravov\u00e1na zadn\u00ed \u010d\u00e1st<\/p>","protected":false},"featured_media":3291,"template":"","meta":{"slim_seo":{"title":"Chanel Mini Square Bag - Maison de Luxe Prague","description":"Chanel Mini Square Single Flap Bag Kabelka je po renovaci t\u0159et\u00ed stranou, kde byla opravov\u00e1na zadn\u00ed \u010d\u00e1st"}},"product_brand":[94],"product_cat":[159,40],"product_tag":[],"class_list":{"0":"post-3360","1":"product","2":"type-product","3":"status-publish","4":"has-post-thumbnail","6":"product_brand-chanel","7":"product_cat-damske","8":"product_cat-kabelky","10":"first","11":"instock","12":"taxable","13":"shipping-taxable","14":"purchasable","15":"product-type-simple"},"_links":{"self":[{"href":"https:\/\/www.maisondeluxeprague.com\/ru\/wp-json\/wp\/v2\/product\/3360","targetHints":{"allow":["GET"]}}],"collection":[{"href":"https:\/\/www.maisondeluxeprague.com\/ru\/wp-json\/wp\/v2\/product"}],"about":[{"href":"https:\/\/www.maisondeluxeprague.com\/ru\/wp-json\/wp\/v2\/types\/product"}],"wp:featuredmedia":[{"embeddable":true,"href":"https:\/\/www.maisondeluxeprague.com\/ru\/wp-json\/wp\/v2\/media\/3291"}],"wp:attachment":[{"href":"https:\/\/www.maisondeluxeprague.com\/ru\/wp-json\/wp\/v2\/media?parent=3360"}],"wp:term":[{"taxonomy":"product_brand","embeddable":true,"href":"https:\/\/www.maisondeluxeprague.com\/ru\/wp-json\/wp\/v2\/product_brand?post=3360"},{"taxonomy":"product_cat","embeddable":true,"href":"https:\/\/www.maisondeluxeprague.com\/ru\/wp-json\/wp\/v2\/product_cat?post=3360"},{"taxonomy":"product_tag","embeddable":true,"href":"https:\/\/www.maisondeluxeprague.com\/ru\/wp-json\/wp\/v2\/product_tag?post=3360"}],"curies":[{"name":"wp","href":"https:\/\/api.w.org\/{rel}","templated":true}]}}