{"id":3352,"date":"2025-10-08T22:00:46","date_gmt":"2025-10-08T20:00:46","guid":{"rendered":"https:\/\/www.maisondeluxeprague.com\/?post_type=product&#038;p=3352"},"modified":"2025-12-15T16:16:19","modified_gmt":"2025-12-15T15:16:19","slug":"valentino-rockstud-pink","status":"publish","type":"product","link":"https:\/\/www.maisondeluxeprague.com\/ru\/produkt\/valentino-rockstud-pink\/","title":{"rendered":"Valentino Rockstud Pink"},"content":{"rendered":"<p>Valentino Garavani Rockstud Pink Leather Bag<\/p>\n<p>\u0421\u0443\u043c\u043a\u0430 \u043e\u0441\u043d\u0430\u0449\u0435\u043d\u0430 \u0441\u044a\u0435\u043c\u043d\u044b\u043c \u043a\u043e\u0436\u0430\u043d\u044b\u043c \u0440\u0435\u043c\u0435\u0448\u043a\u043e\u043c \u0434\u043b\u044f \u043d\u043e\u0448\u0435\u043d\u0438\u044f \u0432 \u0440\u0443\u043a\u0435 \u0438 \u0446\u0435\u043f\u043e\u0447\u043a\u043e\u0439 \u0434\u043b\u044f \u043d\u043e\u0448\u0435\u043d\u0438\u044f \u0447\u0435\u0440\u0435\u0437 \u043f\u043b\u0435\u0447\u043e.<\/p>","protected":false},"excerpt":{"rendered":"<p>Valentino Garavani Rockstud Pink Leather Bag Kabelka m\u00e1 odep\u00ednateln\u00fd ko\u017een\u00fd popruh pro no\u0161en\u00ed v ruce a tak\u00e9 \u0159et\u00edzek pro no\u0161en\u00ed p\u0159es rameno.<\/p>","protected":false},"featured_media":3268,"template":"","meta":{"slim_seo":{"title":"Valentino Rockstud Pink - Maison de Luxe Prague","description":"Valentino Garavani Rockstud Pink Leather Bag Kabelka m\u00e1 odep\u00ednateln\u00fd ko\u017een\u00fd popruh pro no\u0161en\u00ed v ruce a tak\u00e9 \u0159et\u00edzek pro no\u0161en\u00ed p\u0159es rameno."}},"product_brand":[85],"product_cat":[159,40],"product_tag":[],"class_list":{"0":"post-3352","1":"product","2":"type-product","3":"status-publish","4":"has-post-thumbnail","6":"product_brand-valentino-garavani","7":"product_cat-damske","8":"product_cat-kabelky","10":"first","11":"instock","12":"taxable","13":"shipping-taxable","14":"purchasable","15":"product-type-simple"},"_links":{"self":[{"href":"https:\/\/www.maisondeluxeprague.com\/ru\/wp-json\/wp\/v2\/product\/3352","targetHints":{"allow":["GET"]}}],"collection":[{"href":"https:\/\/www.maisondeluxeprague.com\/ru\/wp-json\/wp\/v2\/product"}],"about":[{"href":"https:\/\/www.maisondeluxeprague.com\/ru\/wp-json\/wp\/v2\/types\/product"}],"wp:featuredmedia":[{"embeddable":true,"href":"https:\/\/www.maisondeluxeprague.com\/ru\/wp-json\/wp\/v2\/media\/3268"}],"wp:attachment":[{"href":"https:\/\/www.maisondeluxeprague.com\/ru\/wp-json\/wp\/v2\/media?parent=3352"}],"wp:term":[{"taxonomy":"product_brand","embeddable":true,"href":"https:\/\/www.maisondeluxeprague.com\/ru\/wp-json\/wp\/v2\/product_brand?post=3352"},{"taxonomy":"product_cat","embeddable":true,"href":"https:\/\/www.maisondeluxeprague.com\/ru\/wp-json\/wp\/v2\/product_cat?post=3352"},{"taxonomy":"product_tag","embeddable":true,"href":"https:\/\/www.maisondeluxeprague.com\/ru\/wp-json\/wp\/v2\/product_tag?post=3352"}],"curies":[{"name":"wp","href":"https:\/\/api.w.org\/{rel}","templated":true}]}}