{"id":3350,"date":"2025-10-08T21:38:51","date_gmt":"2025-10-08T19:38:51","guid":{"rendered":"https:\/\/www.maisondeluxeprague.com\/?post_type=product&#038;p=3350"},"modified":"2025-12-15T16:15:57","modified_gmt":"2025-12-15T15:15:57","slug":"prstynek-alo-diamonds","status":"publish","type":"product","link":"https:\/\/www.maisondeluxeprague.com\/ru\/produkt\/prstynek-alo-diamonds\/","title":{"rendered":"\u041a\u043e\u043b\u044c\u0446\u043e ALO diamonds"},"content":{"rendered":"<p>\u041a\u043e\u043b\u044c\u0446\u043e \u0438\u0437 \u0431\u0435\u043b\u043e\u0433\u043e \u0437\u043e\u043b\u043e\u0442\u0430 \u0441 \u0438\u0437\u0443\u043c\u0440\u0443\u0434\u043e\u043c \u0438 \u0431\u0440\u0438\u043b\u043b\u0438\u0430\u043d\u0442\u0430\u043c\u0438.<\/p>\n<p>\u0412\u0435\u0441: 1,8 \u0433<\/p>\n<p>\u041f\u0440\u043e\u0431\u0430: 14 \u043a\u0430\u0440\u0430\u0442<\/p>\n<p>\u0427\u0438\u0441\u0442\u043e\u0442\u0430: Au585<\/p>\n<p>&nbsp;<\/p>","protected":false},"excerpt":{"rendered":"<p>Prsten z b\u00edl\u00e9ho zlata se smaragdem a diamanty V\u00e1ha: 1,80 g Zna\u010dka: 14 kt Ryzost: Au585 &nbsp;<\/p>","protected":false},"featured_media":3338,"template":"","meta":{"slim_seo":{"title":"Prst\u00fdnek ALO diamonds - Maison de Luxe Prague","description":"Prsten z b\u00edl\u00e9ho zlata se smaragdem a diamanty V\u00e1ha: 1,80 g Zna\u010dka: 14 kt Ryzost: Au585 &nbsp;"}},"product_brand":[360],"product_cat":[159,156],"product_tag":[],"class_list":{"0":"post-3350","1":"product","2":"type-product","3":"status-publish","4":"has-post-thumbnail","6":"product_brand-alo-diamonds","7":"product_cat-damske","8":"product_cat-sperky","10":"first","11":"instock","12":"taxable","13":"shipping-taxable","14":"purchasable","15":"product-type-simple"},"_links":{"self":[{"href":"https:\/\/www.maisondeluxeprague.com\/ru\/wp-json\/wp\/v2\/product\/3350","targetHints":{"allow":["GET"]}}],"collection":[{"href":"https:\/\/www.maisondeluxeprague.com\/ru\/wp-json\/wp\/v2\/product"}],"about":[{"href":"https:\/\/www.maisondeluxeprague.com\/ru\/wp-json\/wp\/v2\/types\/product"}],"wp:featuredmedia":[{"embeddable":true,"href":"https:\/\/www.maisondeluxeprague.com\/ru\/wp-json\/wp\/v2\/media\/3338"}],"wp:attachment":[{"href":"https:\/\/www.maisondeluxeprague.com\/ru\/wp-json\/wp\/v2\/media?parent=3350"}],"wp:term":[{"taxonomy":"product_brand","embeddable":true,"href":"https:\/\/www.maisondeluxeprague.com\/ru\/wp-json\/wp\/v2\/product_brand?post=3350"},{"taxonomy":"product_cat","embeddable":true,"href":"https:\/\/www.maisondeluxeprague.com\/ru\/wp-json\/wp\/v2\/product_cat?post=3350"},{"taxonomy":"product_tag","embeddable":true,"href":"https:\/\/www.maisondeluxeprague.com\/ru\/wp-json\/wp\/v2\/product_tag?post=3350"}],"curies":[{"name":"wp","href":"https:\/\/api.w.org\/{rel}","templated":true}]}}