{"id":3349,"date":"2025-10-08T21:27:36","date_gmt":"2025-10-08T19:27:36","guid":{"rendered":"https:\/\/www.maisondeluxeprague.com\/?post_type=product&#038;p=3349"},"modified":"2026-02-28T12:05:47","modified_gmt":"2026-02-28T11:05:47","slug":"chanel-woc-19","status":"publish","type":"product","link":"https:\/\/www.maisondeluxeprague.com\/ru\/produkt\/chanel-woc-19\/","title":{"rendered":"Chanel WOC 19"},"content":{"rendered":"<p>Chanel Wallet On Chain 19 Grey Lambskin<\/p>\n<p>\u0421\u0443\u043c\u043a\u0430 \u043f\u0440\u043e\u0448\u043b\u0430 \u0440\u0435\u0441\u0442\u0430\u0432\u0440\u0430\u0446\u0438\u044e \u0443\u0433\u043b\u043e\u0432 \u0441\u0442\u043e\u0440\u043e\u043d\u043d\u0435\u0439 \u043c\u0430\u0441\u0442\u0435\u0440\u0441\u043a\u043e\u0439.<\/p>","protected":false},"excerpt":{"rendered":"<p>Chanel Wallet On Chain 19 Grey Lambskin Kabelka je po renovaci roh\u016f t\u0159et\u00ed stranou.<\/p>","protected":false},"featured_media":3319,"template":"","meta":{"slim_seo":{"title":"Chanel WOC 19 - Maison de Luxe Prague","description":"Chanel Wallet On Chain 19 Grey Lambskin Kabelka je po renovaci roh\u016f t\u0159et\u00ed stranou."}},"product_brand":[94],"product_cat":[159,40,157,499],"product_tag":[],"class_list":{"0":"post-3349","1":"product","2":"type-product","3":"status-publish","4":"has-post-thumbnail","6":"product_brand-chanel","7":"product_cat-damske","8":"product_cat-kabelky","9":"product_cat-penezenky","10":"product_cat-slevy","12":"first","13":"instock","14":"sale","15":"taxable","16":"shipping-taxable","17":"purchasable","18":"product-type-simple"},"_links":{"self":[{"href":"https:\/\/www.maisondeluxeprague.com\/ru\/wp-json\/wp\/v2\/product\/3349","targetHints":{"allow":["GET"]}}],"collection":[{"href":"https:\/\/www.maisondeluxeprague.com\/ru\/wp-json\/wp\/v2\/product"}],"about":[{"href":"https:\/\/www.maisondeluxeprague.com\/ru\/wp-json\/wp\/v2\/types\/product"}],"wp:featuredmedia":[{"embeddable":true,"href":"https:\/\/www.maisondeluxeprague.com\/ru\/wp-json\/wp\/v2\/media\/3319"}],"wp:attachment":[{"href":"https:\/\/www.maisondeluxeprague.com\/ru\/wp-json\/wp\/v2\/media?parent=3349"}],"wp:term":[{"taxonomy":"product_brand","embeddable":true,"href":"https:\/\/www.maisondeluxeprague.com\/ru\/wp-json\/wp\/v2\/product_brand?post=3349"},{"taxonomy":"product_cat","embeddable":true,"href":"https:\/\/www.maisondeluxeprague.com\/ru\/wp-json\/wp\/v2\/product_cat?post=3349"},{"taxonomy":"product_tag","embeddable":true,"href":"https:\/\/www.maisondeluxeprague.com\/ru\/wp-json\/wp\/v2\/product_tag?post=3349"}],"curies":[{"name":"wp","href":"https:\/\/api.w.org\/{rel}","templated":true}]}}