{"id":3347,"date":"2025-10-08T20:20:16","date_gmt":"2025-10-08T18:20:16","guid":{"rendered":"https:\/\/www.maisondeluxeprague.com\/?post_type=product&#038;p=3347"},"modified":"2026-04-04T17:23:12","modified_gmt":"2026-04-04T15:23:12","slug":"bottega-veneta-hobo-bag","status":"publish","type":"product","link":"https:\/\/www.maisondeluxeprague.com\/ru\/produkt\/bottega-veneta-hobo-bag\/","title":{"rendered":"Bottega Veneta Hobo Bag"},"content":{"rendered":"<p>Bottega Veneta Large Hobo Bag<\/p>\n<p>\u0421\u0443\u043c\u043a\u0430 \u0431\u044b\u043b\u0430 \u0441\u043e\u0437\u0434\u0430\u043d\u0430 \u043a 50-\u043b\u0435\u0442\u0438\u044e \u0431\u0440\u0435\u043d\u0434\u0430 Bottega Veneta.<\/p>\n<p>\u041a\u043e\u043c\u0431\u0438\u043d\u0430\u0446\u0438\u044f \u043a\u043e\u0436\u0438 \u043e\u043b\u0435\u043d\u044f, \u0441\u0442\u0440\u0430\u0443\u0441\u0430 \u0438 \u044f\u0449\u0435\u0440\u0438\u0446\u044b.<\/p>\n<p>&nbsp;<\/p>","protected":false},"excerpt":{"rendered":"<p>Bottega Veneta Large Hobo Bag Kabelka byla vyrobena k 50. v\u00fdro\u010d\u00ed zna\u010dky Bottega Veneta. Jedn\u00e1 se o kombinaci jelen\u00ed, p\u0161tros\u00ed a je\u0161t\u011br\u010d\u00ed k\u016f\u017ei. &nbsp;<\/p>","protected":false},"featured_media":3223,"template":"","meta":{"slim_seo":{"title":"Bottega Veneta Hobo Bag - Maison de Luxe Prague","description":"Bottega Veneta Large Hobo Bag Kabelka byla vyrobena k 50. v\u00fdro\u010d\u00ed zna\u010dky Bottega Veneta. Jedn\u00e1 se o kombinaci jelen\u00ed, p\u0161tros\u00ed a je\u0161t\u011br\u010d\u00ed k\u016f\u017ei. &nbsp;"}},"product_brand":[155],"product_cat":[159,40],"product_tag":[],"class_list":{"0":"post-3347","1":"product","2":"type-product","3":"status-publish","4":"has-post-thumbnail","6":"product_brand-bottega-veneta","7":"product_cat-damske","8":"product_cat-kabelky","10":"first","11":"instock","12":"taxable","13":"shipping-taxable","14":"purchasable","15":"product-type-simple"},"_links":{"self":[{"href":"https:\/\/www.maisondeluxeprague.com\/ru\/wp-json\/wp\/v2\/product\/3347","targetHints":{"allow":["GET"]}}],"collection":[{"href":"https:\/\/www.maisondeluxeprague.com\/ru\/wp-json\/wp\/v2\/product"}],"about":[{"href":"https:\/\/www.maisondeluxeprague.com\/ru\/wp-json\/wp\/v2\/types\/product"}],"wp:featuredmedia":[{"embeddable":true,"href":"https:\/\/www.maisondeluxeprague.com\/ru\/wp-json\/wp\/v2\/media\/3223"}],"wp:attachment":[{"href":"https:\/\/www.maisondeluxeprague.com\/ru\/wp-json\/wp\/v2\/media?parent=3347"}],"wp:term":[{"taxonomy":"product_brand","embeddable":true,"href":"https:\/\/www.maisondeluxeprague.com\/ru\/wp-json\/wp\/v2\/product_brand?post=3347"},{"taxonomy":"product_cat","embeddable":true,"href":"https:\/\/www.maisondeluxeprague.com\/ru\/wp-json\/wp\/v2\/product_cat?post=3347"},{"taxonomy":"product_tag","embeddable":true,"href":"https:\/\/www.maisondeluxeprague.com\/ru\/wp-json\/wp\/v2\/product_tag?post=3347"}],"curies":[{"name":"wp","href":"https:\/\/api.w.org\/{rel}","templated":true}]}}