{"id":3248,"date":"2025-10-08T19:34:43","date_gmt":"2025-10-08T17:34:43","guid":{"rendered":"https:\/\/www.maisondeluxeprague.com\/?post_type=product&#038;p=3248"},"modified":"2025-12-10T10:03:57","modified_gmt":"2025-12-10T09:03:57","slug":"3248","status":"publish","type":"product","link":"https:\/\/www.maisondeluxeprague.com\/ru\/produkt\/3248\/","title":{"rendered":"Bottega Veneta Roma"},"content":{"rendered":"<p>Bottega Veneta Roma Tote Off White Bag<\/p>\n<p>\u0417\u0430\u0441\u0442\u0451\u0436\u043a\u0430 \u0437\u0430\u043a\u0440\u044b\u0432\u0430\u0435\u0442\u0441\u044f \u043d\u0430 \u043a\u043b\u044e\u0447\u0438\u043a.<\/p>","protected":false},"excerpt":{"rendered":"<p>Bottega Veneta Roma Tote Off White Bag Z\u00e1me\u010dek je na kl\u00ed\u010dek.<\/p>","protected":false},"featured_media":3185,"template":"","meta":{"slim_seo":{"title":"Bottega Veneta Roma - Maison de Luxe Prague","description":"Bottega Veneta Roma Tote Off White Bag Z\u00e1me\u010dek je na kl\u00ed\u010dek."}},"product_brand":[155],"product_cat":[159,40],"product_tag":[],"class_list":{"0":"post-3248","1":"product","2":"type-product","3":"status-publish","4":"has-post-thumbnail","6":"product_brand-bottega-veneta","7":"product_cat-damske","8":"product_cat-kabelky","10":"first","11":"instock","12":"taxable","13":"shipping-taxable","14":"purchasable","15":"product-type-simple"},"_links":{"self":[{"href":"https:\/\/www.maisondeluxeprague.com\/ru\/wp-json\/wp\/v2\/product\/3248","targetHints":{"allow":["GET"]}}],"collection":[{"href":"https:\/\/www.maisondeluxeprague.com\/ru\/wp-json\/wp\/v2\/product"}],"about":[{"href":"https:\/\/www.maisondeluxeprague.com\/ru\/wp-json\/wp\/v2\/types\/product"}],"wp:featuredmedia":[{"embeddable":true,"href":"https:\/\/www.maisondeluxeprague.com\/ru\/wp-json\/wp\/v2\/media\/3185"}],"wp:attachment":[{"href":"https:\/\/www.maisondeluxeprague.com\/ru\/wp-json\/wp\/v2\/media?parent=3248"}],"wp:term":[{"taxonomy":"product_brand","embeddable":true,"href":"https:\/\/www.maisondeluxeprague.com\/ru\/wp-json\/wp\/v2\/product_brand?post=3248"},{"taxonomy":"product_cat","embeddable":true,"href":"https:\/\/www.maisondeluxeprague.com\/ru\/wp-json\/wp\/v2\/product_cat?post=3248"},{"taxonomy":"product_tag","embeddable":true,"href":"https:\/\/www.maisondeluxeprague.com\/ru\/wp-json\/wp\/v2\/product_tag?post=3248"}],"curies":[{"name":"wp","href":"https:\/\/api.w.org\/{rel}","templated":true}]}}