{"id":3184,"date":"2025-10-08T19:52:14","date_gmt":"2025-10-08T17:52:14","guid":{"rendered":"https:\/\/www.maisondeluxeprague.com\/?post_type=product&#038;p=3184"},"modified":"2026-03-18T23:18:18","modified_gmt":"2026-03-18T22:18:18","slug":"balenciaga-monaco","status":"publish","type":"product","link":"https:\/\/www.maisondeluxeprague.com\/ru\/produkt\/balenciaga-monaco\/","title":{"rendered":"Balenciaga Monaco"},"content":{"rendered":"<p>Balenciaga Monaco Chain Bag Medium<\/p>\n<p>\u041d\u043e\u0432\u0430\u044f! \u0411\u0435\u0437 \u0441\u043b\u0435\u0434\u043e\u0432 \u043d\u043e\u0441\u043a\u0438.<\/p>","protected":false},"excerpt":{"rendered":"<p>Balenciaga Monaco Chain Bag Medium Nov\u00e1, nenese \u017e\u00e1dn\u00e9 zn\u00e1mky no\u0161en\u00ed.<\/p>","protected":false},"featured_media":3204,"template":"","meta":{"slim_seo":{"title":"Balenciaga Monaco - Maison de Luxe Prague","description":"Balenciaga Monaco Chain Bag Medium Nov\u00e1, nenese \u017e\u00e1dn\u00e9 zn\u00e1mky no\u0161en\u00ed."}},"product_brand":[299],"product_cat":[159,40],"product_tag":[],"class_list":{"0":"post-3184","1":"product","2":"type-product","3":"status-publish","4":"has-post-thumbnail","6":"product_brand-balenciaga","7":"product_cat-damske","8":"product_cat-kabelky","10":"first","11":"instock","12":"taxable","13":"shipping-taxable","14":"purchasable","15":"product-type-simple"},"_links":{"self":[{"href":"https:\/\/www.maisondeluxeprague.com\/ru\/wp-json\/wp\/v2\/product\/3184","targetHints":{"allow":["GET"]}}],"collection":[{"href":"https:\/\/www.maisondeluxeprague.com\/ru\/wp-json\/wp\/v2\/product"}],"about":[{"href":"https:\/\/www.maisondeluxeprague.com\/ru\/wp-json\/wp\/v2\/types\/product"}],"wp:featuredmedia":[{"embeddable":true,"href":"https:\/\/www.maisondeluxeprague.com\/ru\/wp-json\/wp\/v2\/media\/3204"}],"wp:attachment":[{"href":"https:\/\/www.maisondeluxeprague.com\/ru\/wp-json\/wp\/v2\/media?parent=3184"}],"wp:term":[{"taxonomy":"product_brand","embeddable":true,"href":"https:\/\/www.maisondeluxeprague.com\/ru\/wp-json\/wp\/v2\/product_brand?post=3184"},{"taxonomy":"product_cat","embeddable":true,"href":"https:\/\/www.maisondeluxeprague.com\/ru\/wp-json\/wp\/v2\/product_cat?post=3184"},{"taxonomy":"product_tag","embeddable":true,"href":"https:\/\/www.maisondeluxeprague.com\/ru\/wp-json\/wp\/v2\/product_tag?post=3184"}],"curies":[{"name":"wp","href":"https:\/\/api.w.org\/{rel}","templated":true}]}}