{"id":3151,"date":"2025-09-24T09:04:33","date_gmt":"2025-09-24T07:04:33","guid":{"rendered":"https:\/\/www.maisondeluxeprague.com\/?post_type=product&#038;p=3151"},"modified":"2026-04-04T17:22:57","modified_gmt":"2026-04-04T15:22:57","slug":"chanel-double-flap-small-2","status":"publish","type":"product","link":"https:\/\/www.maisondeluxeprague.com\/ru\/produkt\/chanel-double-flap-small-2\/","title":{"rendered":"Chanel Double Flap Small"},"content":{"rendered":"<p>Chanel Vintage Double Flap Small Beige<\/p>\n<p>Kabelka je po kompletn\u00ed renovaci t\u0159et\u00ed stranou<\/p>","protected":false},"excerpt":{"rendered":"<p>Chanel Vintage Double Flap Small Beige Kabelka je po kompletn\u00ed renovaci t\u0159et\u00ed stranou<\/p>","protected":false},"featured_media":3043,"template":"","meta":{"slim_seo":{"title":"Chanel Double Flap Small - Maison de Luxe Prague","description":"Chanel Vintage Double Flap Small Beige Kabelka je po kompletn\u00ed renovaci t\u0159et\u00ed stranou"}},"product_brand":[94],"product_cat":[159,40,499],"product_tag":[],"class_list":{"0":"post-3151","1":"product","2":"type-product","3":"status-publish","4":"has-post-thumbnail","6":"product_brand-chanel","7":"product_cat-damske","8":"product_cat-kabelky","9":"product_cat-slevy","11":"first","12":"outofstock","13":"sale","14":"taxable","15":"shipping-taxable","16":"purchasable","17":"product-type-simple"},"_links":{"self":[{"href":"https:\/\/www.maisondeluxeprague.com\/ru\/wp-json\/wp\/v2\/product\/3151","targetHints":{"allow":["GET"]}}],"collection":[{"href":"https:\/\/www.maisondeluxeprague.com\/ru\/wp-json\/wp\/v2\/product"}],"about":[{"href":"https:\/\/www.maisondeluxeprague.com\/ru\/wp-json\/wp\/v2\/types\/product"}],"wp:featuredmedia":[{"embeddable":true,"href":"https:\/\/www.maisondeluxeprague.com\/ru\/wp-json\/wp\/v2\/media\/3043"}],"wp:attachment":[{"href":"https:\/\/www.maisondeluxeprague.com\/ru\/wp-json\/wp\/v2\/media?parent=3151"}],"wp:term":[{"taxonomy":"product_brand","embeddable":true,"href":"https:\/\/www.maisondeluxeprague.com\/ru\/wp-json\/wp\/v2\/product_brand?post=3151"},{"taxonomy":"product_cat","embeddable":true,"href":"https:\/\/www.maisondeluxeprague.com\/ru\/wp-json\/wp\/v2\/product_cat?post=3151"},{"taxonomy":"product_tag","embeddable":true,"href":"https:\/\/www.maisondeluxeprague.com\/ru\/wp-json\/wp\/v2\/product_tag?post=3151"}],"curies":[{"name":"wp","href":"https:\/\/api.w.org\/{rel}","templated":true}]}}