{"id":3130,"date":"2025-09-23T23:33:27","date_gmt":"2025-09-23T21:33:27","guid":{"rendered":"https:\/\/www.maisondeluxeprague.com\/?post_type=product&#038;p=3130"},"modified":"2025-09-23T23:33:27","modified_gmt":"2025-09-23T21:33:27","slug":"dolce-gabbana-bryle","status":"publish","type":"product","link":"https:\/\/www.maisondeluxeprague.com\/ru\/produkt\/dolce-gabbana-bryle\/","title":{"rendered":"Dolce &amp; Gabbana Sunglasses"},"content":{"rendered":"<p>\u0421\u043e\u043b\u043d\u0446\u0435\u0437\u0430\u0449\u0438\u0442\u043d\u044b\u0435 \u043e\u0447\u043a\u0438 Dolce &amp; Gabbana \u0441 \u0434\u0435\u043a\u043e\u0440\u0430\u0442\u0438\u0432\u043d\u044b\u043c\u0438 \u043a\u0430\u043c\u043d\u044f\u043c\u0438<\/p>\n<p>\u041e\u0447\u043a\u0438 \u043a\u0430\u043a \u043d\u043e\u0432\u044b\u0435<\/p>","protected":false},"excerpt":{"rendered":"<p>Slune\u010dn\u00ed Br\u00fdle Dolce &amp; Gabbana s ozdobn\u00fdmi kam\u00ednky Br\u00fdle jsou jako nov\u00e9<\/p>","protected":false},"featured_media":2977,"template":"","meta":{"slim_seo":{"title":"Dolce & Gabbana Br\u00fdle - Maison de Luxe Prague","description":"Slune\u010dn\u00ed Br\u00fdle Dolce &amp; Gabbana s ozdobn\u00fdmi kam\u00ednky Br\u00fdle jsou jako nov\u00e9"}},"product_brand":[67],"product_cat":[159,160],"product_tag":[],"class_list":{"0":"post-3130","1":"product","2":"type-product","3":"status-publish","4":"has-post-thumbnail","6":"product_brand-dolce-gabbana","7":"product_cat-damske","8":"product_cat-slunecni-bryle","10":"first","11":"instock","12":"taxable","13":"shipping-taxable","14":"purchasable","15":"product-type-simple"},"_links":{"self":[{"href":"https:\/\/www.maisondeluxeprague.com\/ru\/wp-json\/wp\/v2\/product\/3130","targetHints":{"allow":["GET"]}}],"collection":[{"href":"https:\/\/www.maisondeluxeprague.com\/ru\/wp-json\/wp\/v2\/product"}],"about":[{"href":"https:\/\/www.maisondeluxeprague.com\/ru\/wp-json\/wp\/v2\/types\/product"}],"wp:featuredmedia":[{"embeddable":true,"href":"https:\/\/www.maisondeluxeprague.com\/ru\/wp-json\/wp\/v2\/media\/2977"}],"wp:attachment":[{"href":"https:\/\/www.maisondeluxeprague.com\/ru\/wp-json\/wp\/v2\/media?parent=3130"}],"wp:term":[{"taxonomy":"product_brand","embeddable":true,"href":"https:\/\/www.maisondeluxeprague.com\/ru\/wp-json\/wp\/v2\/product_brand?post=3130"},{"taxonomy":"product_cat","embeddable":true,"href":"https:\/\/www.maisondeluxeprague.com\/ru\/wp-json\/wp\/v2\/product_cat?post=3130"},{"taxonomy":"product_tag","embeddable":true,"href":"https:\/\/www.maisondeluxeprague.com\/ru\/wp-json\/wp\/v2\/product_tag?post=3130"}],"curies":[{"name":"wp","href":"https:\/\/api.w.org\/{rel}","templated":true}]}}