{"id":3084,"date":"2025-09-23T22:33:12","date_gmt":"2025-09-23T20:33:12","guid":{"rendered":"https:\/\/www.maisondeluxeprague.com\/?post_type=product&#038;p=3084"},"modified":"2025-09-23T22:33:30","modified_gmt":"2025-09-23T20:33:30","slug":"louis-vuitton-lockit","status":"publish","type":"product","link":"https:\/\/www.maisondeluxeprague.com\/ru\/produkt\/louis-vuitton-lockit\/","title":{"rendered":"Louis Vuitton Lockit"},"content":{"rendered":"<p>Louis Vuitton x Yayoi Kusama Lockit Monogram Black &amp; White Dots<\/p>\n<p>\u041b\u0438\u043c\u0438\u0442\u0438\u0440\u043e\u0432\u0430\u043d\u043d\u0430\u044f \u043a\u043e\u043b\u043b\u0435\u043a\u0446\u0438\u044f 2012 \u0433\u043e\u0434\u0430, \u0441\u043e\u0437\u0434\u0430\u043d\u043d\u0430\u044f \u044f\u043f\u043e\u043d\u0441\u043a\u0438\u043c \u0434\u0438\u0437\u0430\u0439\u043d\u0435\u0440\u043e\u043c \u042f\u0451\u0438 \u041a\u0443\u0441\u0430\u043c\u0430.<\/p>\n<p>\u041f\u0440\u043e\u0434\u0430\u0451\u0442\u0441\u044f \u0441 \u0431\u0438\u0440\u043a\u043e\u0439, \u0431\u0440\u0435\u043b\u043a\u043e\u043c, \u0434\u0432\u0443\u043c\u044f \u043a\u043b\u044e\u0447\u0430\u043c\u0438 \u0438 \u0437\u0430\u043c\u043a\u043e\u043c.<\/p>\n<p>\u041d\u0430 \u043b\u0430\u043a\u043e\u0432\u044b\u0445 \u0434\u0435\u0442\u0430\u043b\u044f\u0445 \u0435\u0441\u0442\u044c \u0441\u043b\u0435\u0434\u044b \u043f\u0435\u0440\u0435\u043d\u043e\u0441\u0430 \u0446\u0432\u0435\u0442\u0430, \u0430 \u0431\u0435\u043b\u044b\u0435 \u0442\u043e\u0447\u043a\u0438 \u0441\u043b\u0435\u0433\u043a\u0430 \u0438\u0437\u043c\u0435\u043d\u0438\u043b\u0438 \u043e\u0442\u0442\u0435\u043d\u043e\u043a \u043f\u043e\u0434 \u0432\u043e\u0437\u0434\u0435\u0439\u0441\u0442\u0432\u0438\u0435\u043c \u0441\u043e\u043b\u043d\u0446\u0430.<\/p>","protected":false},"excerpt":{"rendered":"<p>Louis Vuitton x Yayoi Kusama Lockit Monogram Black &amp; White Dots Jedn\u00e1 se o limitovanou kolekci z roku 2012 navr\u017eenou japonskou um\u011blkyn\u00ed Yayoi Kusama Kabelku prod\u00e1v\u00e1me v\u010detn\u011b jmenovky, pouzdra na kl\u00ed\u010dky, kl\u00ed\u010dk\u016f a z\u00e1me\u010dk\u016f. Na \u010d\u00e1sti z lakovan\u00e9 k\u016f\u017ee je m\u00edsty barevn\u00fd transfer a b\u00edl\u00e9 te\u010dky \u010dasem lehce ze\u017eloutly.<\/p>","protected":false},"featured_media":3072,"template":"","meta":{"slim_seo":{"title":"Louis Vuitton Lockit - Maison de Luxe Prague","description":"Louis Vuitton x Yayoi Kusama Lockit Monogram Black &amp; White Dots Jedn\u00e1 se o limitovanou kolekci z roku 2012 navr\u017eenou japonskou um\u011blkyn\u00ed Yayoi Kusama Kabelku"}},"product_brand":[77],"product_cat":[159,40],"product_tag":[],"class_list":{"0":"post-3084","1":"product","2":"type-product","3":"status-publish","4":"has-post-thumbnail","6":"product_brand-louis-vuitton","7":"product_cat-damske","8":"product_cat-kabelky","10":"first","11":"instock","12":"taxable","13":"shipping-taxable","14":"purchasable","15":"product-type-simple"},"_links":{"self":[{"href":"https:\/\/www.maisondeluxeprague.com\/ru\/wp-json\/wp\/v2\/product\/3084","targetHints":{"allow":["GET"]}}],"collection":[{"href":"https:\/\/www.maisondeluxeprague.com\/ru\/wp-json\/wp\/v2\/product"}],"about":[{"href":"https:\/\/www.maisondeluxeprague.com\/ru\/wp-json\/wp\/v2\/types\/product"}],"wp:featuredmedia":[{"embeddable":true,"href":"https:\/\/www.maisondeluxeprague.com\/ru\/wp-json\/wp\/v2\/media\/3072"}],"wp:attachment":[{"href":"https:\/\/www.maisondeluxeprague.com\/ru\/wp-json\/wp\/v2\/media?parent=3084"}],"wp:term":[{"taxonomy":"product_brand","embeddable":true,"href":"https:\/\/www.maisondeluxeprague.com\/ru\/wp-json\/wp\/v2\/product_brand?post=3084"},{"taxonomy":"product_cat","embeddable":true,"href":"https:\/\/www.maisondeluxeprague.com\/ru\/wp-json\/wp\/v2\/product_cat?post=3084"},{"taxonomy":"product_tag","embeddable":true,"href":"https:\/\/www.maisondeluxeprague.com\/ru\/wp-json\/wp\/v2\/product_tag?post=3084"}],"curies":[{"name":"wp","href":"https:\/\/api.w.org\/{rel}","templated":true}]}}