{"id":2943,"date":"2025-09-04T12:39:15","date_gmt":"2025-09-04T10:39:15","guid":{"rendered":"https:\/\/www.maisondeluxeprague.com\/?post_type=product&#038;p=2943"},"modified":"2025-10-08T23:54:32","modified_gmt":"2025-10-08T21:54:32","slug":"gucci-by-tom-ford","status":"publish","type":"product","link":"https:\/\/www.maisondeluxeprague.com\/ru\/produkt\/gucci-by-tom-ford\/","title":{"rendered":"Gucci By Tom Ford"},"content":{"rendered":"<p>F\/W 1996 GUCCI by Tom Ford Black Pony Hair Oversized Runway Shoulder Bag<\/p>\n<p>\u0423\u043d\u0438\u043a\u0430\u043b\u044c\u043d\u0430\u044f \u043a\u043e\u043b\u043b\u0435\u043a\u0446\u0438\u043e\u043d\u043d\u0430\u044f \u0441\u0443\u043c\u043a\u0430 Gucci \u0438\u0437 \u043b\u0438\u043d\u0438\u0438 Fall\/Winter 1996, \u0441\u043e\u0437\u0434\u0430\u043d\u043d\u043e\u0439 \u043a\u0443\u043b\u044c\u0442\u043e\u0432\u044b\u043c \u043a\u0440\u0435\u0430\u0442\u0438\u0432\u043d\u044b\u043c \u0434\u0438\u0440\u0435\u043a\u0442\u043e\u0440\u043e\u043c \u0422\u043e\u043c\u043e\u043c \u0424\u043e\u0440\u0434\u043e\u043c. \u042d\u0444\u0444\u0435\u043a\u0442\u043d\u044b\u0439 oversized tote \u0432\u044b\u043f\u043e\u043b\u043d\u0435\u043d \u0438\u0437 \u043d\u0430\u0442\u0443\u0440\u0430\u043b\u044c\u043d\u043e\u0439 \u043f\u043e\u043d\u0438-\u0448\u0435\u0440\u0441\u0442\u0438 \u0438 \u0443\u043a\u0440\u0430\u0448\u0435\u043d \u043c\u0430\u0441\u0441\u0438\u0432\u043d\u043e\u0439 \u0437\u043e\u043b\u043e\u0442\u0438\u0441\u0442\u043e\u0439 \u0440\u0443\u0447\u043a\u043e\u0439. \u0411\u043b\u0430\u0433\u043e\u0434\u0430\u0440\u044f \u0442\u0440\u0430\u043d\u0441\u0444\u043e\u0440\u043c\u0438\u0440\u0443\u0435\u043c\u043e\u043c\u0443 \u0434\u0438\u0437\u0430\u0439\u043d\u0443 \u0441\u0443\u043c\u043a\u0443 \u043c\u043e\u0436\u043d\u043e \u043d\u043e\u0441\u0438\u0442\u044c \u043d\u0430 \u043f\u043b\u0435\u0447\u0435 \u043b\u0438\u0431\u043e \u0441\u043b\u043e\u0436\u0438\u0442\u044c, \u043f\u0440\u0435\u0432\u0440\u0430\u0442\u0438\u0432 \u0432 \u0441\u0442\u0438\u043b\u044c\u043d\u044b\u0439 \u043a\u043b\u0430\u0442\u0447.<\/p>\n<p>\u0421\u043e\u0441\u0442\u043e\u044f\u043d\u0438\u0435: \u043b\u0451\u0433\u043a\u0438\u0435 \u0441\u043b\u0435\u0434\u044b \u043d\u043e\u0441\u043a\u0438 \u2013 \u043f\u043e\u0442\u0451\u0440\u0442\u044b\u0435 \u0443\u0433\u043e\u043b\u043a\u0438 \u0438 \u043f\u043e\u0432\u0435\u0440\u0445\u043d\u043e\u0441\u0442\u043d\u044b\u0435 \u0446\u0430\u0440\u0430\u043f\u0438\u043d\u044b \u043d\u0430 \u043c\u0435\u0442\u0430\u043b\u043b\u0438\u0447\u0435\u0441\u043a\u043e\u0439 \u0444\u0443\u0440\u043d\u0438\u0442\u0443\u0440\u0435.<\/p>","protected":false},"excerpt":{"rendered":"<p>F\/W 1996 GUCCI by Tom Ford Black Pony Hair Oversized Runway Shoulder Bag Jedn\u00e1 se o nev\u0161edn\u00ed kabelku zna\u010dky Gucci z kolekce Fall\/Winter 1996 pod veden\u00edm n\u00e1vrh\u00e1\u0159e Toma Forda. Tento oversized tote je vyroben ze srsti pon\u00edka a je dopln\u011bn v\u00fdrazn\u00fdm zlat\u00fdm \u00fachytem. Kabelku lze nosit na rameni, nebo ji p\u0159elo\u017eit a vytvo\u0159it tak clutch. [&hellip;]<\/p>\n","protected":false},"featured_media":2882,"template":"","meta":{"slim_seo":{"title":"Gucci By Tom Ford - Maison de Luxe Prague","description":"F\/W 1996 GUCCI by Tom Ford Black Pony Hair Oversized Runway Shoulder Bag Jedn\u00e1 se o nev\u0161edn\u00ed kabelku zna\u010dky Gucci z kolekce Fall\/Winter 1996 pod veden\u00edm n\u00e1vrh\u00e1\u0159"}},"product_brand":[152],"product_cat":[159,40],"product_tag":[],"class_list":{"0":"post-2943","1":"product","2":"type-product","3":"status-publish","4":"has-post-thumbnail","6":"product_brand-gucci","7":"product_cat-damske","8":"product_cat-kabelky","10":"first","11":"instock","12":"taxable","13":"shipping-taxable","14":"purchasable","15":"product-type-simple"},"_links":{"self":[{"href":"https:\/\/www.maisondeluxeprague.com\/ru\/wp-json\/wp\/v2\/product\/2943","targetHints":{"allow":["GET"]}}],"collection":[{"href":"https:\/\/www.maisondeluxeprague.com\/ru\/wp-json\/wp\/v2\/product"}],"about":[{"href":"https:\/\/www.maisondeluxeprague.com\/ru\/wp-json\/wp\/v2\/types\/product"}],"wp:featuredmedia":[{"embeddable":true,"href":"https:\/\/www.maisondeluxeprague.com\/ru\/wp-json\/wp\/v2\/media\/2882"}],"wp:attachment":[{"href":"https:\/\/www.maisondeluxeprague.com\/ru\/wp-json\/wp\/v2\/media?parent=2943"}],"wp:term":[{"taxonomy":"product_brand","embeddable":true,"href":"https:\/\/www.maisondeluxeprague.com\/ru\/wp-json\/wp\/v2\/product_brand?post=2943"},{"taxonomy":"product_cat","embeddable":true,"href":"https:\/\/www.maisondeluxeprague.com\/ru\/wp-json\/wp\/v2\/product_cat?post=2943"},{"taxonomy":"product_tag","embeddable":true,"href":"https:\/\/www.maisondeluxeprague.com\/ru\/wp-json\/wp\/v2\/product_tag?post=2943"}],"curies":[{"name":"wp","href":"https:\/\/api.w.org\/{rel}","templated":true}]}}