{"id":2940,"date":"2025-09-04T12:14:37","date_gmt":"2025-09-04T10:14:37","guid":{"rendered":"https:\/\/www.maisondeluxeprague.com\/?post_type=product&#038;p=2940"},"modified":"2025-09-04T12:14:37","modified_gmt":"2025-09-04T10:14:37","slug":"balenciaga-ledvinka","status":"publish","type":"product","link":"https:\/\/www.maisondeluxeprague.com\/ru\/produkt\/balenciaga-ledvinka\/","title":{"rendered":"Balenciaga Souvenir Waistbag"},"content":{"rendered":"<p>Balenciaga Souvenir Waistbag<\/p>\n<p>\u041e\u0442\u0441\u0443\u0442\u0441\u0442\u0432\u0443\u0435\u0442 \u043e\u0434\u0438\u043d \u043a\u0443\u043b\u043e\u043d.<\/p>","protected":false},"excerpt":{"rendered":"<p>Balenciaga Souvenir Waistbag Chyb\u00ed jeden p\u0159\u00edv\u011bsek<\/p>","protected":false},"featured_media":2832,"template":"","meta":{"slim_seo":{"title":"Balenciaga Ledvinka - Maison de Luxe Prague","description":"Balenciaga Souvenir Waistbag Chyb\u00ed jeden p\u0159\u00edv\u011bsek"}},"product_brand":[299],"product_cat":[159,40],"product_tag":[],"class_list":{"0":"post-2940","1":"product","2":"type-product","3":"status-publish","4":"has-post-thumbnail","6":"product_brand-balenciaga","7":"product_cat-damske","8":"product_cat-kabelky","10":"first","11":"instock","12":"taxable","13":"shipping-taxable","14":"purchasable","15":"product-type-simple"},"_links":{"self":[{"href":"https:\/\/www.maisondeluxeprague.com\/ru\/wp-json\/wp\/v2\/product\/2940","targetHints":{"allow":["GET"]}}],"collection":[{"href":"https:\/\/www.maisondeluxeprague.com\/ru\/wp-json\/wp\/v2\/product"}],"about":[{"href":"https:\/\/www.maisondeluxeprague.com\/ru\/wp-json\/wp\/v2\/types\/product"}],"wp:featuredmedia":[{"embeddable":true,"href":"https:\/\/www.maisondeluxeprague.com\/ru\/wp-json\/wp\/v2\/media\/2832"}],"wp:attachment":[{"href":"https:\/\/www.maisondeluxeprague.com\/ru\/wp-json\/wp\/v2\/media?parent=2940"}],"wp:term":[{"taxonomy":"product_brand","embeddable":true,"href":"https:\/\/www.maisondeluxeprague.com\/ru\/wp-json\/wp\/v2\/product_brand?post=2940"},{"taxonomy":"product_cat","embeddable":true,"href":"https:\/\/www.maisondeluxeprague.com\/ru\/wp-json\/wp\/v2\/product_cat?post=2940"},{"taxonomy":"product_tag","embeddable":true,"href":"https:\/\/www.maisondeluxeprague.com\/ru\/wp-json\/wp\/v2\/product_tag?post=2940"}],"curies":[{"name":"wp","href":"https:\/\/api.w.org\/{rel}","templated":true}]}}