{"id":2917,"date":"2025-09-03T23:07:08","date_gmt":"2025-09-03T21:07:08","guid":{"rendered":"https:\/\/www.maisondeluxeprague.com\/?post_type=product&#038;p=2917"},"modified":"2026-03-26T16:04:13","modified_gmt":"2026-03-26T15:04:13","slug":"chanel-red-tote-bag","status":"publish","type":"product","link":"https:\/\/www.maisondeluxeprague.com\/ru\/produkt\/chanel-red-tote-bag\/","title":{"rendered":"Chanel Red Tote Bag"},"content":{"rendered":"<p>Chanel Vintage Tote CC Chain Red Leather Bag<\/p>\n<p>\u0421\u0443\u043c\u043a\u0430 \u043f\u043e\u0441\u043b\u0435 \u0431\u0435\u0440\u0435\u0436\u043d\u043e\u0439 \u0440\u0435\u0441\u0442\u0430\u0432\u0440\u0430\u0446\u0438\u0438.<\/p>\n<p>\u0414\u0430\u0442\u0430\u043a\u043e\u0434 \u043e\u0442\u0441\u0443\u0442\u0441\u0442\u0432\u0443\u0435\u0442, \u043f\u043e\u044d\u0442\u043e\u043c\u0443 \u043c\u044b \u043f\u0440\u043e\u0434\u0430\u0451\u043c \u0441 \u0441\u0435\u0440\u0442\u0438\u0444\u0438\u043a\u0430\u0442\u043e\u043c \u043f\u043e\u0434\u043b\u0438\u043d\u043d\u043e\u0441\u0442\u0438 Entrupy.<\/p>","protected":false},"excerpt":{"rendered":"<p>Chanel Vintage Tote CC Chain Red Leather Bag Kabelka je po citliv\u00e9 renovaci. Datacode chyb\u00ed a proto prod\u00e1v\u00e1me v\u010detn\u011b Entrupy certifik\u00e1tu pravosti.<\/p>","protected":false},"featured_media":2878,"template":"","meta":{"slim_seo":{"title":"Chanel Red Tote Bag - Maison de Luxe Prague","description":"Chanel Vintage Tote CC Chain Red Leather Bag Kabelka je po citliv\u00e9 renovaci. Datacode chyb\u00ed a proto prod\u00e1v\u00e1me v\u010detn\u011b Entrupy certifik\u00e1tu pravosti."}},"product_brand":[94],"product_cat":[159,40,499],"product_tag":[],"class_list":{"0":"post-2917","1":"product","2":"type-product","3":"status-publish","4":"has-post-thumbnail","6":"product_brand-chanel","7":"product_cat-damske","8":"product_cat-kabelky","9":"product_cat-slevy","11":"first","12":"outofstock","13":"sale","14":"taxable","15":"shipping-taxable","16":"purchasable","17":"product-type-simple"},"_links":{"self":[{"href":"https:\/\/www.maisondeluxeprague.com\/ru\/wp-json\/wp\/v2\/product\/2917","targetHints":{"allow":["GET"]}}],"collection":[{"href":"https:\/\/www.maisondeluxeprague.com\/ru\/wp-json\/wp\/v2\/product"}],"about":[{"href":"https:\/\/www.maisondeluxeprague.com\/ru\/wp-json\/wp\/v2\/types\/product"}],"wp:featuredmedia":[{"embeddable":true,"href":"https:\/\/www.maisondeluxeprague.com\/ru\/wp-json\/wp\/v2\/media\/2878"}],"wp:attachment":[{"href":"https:\/\/www.maisondeluxeprague.com\/ru\/wp-json\/wp\/v2\/media?parent=2917"}],"wp:term":[{"taxonomy":"product_brand","embeddable":true,"href":"https:\/\/www.maisondeluxeprague.com\/ru\/wp-json\/wp\/v2\/product_brand?post=2917"},{"taxonomy":"product_cat","embeddable":true,"href":"https:\/\/www.maisondeluxeprague.com\/ru\/wp-json\/wp\/v2\/product_cat?post=2917"},{"taxonomy":"product_tag","embeddable":true,"href":"https:\/\/www.maisondeluxeprague.com\/ru\/wp-json\/wp\/v2\/product_tag?post=2917"}],"curies":[{"name":"wp","href":"https:\/\/api.w.org\/{rel}","templated":true}]}}