{"id":2912,"date":"2025-09-03T22:36:25","date_gmt":"2025-09-03T20:36:25","guid":{"rendered":"https:\/\/www.maisondeluxeprague.com\/?post_type=product&#038;p=2912"},"modified":"2026-04-15T18:25:16","modified_gmt":"2026-04-15T16:25:16","slug":"chanel-cc-vintage-bag","status":"publish","type":"product","link":"https:\/\/www.maisondeluxeprague.com\/ru\/produkt\/chanel-cc-vintage-bag\/","title":{"rendered":"Chanel CC Vintage Bag"},"content":{"rendered":"<p>Chanel Coco Vintage Caviar Leather Bag<\/p>\n<p>\u0423 \u0441\u0443\u043c\u043a\u0438 \u043e\u0442\u0441\u0443\u0442\u0441\u0442\u0432\u0443\u0435\u0442 \u0434\u0430\u0442\u0430\u043a\u043e\u0434, \u043f\u043e\u044d\u0442\u043e\u043c\u0443 \u043c\u044b \u043f\u0440\u043e\u0434\u0430\u0451\u043c \u0435\u0451 \u0441 \u0441\u0435\u0440\u0442\u0438\u0444\u0438\u043a\u0430\u0442\u043e\u043c \u043f\u043e\u0434\u043b\u0438\u043d\u043d\u043e\u0441\u0442\u0438 Entrupy.<\/p>","protected":false},"excerpt":{"rendered":"<p>Chanel Coco Vintage Caviar Leather Bag Kabelce chyb\u00ed datacode, proto prod\u00e1v\u00e1me v\u010detn\u011b Entrupy certifik\u00e1tu pravosti.<\/p>","protected":false},"featured_media":2864,"template":"","meta":{"slim_seo":{"title":"Chanel CC Vintage Bag - Maison de Luxe Prague","description":"Chanel Coco Vintage Caviar Leather Bag Kabelce chyb\u00ed datacode, proto prod\u00e1v\u00e1me v\u010detn\u011b Entrupy certifik\u00e1tu pravosti."}},"product_brand":[94],"product_cat":[159,40,499],"product_tag":[],"class_list":{"0":"post-2912","1":"product","2":"type-product","3":"status-publish","4":"has-post-thumbnail","6":"product_brand-chanel","7":"product_cat-damske","8":"product_cat-kabelky","9":"product_cat-slevy","11":"first","12":"outofstock","13":"sale","14":"taxable","15":"shipping-taxable","16":"purchasable","17":"product-type-simple"},"_links":{"self":[{"href":"https:\/\/www.maisondeluxeprague.com\/ru\/wp-json\/wp\/v2\/product\/2912","targetHints":{"allow":["GET"]}}],"collection":[{"href":"https:\/\/www.maisondeluxeprague.com\/ru\/wp-json\/wp\/v2\/product"}],"about":[{"href":"https:\/\/www.maisondeluxeprague.com\/ru\/wp-json\/wp\/v2\/types\/product"}],"wp:featuredmedia":[{"embeddable":true,"href":"https:\/\/www.maisondeluxeprague.com\/ru\/wp-json\/wp\/v2\/media\/2864"}],"wp:attachment":[{"href":"https:\/\/www.maisondeluxeprague.com\/ru\/wp-json\/wp\/v2\/media?parent=2912"}],"wp:term":[{"taxonomy":"product_brand","embeddable":true,"href":"https:\/\/www.maisondeluxeprague.com\/ru\/wp-json\/wp\/v2\/product_brand?post=2912"},{"taxonomy":"product_cat","embeddable":true,"href":"https:\/\/www.maisondeluxeprague.com\/ru\/wp-json\/wp\/v2\/product_cat?post=2912"},{"taxonomy":"product_tag","embeddable":true,"href":"https:\/\/www.maisondeluxeprague.com\/ru\/wp-json\/wp\/v2\/product_tag?post=2912"}],"curies":[{"name":"wp","href":"https:\/\/api.w.org\/{rel}","templated":true}]}}