{"id":2845,"date":"2025-09-03T22:22:59","date_gmt":"2025-09-03T20:22:59","guid":{"rendered":"https:\/\/www.maisondeluxeprague.com\/?post_type=product&#038;p=2845"},"modified":"2025-09-03T22:22:59","modified_gmt":"2025-09-03T20:22:59","slug":"aquazzura-bow-tie-pumps","status":"publish","type":"product","link":"https:\/\/www.maisondeluxeprague.com\/ru\/produkt\/aquazzura-bow-tie-pumps\/","title":{"rendered":"Aquazzura Bow Tie Pumps"},"content":{"rendered":"<p>Aquazzura Bow Tie Pumps 85 mm Beige Suede<\/p>\n<p>\u0422\u0443\u0444\u043b\u0438 \u043e\u0434\u0435\u0442\u044b \u043e\u0434\u0438\u043d \u0440\u0430\u0437 (\u0441\u043b\u0435\u0434\u044b \u043d\u043e\u0441\u043a\u0438 \u0432\u0438\u0434\u043d\u044b \u0442\u043e\u043b\u044c\u043a\u043e \u043d\u0430 \u043f\u043e\u0434\u043e\u0448\u0432\u0435, \u0432 \u043e\u0441\u0442\u0430\u043b\u044c\u043d\u043e\u043c \u043a\u0430\u043a \u043d\u043e\u0432\u044b\u0435).<\/p>","protected":false},"excerpt":{"rendered":"<p>Aquazzura Bow Tie Pumps 85 mm Beige Suede Boty jsou 1x no\u0161en\u00e9 (no\u0161en\u00ed je vid\u011bt pouze na podr\u00e1\u017ece, jinak jsou jako nov\u00e9)<\/p>","protected":false},"featured_media":2771,"template":"","meta":{"slim_seo":{"title":"Aquazzura Bow Tie Pumps - Maison de Luxe Prague","description":"Aquazzura Bow Tie Pumps 85 mm Beige Suede Boty jsou 1x no\u0161en\u00e9 (no\u0161en\u00ed je vid\u011bt pouze na podr\u00e1\u017ece, jinak jsou jako nov\u00e9)"}},"product_brand":[277],"product_cat":[159,41],"product_tag":[],"class_list":{"0":"post-2845","1":"product","2":"type-product","3":"status-publish","4":"has-post-thumbnail","6":"product_brand-aquazzura","7":"product_cat-damske","8":"product_cat-obuv","10":"first","11":"instock","12":"taxable","13":"shipping-taxable","14":"purchasable","15":"product-type-simple"},"_links":{"self":[{"href":"https:\/\/www.maisondeluxeprague.com\/ru\/wp-json\/wp\/v2\/product\/2845","targetHints":{"allow":["GET"]}}],"collection":[{"href":"https:\/\/www.maisondeluxeprague.com\/ru\/wp-json\/wp\/v2\/product"}],"about":[{"href":"https:\/\/www.maisondeluxeprague.com\/ru\/wp-json\/wp\/v2\/types\/product"}],"wp:featuredmedia":[{"embeddable":true,"href":"https:\/\/www.maisondeluxeprague.com\/ru\/wp-json\/wp\/v2\/media\/2771"}],"wp:attachment":[{"href":"https:\/\/www.maisondeluxeprague.com\/ru\/wp-json\/wp\/v2\/media?parent=2845"}],"wp:term":[{"taxonomy":"product_brand","embeddable":true,"href":"https:\/\/www.maisondeluxeprague.com\/ru\/wp-json\/wp\/v2\/product_brand?post=2845"},{"taxonomy":"product_cat","embeddable":true,"href":"https:\/\/www.maisondeluxeprague.com\/ru\/wp-json\/wp\/v2\/product_cat?post=2845"},{"taxonomy":"product_tag","embeddable":true,"href":"https:\/\/www.maisondeluxeprague.com\/ru\/wp-json\/wp\/v2\/product_tag?post=2845"}],"curies":[{"name":"wp","href":"https:\/\/api.w.org\/{rel}","templated":true}]}}