{"id":2739,"date":"2025-08-30T21:36:34","date_gmt":"2025-08-30T19:36:34","guid":{"rendered":"https:\/\/www.maisondeluxeprague.com\/?post_type=product&#038;p=2739"},"modified":"2025-08-30T21:36:34","modified_gmt":"2025-08-30T19:36:34","slug":"chanel-pasek","status":"publish","type":"product","link":"https:\/\/www.maisondeluxeprague.com\/ru\/produkt\/chanel-pasek\/","title":{"rendered":"Chanel Belt"},"content":{"rendered":"<p>\u0420\u0435\u043c\u0435\u043d\u044c \u0438\u043c\u0435\u0435\u0442 \u0434\u043e\u043f\u043e\u043b\u043d\u0438\u0442\u0435\u043b\u044c\u043d\u043e\u0435 \u043e\u0442\u0432\u0435\u0440\u0441\u0442\u0438\u0435.<\/p>\n<p>\u041e\u0442\u0432\u0435\u0440\u0441\u0442\u0438\u044f \u0440\u0430\u0441\u0441\u0447\u0438\u0442\u0430\u043d\u044b \u043d\u0430 \u0434\u043b\u0438\u043d\u0443 \u043e\u0442 68 \u0434\u043e 80 \u0441\u043c.<\/p>","protected":false},"excerpt":{"rendered":"<p>P\u00e1sek m\u00e1 ud\u011blanou d\u00edrku nav\u00edc. D\u00edrky jsou v d\u00e9lce 68 cm a\u017e 80 cm.<\/p>","protected":false},"featured_media":2571,"template":"","meta":{"slim_seo":{"title":"Chanel P\u00e1sek - Maison de Luxe Prague","description":"P\u00e1sek m\u00e1 ud\u011blanou d\u00edrku nav\u00edc. D\u00edrky jsou v d\u00e9lce 68 cm a\u017e 80 cm."}},"product_brand":[94],"product_cat":[159,239],"product_tag":[],"class_list":{"0":"post-2739","1":"product","2":"type-product","3":"status-publish","4":"has-post-thumbnail","6":"product_brand-chanel","7":"product_cat-damske","8":"product_cat-pasky-damske","10":"first","11":"instock","12":"taxable","13":"shipping-taxable","14":"purchasable","15":"product-type-simple"},"_links":{"self":[{"href":"https:\/\/www.maisondeluxeprague.com\/ru\/wp-json\/wp\/v2\/product\/2739","targetHints":{"allow":["GET"]}}],"collection":[{"href":"https:\/\/www.maisondeluxeprague.com\/ru\/wp-json\/wp\/v2\/product"}],"about":[{"href":"https:\/\/www.maisondeluxeprague.com\/ru\/wp-json\/wp\/v2\/types\/product"}],"wp:featuredmedia":[{"embeddable":true,"href":"https:\/\/www.maisondeluxeprague.com\/ru\/wp-json\/wp\/v2\/media\/2571"}],"wp:attachment":[{"href":"https:\/\/www.maisondeluxeprague.com\/ru\/wp-json\/wp\/v2\/media?parent=2739"}],"wp:term":[{"taxonomy":"product_brand","embeddable":true,"href":"https:\/\/www.maisondeluxeprague.com\/ru\/wp-json\/wp\/v2\/product_brand?post=2739"},{"taxonomy":"product_cat","embeddable":true,"href":"https:\/\/www.maisondeluxeprague.com\/ru\/wp-json\/wp\/v2\/product_cat?post=2739"},{"taxonomy":"product_tag","embeddable":true,"href":"https:\/\/www.maisondeluxeprague.com\/ru\/wp-json\/wp\/v2\/product_tag?post=2739"}],"curies":[{"name":"wp","href":"https:\/\/api.w.org\/{rel}","templated":true}]}}