{"id":2691,"date":"2025-08-22T01:22:39","date_gmt":"2025-08-21T23:22:39","guid":{"rendered":"https:\/\/www.maisondeluxeprague.com\/?post_type=product&#038;p=2691"},"modified":"2025-08-22T01:22:39","modified_gmt":"2025-08-21T23:22:39","slug":"dolce-gabbana-sandalky","status":"publish","type":"product","link":"https:\/\/www.maisondeluxeprague.com\/ru\/produkt\/dolce-gabbana-sandalky\/","title":{"rendered":"C\u0430\u043d\u0434\u0430\u043b\u0438\u0438 Dolce &amp; Gabbana"},"content":{"rendered":"<p>\u0414\u0435\u0442\u0441\u043a\u0438\u0435 \u0441\u0430\u043d\u0434\u0430\u043b\u0438\u0438 \u043d\u0430 \u043f\u043b\u0430\u0442\u0444\u043e\u0440\u043c\u0435 Dolce &amp; Gabbana<\/p>\n<p>\u0418\u043c\u0435\u044e\u0442 \u0441\u043b\u0435\u0433\u043a\u0430 \u043e\u0441\u043b\u0430\u0431\u043b\u0435\u043d\u043d\u044b\u0435 \u0440\u0435\u0437\u0438\u043d\u043a\u0438 \u043d\u0430 \u0437\u0430\u0441\u0442\u0451\u0436\u043a\u0430\u0445.<\/p>","protected":false},"excerpt":{"rendered":"<p>D\u00edv\u010d\u00ed sand\u00e1lky na platform\u011b Dolce &amp; Gabbana Maj\u00ed lehce uvoln\u011bn\u00e9 gumi\u010dky u zap\u00edn\u00e1n\u00ed<\/p>","protected":false},"featured_media":2566,"template":"","meta":{"slim_seo":{"title":"Dolce & Gabbana Sand\u00e1lky - Maison de Luxe Prague","description":"D\u00edv\u010d\u00ed sand\u00e1lky na platform\u011b Dolce &amp; Gabbana Maj\u00ed lehce uvoln\u011bn\u00e9 gumi\u010dky u zap\u00edn\u00e1n\u00ed"}},"product_brand":[67],"product_cat":[250],"product_tag":[],"class_list":{"0":"post-2691","1":"product","2":"type-product","3":"status-publish","4":"has-post-thumbnail","6":"product_brand-dolce-gabbana","7":"product_cat-detske","9":"first","10":"instock","11":"taxable","12":"shipping-taxable","13":"purchasable","14":"product-type-simple"},"_links":{"self":[{"href":"https:\/\/www.maisondeluxeprague.com\/ru\/wp-json\/wp\/v2\/product\/2691","targetHints":{"allow":["GET"]}}],"collection":[{"href":"https:\/\/www.maisondeluxeprague.com\/ru\/wp-json\/wp\/v2\/product"}],"about":[{"href":"https:\/\/www.maisondeluxeprague.com\/ru\/wp-json\/wp\/v2\/types\/product"}],"wp:featuredmedia":[{"embeddable":true,"href":"https:\/\/www.maisondeluxeprague.com\/ru\/wp-json\/wp\/v2\/media\/2566"}],"wp:attachment":[{"href":"https:\/\/www.maisondeluxeprague.com\/ru\/wp-json\/wp\/v2\/media?parent=2691"}],"wp:term":[{"taxonomy":"product_brand","embeddable":true,"href":"https:\/\/www.maisondeluxeprague.com\/ru\/wp-json\/wp\/v2\/product_brand?post=2691"},{"taxonomy":"product_cat","embeddable":true,"href":"https:\/\/www.maisondeluxeprague.com\/ru\/wp-json\/wp\/v2\/product_cat?post=2691"},{"taxonomy":"product_tag","embeddable":true,"href":"https:\/\/www.maisondeluxeprague.com\/ru\/wp-json\/wp\/v2\/product_tag?post=2691"}],"curies":[{"name":"wp","href":"https:\/\/api.w.org\/{rel}","templated":true}]}}