{"id":2689,"date":"2025-08-22T01:14:19","date_gmt":"2025-08-21T23:14:19","guid":{"rendered":"https:\/\/www.maisondeluxeprague.com\/?post_type=product&#038;p=2689"},"modified":"2026-02-28T11:32:18","modified_gmt":"2026-02-28T10:32:18","slug":"dolce-gabbana-sicily","status":"publish","type":"product","link":"https:\/\/www.maisondeluxeprague.com\/ru\/produkt\/dolce-gabbana-sicily\/","title":{"rendered":"Dolce &amp; Gabbana Sicily"},"content":{"rendered":"<p>Dolce &amp; Gabbana Sicily Large Fuchsia Leather Bag<\/p>\n<p>\u0421\u0443\u043c\u043a\u0430 \u043f\u0440\u043e\u0448\u043b\u0430 \u0431\u0435\u0440\u0435\u0436\u043d\u0443\u044e \u0440\u0435\u0441\u0442\u0430\u0432\u0440\u0430\u0446\u0438\u044e, \u043e\u0434\u043d\u0430\u043a\u043e \u043d\u0430 \u043f\u043e\u0434\u043a\u043b\u0430\u0434\u043a\u0435 \u0438\u043c\u0435\u0435\u0442\u0441\u044f \u043f\u044f\u0442\u043d\u043e \u043e\u0442 \u043a\u0440\u0430\u0441\u043a\u0438.<\/p>","protected":false},"excerpt":{"rendered":"<p>Dolce &amp; Gabbana Sicily Large Fuchsia Leather Bag Kabelka je po citliv\u00e9 renovaci, bohu\u017eel m\u00e1 na pod\u0161\u00edvce flek od barvy.<\/p>","protected":false},"featured_media":2608,"template":"","meta":{"slim_seo":{"title":"Dolce & Gabbana Sicily - Maison de Luxe Prague","description":"Dolce &amp; Gabbana Sicily Large Fuchsia Leather Bag Kabelka je po citliv\u00e9 renovaci, bohu\u017eel m\u00e1 na pod\u0161\u00edvce flek od barvy."}},"product_brand":[67],"product_cat":[159,40,499],"product_tag":[],"class_list":{"0":"post-2689","1":"product","2":"type-product","3":"status-publish","4":"has-post-thumbnail","6":"product_brand-dolce-gabbana","7":"product_cat-damske","8":"product_cat-kabelky","9":"product_cat-slevy","11":"first","12":"instock","13":"sale","14":"taxable","15":"shipping-taxable","16":"purchasable","17":"product-type-simple"},"_links":{"self":[{"href":"https:\/\/www.maisondeluxeprague.com\/ru\/wp-json\/wp\/v2\/product\/2689","targetHints":{"allow":["GET"]}}],"collection":[{"href":"https:\/\/www.maisondeluxeprague.com\/ru\/wp-json\/wp\/v2\/product"}],"about":[{"href":"https:\/\/www.maisondeluxeprague.com\/ru\/wp-json\/wp\/v2\/types\/product"}],"wp:featuredmedia":[{"embeddable":true,"href":"https:\/\/www.maisondeluxeprague.com\/ru\/wp-json\/wp\/v2\/media\/2608"}],"wp:attachment":[{"href":"https:\/\/www.maisondeluxeprague.com\/ru\/wp-json\/wp\/v2\/media?parent=2689"}],"wp:term":[{"taxonomy":"product_brand","embeddable":true,"href":"https:\/\/www.maisondeluxeprague.com\/ru\/wp-json\/wp\/v2\/product_brand?post=2689"},{"taxonomy":"product_cat","embeddable":true,"href":"https:\/\/www.maisondeluxeprague.com\/ru\/wp-json\/wp\/v2\/product_cat?post=2689"},{"taxonomy":"product_tag","embeddable":true,"href":"https:\/\/www.maisondeluxeprague.com\/ru\/wp-json\/wp\/v2\/product_tag?post=2689"}],"curies":[{"name":"wp","href":"https:\/\/api.w.org\/{rel}","templated":true}]}}