{"id":2688,"date":"2025-08-22T01:10:00","date_gmt":"2025-08-21T23:10:00","guid":{"rendered":"https:\/\/www.maisondeluxeprague.com\/?post_type=product&#038;p=2688"},"modified":"2026-04-01T17:47:53","modified_gmt":"2026-04-01T15:47:53","slug":"louis-vuitton-honfleur","status":"publish","type":"product","link":"https:\/\/www.maisondeluxeprague.com\/ru\/produkt\/louis-vuitton-honfleur\/","title":{"rendered":"Louis Vuitton Honfleur"},"content":{"rendered":"<p>Louis Vuitton Honfleur Black Epi Leather Bag<\/p>\n<p>\u0421\u0443\u043c\u043a\u0443 \u043c\u043e\u0436\u043d\u043e \u043d\u043e\u0441\u0438\u0442\u044c \u043a\u0430\u043a \u043a\u043b\u0430\u0442\u0447, \u043f\u043e\u044f\u0441\u043d\u0443\u044e \u0438\u043b\u0438 \u043d\u0430 \u043f\u043b\u0435\u0447\u0435.<\/p>\n<p>\u0418\u043c\u0435\u0435\u0442 \u0443\u0434\u043e\u0431\u043d\u044b\u0435 \u043e\u0442\u0434\u0435\u043b\u0435\u043d\u0438\u044f \u0434\u043b\u044f \u043a\u0430\u0440\u0442.<\/p>\n<p>&nbsp;<\/p>","protected":false},"excerpt":{"rendered":"<p>Louis Vuitton Honfleur Black Epi Leather Bag Kabelku lze nosit jako psan\u00ed\u010dko, ledvinku i na rameni. M\u00e1 praktick\u00e9 p\u0159ihr\u00e1dky na karty. &nbsp;<\/p>","protected":false},"featured_media":2625,"template":"","meta":{"slim_seo":{"title":"Louis Vuitton Honfleur - Maison de Luxe Prague","description":"Louis Vuitton Honfleur Black Epi Leather Bag Kabelku lze nosit jako psan\u00ed\u010dko, ledvinku i na rameni. M\u00e1 praktick\u00e9 p\u0159ihr\u00e1dky na karty. &nbsp;"}},"product_brand":[77],"product_cat":[159,40,157,499],"product_tag":[],"class_list":{"0":"post-2688","1":"product","2":"type-product","3":"status-publish","4":"has-post-thumbnail","6":"product_brand-louis-vuitton","7":"product_cat-damske","8":"product_cat-kabelky","9":"product_cat-penezenky","10":"product_cat-slevy","12":"first","13":"outofstock","14":"sale","15":"taxable","16":"shipping-taxable","17":"purchasable","18":"product-type-simple"},"_links":{"self":[{"href":"https:\/\/www.maisondeluxeprague.com\/ru\/wp-json\/wp\/v2\/product\/2688","targetHints":{"allow":["GET"]}}],"collection":[{"href":"https:\/\/www.maisondeluxeprague.com\/ru\/wp-json\/wp\/v2\/product"}],"about":[{"href":"https:\/\/www.maisondeluxeprague.com\/ru\/wp-json\/wp\/v2\/types\/product"}],"wp:featuredmedia":[{"embeddable":true,"href":"https:\/\/www.maisondeluxeprague.com\/ru\/wp-json\/wp\/v2\/media\/2625"}],"wp:attachment":[{"href":"https:\/\/www.maisondeluxeprague.com\/ru\/wp-json\/wp\/v2\/media?parent=2688"}],"wp:term":[{"taxonomy":"product_brand","embeddable":true,"href":"https:\/\/www.maisondeluxeprague.com\/ru\/wp-json\/wp\/v2\/product_brand?post=2688"},{"taxonomy":"product_cat","embeddable":true,"href":"https:\/\/www.maisondeluxeprague.com\/ru\/wp-json\/wp\/v2\/product_cat?post=2688"},{"taxonomy":"product_tag","embeddable":true,"href":"https:\/\/www.maisondeluxeprague.com\/ru\/wp-json\/wp\/v2\/product_tag?post=2688"}],"curies":[{"name":"wp","href":"https:\/\/api.w.org\/{rel}","templated":true}]}}