{"id":2393,"date":"2025-08-05T11:22:03","date_gmt":"2025-08-05T09:22:03","guid":{"rendered":"https:\/\/www.maisondeluxeprague.com\/?post_type=product&#038;p=2393"},"modified":"2025-09-13T22:53:42","modified_gmt":"2025-09-13T20:53:42","slug":"slunecni-bryle-ines-de-la-fressange","status":"publish","type":"product","link":"https:\/\/www.maisondeluxeprague.com\/ru\/produkt\/slunecni-bryle-ines-de-la-fressange\/","title":{"rendered":"C\u043e\u043b\u043d\u0446\u0435\u0437\u0430\u0449\u0438\u0442\u043d\u044b\u0435 \u043e\u0447\u043a\u0438 Ines de la Fressange"},"content":{"rendered":"<p>\u0411\u0440\u043e\u043d\u0437\u043e\u0432\u044b\u0435 \u0441\u043e\u043b\u043d\u0446\u0435\u0437\u0430\u0449\u0438\u0442\u043d\u044b\u0435 \u043e\u0447\u043a\u0438 Ines de la Fressange<\/p>","protected":false},"excerpt":{"rendered":"<p>\u0411\u0440\u043e\u043d\u0437\u043e\u0432\u044b\u0435 \u0441\u043e\u043b\u043d\u0446\u0435\u0437\u0430\u0449\u0438\u0442\u043d\u044b\u0435 \u043e\u0447\u043a\u0438 Ines de la Fressange<\/p>","protected":false},"featured_media":2211,"template":"","meta":{"slim_seo":{"title":"Slune\u010dn\u00ed br\u00fdle Ines de La Fressange - Maison de Luxe Prague","description":"\u0411\u0440\u043e\u043d\u0437\u043e\u0432\u044b\u0435 \u0441\u043e\u043b\u043d\u0446\u0435\u0437\u0430\u0449\u0438\u0442\u043d\u044b\u0435 \u043e\u0447\u043a\u0438 Ines de la Fressange"}},"product_brand":[218],"product_cat":[159,160],"product_tag":[],"class_list":{"0":"post-2393","1":"product","2":"type-product","3":"status-publish","4":"has-post-thumbnail","6":"product_brand-ines-de-la-fressange","7":"product_cat-damske","8":"product_cat-slunecni-bryle","10":"first","11":"instock","12":"taxable","13":"shipping-taxable","14":"purchasable","15":"product-type-simple"},"_links":{"self":[{"href":"https:\/\/www.maisondeluxeprague.com\/ru\/wp-json\/wp\/v2\/product\/2393","targetHints":{"allow":["GET"]}}],"collection":[{"href":"https:\/\/www.maisondeluxeprague.com\/ru\/wp-json\/wp\/v2\/product"}],"about":[{"href":"https:\/\/www.maisondeluxeprague.com\/ru\/wp-json\/wp\/v2\/types\/product"}],"wp:featuredmedia":[{"embeddable":true,"href":"https:\/\/www.maisondeluxeprague.com\/ru\/wp-json\/wp\/v2\/media\/2211"}],"wp:attachment":[{"href":"https:\/\/www.maisondeluxeprague.com\/ru\/wp-json\/wp\/v2\/media?parent=2393"}],"wp:term":[{"taxonomy":"product_brand","embeddable":true,"href":"https:\/\/www.maisondeluxeprague.com\/ru\/wp-json\/wp\/v2\/product_brand?post=2393"},{"taxonomy":"product_cat","embeddable":true,"href":"https:\/\/www.maisondeluxeprague.com\/ru\/wp-json\/wp\/v2\/product_cat?post=2393"},{"taxonomy":"product_tag","embeddable":true,"href":"https:\/\/www.maisondeluxeprague.com\/ru\/wp-json\/wp\/v2\/product_tag?post=2393"}],"curies":[{"name":"wp","href":"https:\/\/api.w.org\/{rel}","templated":true}]}}