{"id":2374,"date":"2025-08-04T23:45:26","date_gmt":"2025-08-04T21:45:26","guid":{"rendered":"https:\/\/www.maisondeluxeprague.com\/?post_type=product&#038;p=2374"},"modified":"2026-03-18T23:17:49","modified_gmt":"2026-03-18T22:17:49","slug":"dior-d-dior-bag","status":"publish","type":"product","link":"https:\/\/www.maisondeluxeprague.com\/ru\/produkt\/dior-d-dior-bag\/","title":{"rendered":"Dior D-Dior Bag"},"content":{"rendered":"<p>Dior x Shawn Stussy D-Dior Leather Small Tote Bag<\/p>\n<p>\u042d\u0442\u043e \u043b\u0438\u043c\u0438\u0442\u0438\u0440\u043e\u0432\u0430\u043d\u043d\u0430\u044f \u043a\u043e\u043b\u043b\u0435\u043a\u0446\u0438\u044f.<\/p>\n<p>\u0421\u0443\u043c\u043a\u0430 \u043f\u043e\u0441\u043b\u0435 \u0431\u0435\u0440\u0435\u0436\u043d\u043e\u0439 \u0440\u0435\u0441\u0442\u0430\u0432\u0440\u0430\u0446\u0438\u0438.<\/p>\n<p>\u0412\u043d\u0443\u0442\u0440\u0438 \u0435\u0441\u0442\u044c \u043a\u0440\u0435\u043f\u043b\u0435\u043d\u0438\u044f: \u0434\u043e\u0441\u0442\u0430\u0442\u043e\u0447\u043d\u043e \u0434\u043e\u0431\u0430\u0432\u0438\u0442\u044c \u0440\u0435\u043c\u0435\u043d\u044c, \u0438 \u0441\u0443\u043c\u043a\u0443 \u043c\u043e\u0436\u043d\u043e \u043d\u043e\u0441\u0438\u0442\u044c \u043a\u0430\u043a \u043a\u0440\u043e\u0441\u0441\u0431\u043e\u0434\u0438.<\/p>","protected":false},"excerpt":{"rendered":"<p>Dior x Shawn Stussy D-Dior Leather Small Tote Bag Jedn\u00e1 se o limitovanou kolekci. Kabelka je po citliv\u00e9 renovaci. V interi\u00e9ru jsou poutka, sta\u010d\u00ed p\u0159idat popruh a kabelku lze nosit i jako crossbody.<\/p>","protected":false},"featured_media":2251,"template":"","meta":{"slim_seo":{"title":"Dior D-Dior Bag - Maison de Luxe Prague","description":"Dior x Shawn Stussy D-Dior Leather Small Tote Bag Jedn\u00e1 se o limitovanou kolekci. Kabelka je po citliv\u00e9 renovaci. V interi\u00e9ru jsou poutka, sta\u010d\u00ed p\u0159idat popruh a"}},"product_brand":[125],"product_cat":[159,161,40,158,499],"product_tag":[],"class_list":{"0":"post-2374","1":"product","2":"type-product","3":"status-publish","4":"has-post-thumbnail","6":"product_brand-christian-dior","7":"product_cat-damske","8":"product_cat-kabelky-panske","9":"product_cat-kabelky","10":"product_cat-panske","11":"product_cat-slevy","13":"first","14":"instock","15":"sale","16":"taxable","17":"shipping-taxable","18":"purchasable","19":"product-type-simple"},"_links":{"self":[{"href":"https:\/\/www.maisondeluxeprague.com\/ru\/wp-json\/wp\/v2\/product\/2374","targetHints":{"allow":["GET"]}}],"collection":[{"href":"https:\/\/www.maisondeluxeprague.com\/ru\/wp-json\/wp\/v2\/product"}],"about":[{"href":"https:\/\/www.maisondeluxeprague.com\/ru\/wp-json\/wp\/v2\/types\/product"}],"wp:featuredmedia":[{"embeddable":true,"href":"https:\/\/www.maisondeluxeprague.com\/ru\/wp-json\/wp\/v2\/media\/2251"}],"wp:attachment":[{"href":"https:\/\/www.maisondeluxeprague.com\/ru\/wp-json\/wp\/v2\/media?parent=2374"}],"wp:term":[{"taxonomy":"product_brand","embeddable":true,"href":"https:\/\/www.maisondeluxeprague.com\/ru\/wp-json\/wp\/v2\/product_brand?post=2374"},{"taxonomy":"product_cat","embeddable":true,"href":"https:\/\/www.maisondeluxeprague.com\/ru\/wp-json\/wp\/v2\/product_cat?post=2374"},{"taxonomy":"product_tag","embeddable":true,"href":"https:\/\/www.maisondeluxeprague.com\/ru\/wp-json\/wp\/v2\/product_tag?post=2374"}],"curies":[{"name":"wp","href":"https:\/\/api.w.org\/{rel}","templated":true}]}}