{"id":1624,"date":"2025-07-22T23:38:02","date_gmt":"2025-07-22T21:38:02","guid":{"rendered":"https:\/\/www.maisondeluxeprague.com\/?post_type=product&#038;p=1624"},"modified":"2026-02-28T11:42:45","modified_gmt":"2026-02-28T10:42:45","slug":"louis-vuitton-pm-turquoise-mettalic-reef-patent-basket","status":"publish","type":"product","link":"https:\/\/www.maisondeluxeprague.com\/ru\/produkt\/louis-vuitton-pm-turquoise-mettalic-reef-patent-basket\/","title":{"rendered":"Louis Vuitton PM Basket"},"content":{"rendered":"<p>Louis Vuitton PM Turquoise Mettalic Reef Patent Basket<\/p>\n<p>\u041a\u043e\u043b\u043b\u0435\u043a\u0446\u0438\u044f Jelly Line Cruise 2012 \u043e\u0442 Marc Jacobs.<\/p>\n<p>\u0412\u043d\u0443\u0442\u0440\u0435\u043d\u043d\u0438\u0439 \u043c\u0435\u0448\u043e\u043a \u043c\u043e\u0436\u043d\u043e \u0432\u044b\u043d\u0443\u0442\u044c \u0438 \u043d\u043e\u0441\u0438\u0442\u044c \u043e\u0442\u0434\u0435\u043b\u044c\u043d\u043e.<\/p>\n<p>&nbsp;<\/p>","protected":false},"excerpt":{"rendered":"<p>Louis Vuitton PM Turquoise Mettalic Reef Patent Basket Jelly Line Cruise Collection 2012 by Marc Jacobs Vnit\u0159n\u00ed vak lze vyjmout a nosit zvl\u00e1\u0161\u0165 &nbsp;<\/p>","protected":false},"featured_media":1396,"template":"","meta":{"slim_seo":{"title":"Louis Vuitton PM Basket - Maison de Luxe Prague","description":"Louis Vuitton PM Turquoise Mettalic Reef Patent Basket Jelly Line Cruise Collection 2012 by Marc Jacobs Vnit\u0159n\u00ed vak lze vyjmout a nosit zvl\u00e1\u0161\u0165 &nbsp;"}},"product_brand":[77],"product_cat":[159,40,499],"product_tag":[],"class_list":{"0":"post-1624","1":"product","2":"type-product","3":"status-publish","4":"has-post-thumbnail","6":"product_brand-louis-vuitton","7":"product_cat-damske","8":"product_cat-kabelky","9":"product_cat-slevy","11":"first","12":"instock","13":"sale","14":"taxable","15":"shipping-taxable","16":"purchasable","17":"product-type-simple"},"_links":{"self":[{"href":"https:\/\/www.maisondeluxeprague.com\/ru\/wp-json\/wp\/v2\/product\/1624","targetHints":{"allow":["GET"]}}],"collection":[{"href":"https:\/\/www.maisondeluxeprague.com\/ru\/wp-json\/wp\/v2\/product"}],"about":[{"href":"https:\/\/www.maisondeluxeprague.com\/ru\/wp-json\/wp\/v2\/types\/product"}],"wp:featuredmedia":[{"embeddable":true,"href":"https:\/\/www.maisondeluxeprague.com\/ru\/wp-json\/wp\/v2\/media\/1396"}],"wp:attachment":[{"href":"https:\/\/www.maisondeluxeprague.com\/ru\/wp-json\/wp\/v2\/media?parent=1624"}],"wp:term":[{"taxonomy":"product_brand","embeddable":true,"href":"https:\/\/www.maisondeluxeprague.com\/ru\/wp-json\/wp\/v2\/product_brand?post=1624"},{"taxonomy":"product_cat","embeddable":true,"href":"https:\/\/www.maisondeluxeprague.com\/ru\/wp-json\/wp\/v2\/product_cat?post=1624"},{"taxonomy":"product_tag","embeddable":true,"href":"https:\/\/www.maisondeluxeprague.com\/ru\/wp-json\/wp\/v2\/product_tag?post=1624"}],"curies":[{"name":"wp","href":"https:\/\/api.w.org\/{rel}","templated":true}]}}