{"id":1611,"date":"2025-07-22T22:11:03","date_gmt":"2025-07-22T20:11:03","guid":{"rendered":"https:\/\/www.maisondeluxeprague.com\/?post_type=product&#038;p=1611"},"modified":"2026-03-20T09:31:29","modified_gmt":"2026-03-20T08:31:29","slug":"louis-vuitton-alma-bb-vernis-noir","status":"publish","type":"product","link":"https:\/\/www.maisondeluxeprague.com\/ru\/produkt\/louis-vuitton-alma-bb-vernis-noir\/","title":{"rendered":"Louis Vuitton Alma BB"},"content":{"rendered":"<p>Louis Vuitton Alma BB Vernis Noir<\/p>\n<p>Kabelka pro\u0161la zm\u011bnou barvy.<\/p>\n<p>Prod\u00e1v\u00e1 se v\u010detn\u011b popruhu, z\u00e1me\u010dku a kl\u00ed\u010dk\u016f<\/p>","protected":false},"excerpt":{"rendered":"<p>Louis Vuitton Alma BB Vernis Noir Kabelka pro\u0161la zm\u011bnou barvy. Prod\u00e1v\u00e1 se v\u010detn\u011b popruhu, z\u00e1me\u010dku a kl\u00ed\u010dk\u016f<\/p>","protected":false},"featured_media":1390,"template":"","meta":{"slim_seo":{"title":"Louis Vuitton Alma BB - Maison de Luxe Prague","description":"Louis Vuitton Alma BB Vernis Noir Kabelka pro\u0161la zm\u011bnou barvy. Prod\u00e1v\u00e1 se v\u010detn\u011b popruhu, z\u00e1me\u010dku a kl\u00ed\u010dk\u016f"}},"product_brand":[77],"product_cat":[159,40,499],"product_tag":[],"class_list":{"0":"post-1611","1":"product","2":"type-product","3":"status-publish","4":"has-post-thumbnail","6":"product_brand-louis-vuitton","7":"product_cat-damske","8":"product_cat-kabelky","9":"product_cat-slevy","11":"first","12":"outofstock","13":"sale","14":"taxable","15":"shipping-taxable","16":"purchasable","17":"product-type-simple"},"_links":{"self":[{"href":"https:\/\/www.maisondeluxeprague.com\/ru\/wp-json\/wp\/v2\/product\/1611","targetHints":{"allow":["GET"]}}],"collection":[{"href":"https:\/\/www.maisondeluxeprague.com\/ru\/wp-json\/wp\/v2\/product"}],"about":[{"href":"https:\/\/www.maisondeluxeprague.com\/ru\/wp-json\/wp\/v2\/types\/product"}],"wp:featuredmedia":[{"embeddable":true,"href":"https:\/\/www.maisondeluxeprague.com\/ru\/wp-json\/wp\/v2\/media\/1390"}],"wp:attachment":[{"href":"https:\/\/www.maisondeluxeprague.com\/ru\/wp-json\/wp\/v2\/media?parent=1611"}],"wp:term":[{"taxonomy":"product_brand","embeddable":true,"href":"https:\/\/www.maisondeluxeprague.com\/ru\/wp-json\/wp\/v2\/product_brand?post=1611"},{"taxonomy":"product_cat","embeddable":true,"href":"https:\/\/www.maisondeluxeprague.com\/ru\/wp-json\/wp\/v2\/product_cat?post=1611"},{"taxonomy":"product_tag","embeddable":true,"href":"https:\/\/www.maisondeluxeprague.com\/ru\/wp-json\/wp\/v2\/product_tag?post=1611"}],"curies":[{"name":"wp","href":"https:\/\/api.w.org\/{rel}","templated":true}]}}