{"id":1607,"date":"2025-07-22T21:28:11","date_gmt":"2025-07-22T19:28:11","guid":{"rendered":"https:\/\/www.maisondeluxeprague.com\/?post_type=product&#038;p=1607"},"modified":"2025-09-13T22:58:00","modified_gmt":"2025-09-13T20:58:00","slug":"louis-vuitton-twist-mm-epi-leather-bag","status":"publish","type":"product","link":"https:\/\/www.maisondeluxeprague.com\/ru\/produkt\/louis-vuitton-twist-mm-epi-leather-bag\/","title":{"rendered":"Louis Vuitton Twist MM"},"content":{"rendered":"<p>Louis Vuitton Twist MM Epi Leather Bag<\/p>\n<p>\u0421\u0443\u043c\u043a\u0430 \u0441\u0440\u0435\u0434\u043d\u0435 \u0438\u0441\u043f\u043e\u043b\u044c\u0437\u043e\u0432\u0430\u043d\u043d\u0430\u044f, \u0447\u0442\u043e \u0437\u0430\u043c\u0435\u0442\u043d\u043e \u043d\u0430 \u043c\u0435\u0442\u0430\u043b\u043b\u0438\u0447\u0435\u0441\u043a\u0438\u0445 \u044d\u043b\u0435\u043c\u0435\u043d\u0442\u0430\u0445.<\/p>\n<p>\u0412 \u043a\u043e\u043c\u043f\u043b\u0435\u043a\u0442\u0435 \u0441 \u0441\u0443\u043c\u043a\u043e\u0439 \u0438\u0434\u0451\u0442 \u0437\u0435\u0440\u043a\u0430\u043b\u044c\u0446\u0435.<\/p>","protected":false},"excerpt":{"rendered":"<p>Louis Vuitton Twist MM Epi Leather Bag Kabelka je st\u0159edn\u011b no\u0161en\u00e1, co\u017e je vid\u011bt na kovov\u00fdch \u010d\u00e1stech. Ke kabelce je zrc\u00e1tko.<\/p>","protected":false},"featured_media":1329,"template":"","meta":{"slim_seo":{"title":"Louis Vuitton Twist MM - Maison de Luxe Prague","description":"Louis Vuitton Twist MM Epi Leather Bag Kabelka je st\u0159edn\u011b no\u0161en\u00e1, co\u017e je vid\u011bt na kovov\u00fdch \u010d\u00e1stech. Ke kabelce je zrc\u00e1tko."}},"product_brand":[77],"product_cat":[40],"product_tag":[],"class_list":{"0":"post-1607","1":"product","2":"type-product","3":"status-publish","4":"has-post-thumbnail","6":"product_brand-louis-vuitton","7":"product_cat-kabelky","9":"first","10":"instock","11":"taxable","12":"shipping-taxable","13":"purchasable","14":"product-type-simple"},"_links":{"self":[{"href":"https:\/\/www.maisondeluxeprague.com\/ru\/wp-json\/wp\/v2\/product\/1607","targetHints":{"allow":["GET"]}}],"collection":[{"href":"https:\/\/www.maisondeluxeprague.com\/ru\/wp-json\/wp\/v2\/product"}],"about":[{"href":"https:\/\/www.maisondeluxeprague.com\/ru\/wp-json\/wp\/v2\/types\/product"}],"wp:featuredmedia":[{"embeddable":true,"href":"https:\/\/www.maisondeluxeprague.com\/ru\/wp-json\/wp\/v2\/media\/1329"}],"wp:attachment":[{"href":"https:\/\/www.maisondeluxeprague.com\/ru\/wp-json\/wp\/v2\/media?parent=1607"}],"wp:term":[{"taxonomy":"product_brand","embeddable":true,"href":"https:\/\/www.maisondeluxeprague.com\/ru\/wp-json\/wp\/v2\/product_brand?post=1607"},{"taxonomy":"product_cat","embeddable":true,"href":"https:\/\/www.maisondeluxeprague.com\/ru\/wp-json\/wp\/v2\/product_cat?post=1607"},{"taxonomy":"product_tag","embeddable":true,"href":"https:\/\/www.maisondeluxeprague.com\/ru\/wp-json\/wp\/v2\/product_tag?post=1607"}],"curies":[{"name":"wp","href":"https:\/\/api.w.org\/{rel}","templated":true}]}}