{"id":1600,"date":"2025-07-22T21:08:30","date_gmt":"2025-07-22T19:08:30","guid":{"rendered":"https:\/\/www.maisondeluxeprague.com\/?post_type=product&#038;p=1600"},"modified":"2026-04-11T18:58:33","modified_gmt":"2026-04-11T16:58:33","slug":"dolce-gabbana-capri-iguana","status":"publish","type":"product","link":"https:\/\/www.maisondeluxeprague.com\/ru\/produkt\/dolce-gabbana-capri-iguana\/","title":{"rendered":"Dolce &amp; Gabbana Capri Iguana"},"content":{"rendered":"","protected":false},"excerpt":{"rendered":"<p>Kovov\u00e9 \u0159et\u00edzky i name tag lze jednodu\u0161e odepnout.<\/p>","protected":false},"featured_media":1336,"template":"","meta":{"slim_seo":{"title":"Dolce & Gabbana Capri Iguana - Maison de Luxe Prague","description":"Kovov\u00e9 \u0159et\u00edzky i name tag lze jednodu\u0161e odepnout."}},"product_brand":[67],"product_cat":[159,40,499],"product_tag":[],"class_list":{"0":"post-1600","1":"product","2":"type-product","3":"status-publish","4":"has-post-thumbnail","6":"product_brand-dolce-gabbana","7":"product_cat-damske","8":"product_cat-kabelky","9":"product_cat-slevy","11":"first","12":"outofstock","13":"sale","14":"taxable","15":"shipping-taxable","16":"purchasable","17":"product-type-simple"},"_links":{"self":[{"href":"https:\/\/www.maisondeluxeprague.com\/ru\/wp-json\/wp\/v2\/product\/1600","targetHints":{"allow":["GET"]}}],"collection":[{"href":"https:\/\/www.maisondeluxeprague.com\/ru\/wp-json\/wp\/v2\/product"}],"about":[{"href":"https:\/\/www.maisondeluxeprague.com\/ru\/wp-json\/wp\/v2\/types\/product"}],"wp:featuredmedia":[{"embeddable":true,"href":"https:\/\/www.maisondeluxeprague.com\/ru\/wp-json\/wp\/v2\/media\/1336"}],"wp:attachment":[{"href":"https:\/\/www.maisondeluxeprague.com\/ru\/wp-json\/wp\/v2\/media?parent=1600"}],"wp:term":[{"taxonomy":"product_brand","embeddable":true,"href":"https:\/\/www.maisondeluxeprague.com\/ru\/wp-json\/wp\/v2\/product_brand?post=1600"},{"taxonomy":"product_cat","embeddable":true,"href":"https:\/\/www.maisondeluxeprague.com\/ru\/wp-json\/wp\/v2\/product_cat?post=1600"},{"taxonomy":"product_tag","embeddable":true,"href":"https:\/\/www.maisondeluxeprague.com\/ru\/wp-json\/wp\/v2\/product_tag?post=1600"}],"curies":[{"name":"wp","href":"https:\/\/api.w.org\/{rel}","templated":true}]}}