{"id":1380,"date":"2025-07-19T20:17:49","date_gmt":"2025-07-19T18:17:49","guid":{"rendered":"https:\/\/www.maisondeluxeprague.com\/?post_type=product&#038;p=1380"},"modified":"2026-02-28T11:33:07","modified_gmt":"2026-02-28T10:33:07","slug":"louis-vuitton-capucines-bb","status":"publish","type":"product","link":"https:\/\/www.maisondeluxeprague.com\/ru\/produkt\/louis-vuitton-capucines-bb\/","title":{"rendered":"Louis Vuitton Capucines BB"},"content":{"rendered":"<p>Louis Vuitton Capucines BB Taurillon Scarlet Leather Bag<\/p>\n<p>\u0421\u0443\u043c\u043a\u0430 \u0432\u044b\u043f\u043e\u043b\u043d\u0435\u043d\u0430 \u0438\u0437 \u0432\u044b\u0441\u043e\u043a\u043e\u043a\u0430\u0447\u0435\u0441\u0442\u0432\u0435\u043d\u043d\u043e\u0439 \u043a\u043e\u0436\u0438 Taurillon.<\/p>\n<p>\u0412\u043d\u0435\u0432\u0440\u0435\u043c\u0435\u043d\u043d\u043e\u0439 \u0430\u043a\u0441\u0435\u0441\u0441\u0443\u0430\u0440<\/p>\n<p>&nbsp;<\/p>","protected":false},"excerpt":{"rendered":"<p>Louis Vuitton Capucines BB Taurillon Scarlet Leather Bag Kabelka je vyrobena z velmi kvalitn\u00ed Taurillon k\u016f\u017ee Nad\u010dasov\u00fd kousek &nbsp;<\/p>","protected":false},"featured_media":1384,"template":"","meta":{"slim_seo":{"title":"Louis Vuitton Capucines BB - Maison de Luxe Prague","description":"Louis Vuitton Capucines BB Taurillon Scarlet Leather Bag Kabelka je vyrobena z velmi kvalitn\u00ed Taurillon k\u016f\u017ee Nad\u010dasov\u00fd kousek &nbsp;"}},"product_brand":[77],"product_cat":[159,40,499],"product_tag":[],"class_list":{"0":"post-1380","1":"product","2":"type-product","3":"status-publish","4":"has-post-thumbnail","6":"product_brand-louis-vuitton","7":"product_cat-damske","8":"product_cat-kabelky","9":"product_cat-slevy","11":"first","12":"instock","13":"sale","14":"taxable","15":"shipping-taxable","16":"purchasable","17":"product-type-simple"},"_links":{"self":[{"href":"https:\/\/www.maisondeluxeprague.com\/ru\/wp-json\/wp\/v2\/product\/1380","targetHints":{"allow":["GET"]}}],"collection":[{"href":"https:\/\/www.maisondeluxeprague.com\/ru\/wp-json\/wp\/v2\/product"}],"about":[{"href":"https:\/\/www.maisondeluxeprague.com\/ru\/wp-json\/wp\/v2\/types\/product"}],"wp:featuredmedia":[{"embeddable":true,"href":"https:\/\/www.maisondeluxeprague.com\/ru\/wp-json\/wp\/v2\/media\/1384"}],"wp:attachment":[{"href":"https:\/\/www.maisondeluxeprague.com\/ru\/wp-json\/wp\/v2\/media?parent=1380"}],"wp:term":[{"taxonomy":"product_brand","embeddable":true,"href":"https:\/\/www.maisondeluxeprague.com\/ru\/wp-json\/wp\/v2\/product_brand?post=1380"},{"taxonomy":"product_cat","embeddable":true,"href":"https:\/\/www.maisondeluxeprague.com\/ru\/wp-json\/wp\/v2\/product_cat?post=1380"},{"taxonomy":"product_tag","embeddable":true,"href":"https:\/\/www.maisondeluxeprague.com\/ru\/wp-json\/wp\/v2\/product_tag?post=1380"}],"curies":[{"name":"wp","href":"https:\/\/api.w.org\/{rel}","templated":true}]}}