{"id":1379,"date":"2025-07-19T18:43:18","date_gmt":"2025-07-19T16:43:18","guid":{"rendered":"https:\/\/www.maisondeluxeprague.com\/?post_type=product&#038;p=1379"},"modified":"2026-04-04T17:22:43","modified_gmt":"2026-04-04T15:22:43","slug":"dior-lady-dior-small-raspberry-leather-bag","status":"publish","type":"product","link":"https:\/\/www.maisondeluxeprague.com\/ru\/produkt\/dior-lady-dior-small-raspberry-leather-bag\/","title":{"rendered":"Dior Lady Dior Small"},"content":{"rendered":"<p>Dior Lady Dior Small Raspberry Leather Bag<\/p>\n<p>Kousek, kter\u00fd nikdy nevyjde z m\u00f3dy v p\u0159ekr\u00e1sn\u00e9 malinov\u00e9 barv\u011b.<\/p>\n<p>\u0421\u0443\u043c\u043a\u0430 \u043f\u0440\u043e\u0448\u043b\u0430 \u0431\u0435\u0440\u0435\u0436\u043d\u0443\u044e \u0440\u0435\u0441\u0442\u0430\u0432\u0440\u0430\u0446\u0438\u044e.<\/p>\n<p>&nbsp;<\/p>","protected":false},"excerpt":{"rendered":"<p>Dior Lady Dior Small Raspberry Leather Bag Kousek, kter\u00fd nikdy nevyjde z m\u00f3dy v p\u0159ekr\u00e1sn\u00e9 malinov\u00e9 barv\u011b. Kabelka je po renovaci. &nbsp;<\/p>","protected":false},"featured_media":5257,"template":"","meta":{"slim_seo":{"title":"Dior Lady Dior Small - Maison de Luxe Prague","description":"Dior Lady Dior Small Raspberry Leather Bag Kousek, kter\u00fd nikdy nevyjde z m\u00f3dy v p\u0159ekr\u00e1sn\u00e9 malinov\u00e9 barv\u011b. Kabelka je po renovaci. &nbsp;"}},"product_brand":[],"product_cat":[159,40],"product_tag":[],"class_list":{"0":"post-1379","1":"product","2":"type-product","3":"status-publish","4":"has-post-thumbnail","6":"product_cat-damske","7":"product_cat-kabelky","9":"first","10":"instock","11":"taxable","12":"shipping-taxable","13":"purchasable","14":"product-type-simple"},"_links":{"self":[{"href":"https:\/\/www.maisondeluxeprague.com\/ru\/wp-json\/wp\/v2\/product\/1379","targetHints":{"allow":["GET"]}}],"collection":[{"href":"https:\/\/www.maisondeluxeprague.com\/ru\/wp-json\/wp\/v2\/product"}],"about":[{"href":"https:\/\/www.maisondeluxeprague.com\/ru\/wp-json\/wp\/v2\/types\/product"}],"wp:featuredmedia":[{"embeddable":true,"href":"https:\/\/www.maisondeluxeprague.com\/ru\/wp-json\/wp\/v2\/media\/5257"}],"wp:attachment":[{"href":"https:\/\/www.maisondeluxeprague.com\/ru\/wp-json\/wp\/v2\/media?parent=1379"}],"wp:term":[{"taxonomy":"product_brand","embeddable":true,"href":"https:\/\/www.maisondeluxeprague.com\/ru\/wp-json\/wp\/v2\/product_brand?post=1379"},{"taxonomy":"product_cat","embeddable":true,"href":"https:\/\/www.maisondeluxeprague.com\/ru\/wp-json\/wp\/v2\/product_cat?post=1379"},{"taxonomy":"product_tag","embeddable":true,"href":"https:\/\/www.maisondeluxeprague.com\/ru\/wp-json\/wp\/v2\/product_tag?post=1379"}],"curies":[{"name":"wp","href":"https:\/\/api.w.org\/{rel}","templated":true}]}}