{"id":1161,"date":"2025-07-15T09:25:24","date_gmt":"2025-07-15T07:25:24","guid":{"rendered":"https:\/\/www.maisondeluxeprague.com\/?post_type=product&#038;p=1161"},"modified":"2026-03-24T12:47:37","modified_gmt":"2026-03-24T11:47:37","slug":"hermes-jige-clutch-pm","status":"publish","type":"product","link":"https:\/\/www.maisondeluxeprague.com\/ru\/produkt\/hermes-jige-clutch-pm\/","title":{"rendered":"Herm\u00e8s Jige PM Clutch"},"content":{"rendered":"<p>Herm\u00e8s Jige PM Canvas Clutch<\/p>","protected":false},"excerpt":{"rendered":"<p><span style=\"font-size: 12pt; font-family: Calibri, Arial;\" data-sheets-root=\"1\"><span style=\"font-size: 12pt; font-family: Calibri, Arial;\">Vintage kousek psan\u00ed\u010dko, po lehk\u00e9m refreshi<\/span><\/span><\/p>","protected":false},"featured_media":1162,"template":"","meta":{"slim_seo":{"title":"Herm\u00e8s Jige PM Clutch - Maison de Luxe Prague","description":"Vintage kousek psan\u00ed\u010dko, po lehk\u00e9m refreshi"}},"product_brand":[],"product_cat":[159,40,157,499],"product_tag":[],"class_list":{"0":"post-1161","1":"product","2":"type-product","3":"status-publish","4":"has-post-thumbnail","6":"product_cat-damske","7":"product_cat-kabelky","8":"product_cat-penezenky","9":"product_cat-slevy","11":"first","12":"outofstock","13":"sale","14":"taxable","15":"shipping-taxable","16":"purchasable","17":"product-type-simple"},"_links":{"self":[{"href":"https:\/\/www.maisondeluxeprague.com\/ru\/wp-json\/wp\/v2\/product\/1161","targetHints":{"allow":["GET"]}}],"collection":[{"href":"https:\/\/www.maisondeluxeprague.com\/ru\/wp-json\/wp\/v2\/product"}],"about":[{"href":"https:\/\/www.maisondeluxeprague.com\/ru\/wp-json\/wp\/v2\/types\/product"}],"wp:featuredmedia":[{"embeddable":true,"href":"https:\/\/www.maisondeluxeprague.com\/ru\/wp-json\/wp\/v2\/media\/1162"}],"wp:attachment":[{"href":"https:\/\/www.maisondeluxeprague.com\/ru\/wp-json\/wp\/v2\/media?parent=1161"}],"wp:term":[{"taxonomy":"product_brand","embeddable":true,"href":"https:\/\/www.maisondeluxeprague.com\/ru\/wp-json\/wp\/v2\/product_brand?post=1161"},{"taxonomy":"product_cat","embeddable":true,"href":"https:\/\/www.maisondeluxeprague.com\/ru\/wp-json\/wp\/v2\/product_cat?post=1161"},{"taxonomy":"product_tag","embeddable":true,"href":"https:\/\/www.maisondeluxeprague.com\/ru\/wp-json\/wp\/v2\/product_tag?post=1161"}],"curies":[{"name":"wp","href":"https:\/\/api.w.org\/{rel}","templated":true}]}}