{"id":760,"date":"2025-06-22T14:57:14","date_gmt":"2025-06-22T12:57:14","guid":{"rendered":"https:\/\/www.maisondeluxeprague.com\/?page_id=760"},"modified":"2025-06-22T14:58:36","modified_gmt":"2025-06-22T12:58:36","slug":"prohlaseni-o-pouzivani-cookies","status":"publish","type":"page","link":"https:\/\/www.maisondeluxeprague.com\/ru\/prohlaseni-o-pouzivani-cookies\/","title":{"rendered":"Prohl\u00e1\u0161en\u00ed o pou\u017e\u00edv\u00e1n\u00ed cookies"},"content":{"rendered":"<div data-elementor-type=\"wp-page\" data-elementor-id=\"760\" class=\"elementor elementor-760\" data-elementor-post-type=\"page\">\n\t\t\t\t<div class=\"elementor-element elementor-element-0869ebf e-flex e-con-boxed e-con e-parent\" data-id=\"0869ebf\" data-element_type=\"container\" data-e-type=\"container\">\n\t\t\t\t\t<div class=\"e-con-inner\">\n\t\t\t\t<div class=\"elementor-element elementor-element-905e581 elementor-widget elementor-widget-heading\" data-id=\"905e581\" data-element_type=\"widget\" data-e-type=\"widget\" data-widget_type=\"heading.default\">\n\t\t\t\t\t<h2 class=\"elementor-heading-title elementor-size-default\">Prohl\u00e1\u0161en\u00ed o <span style=\"font-family: Canesa;color: #E3DCD4;font-weight: 100\"> pou\u017e\u00edv\u00e1n\u00ed<\/span> cookies<\/h2>\t\t\t\t<\/div>\n\t\t\t\t<div class=\"elementor-element elementor-element-2f0b5db elementor-widget elementor-widget-text-editor\" data-id=\"2f0b5db\" data-element_type=\"widget\" data-e-type=\"widget\" data-widget_type=\"text-editor.default\">\n\t\t\t\t\t\t\t\t\t<p style=\"text-align: center; background: transparent; line-height: 100%; margin-bottom: 0cm;\">\u00a0<\/p><p style=\"text-align: center; background: transparent; line-height: 100%; margin-bottom: 0cm;\"><span style=\"font-size: 12px;\">obchodn\u00ed korporace\u00a0<\/span><strong>Maison de Luxe Prague s.r.o.<\/strong><\/p><p style=\"text-align: center; background: transparent; line-height: 100%; margin-bottom: 0cm;\">se s\u00eddlem Jind\u0159i\u0161sk\u00e1 941\/24, Nov\u00e9 M\u011bsto, 110 00 Praha<\/p><p style=\"text-align: center; background: transparent; line-height: 100%; margin-bottom: 0cm;\">I\u010c: 28447298<\/p><p style=\"text-align: center; background: transparent; line-height: 100%; margin-bottom: 0cm;\">zapsan\u00e9 v obchodn\u00edm rejst\u0159\u00edku veden\u00e9m M\u011bstsk\u00fdm soudem v Praze, odd\u00edl C, vlo\u017eka 414479<\/p><p style=\"text-align: center; background: transparent; line-height: 100%; margin-bottom: 0cm;\"><span style=\"font-size: 12px;\">(d\u00e1le jen \u201e<em><strong>Prod\u00e1vaj\u00edc\u00ed<\/strong><\/em><\/span>\u201c)<\/p><p style=\"text-align: center; background: transparent; line-height: 100%; margin-bottom: 0cm;\"><span style=\"font-size: 12px;\">pro prodej zbo\u017e\u00ed prost\u0159ednictv\u00edm internetov\u00e9ho obchodu um\u00edst\u011bn\u00e9ho na internetov\u00e9 adrese www.maisondeluxeprague.cz (d\u00e1le jen \u201e<em><strong>E-shop<\/strong><\/em><\/span>\u201c)<\/p><p style=\"text-align: center; background: transparent; line-height: 100%; margin-bottom: 0cm;\"><span style=\"font-size: 12px;\">(d\u00e1le jen \u201e<em><strong>Prohl\u00e1\u0161en\u00ed<\/strong><\/em><\/span>\u201c)<\/p><p style=\"text-align: justify; background: transparent; line-height: 100%; margin-bottom: 0cm;\">\u00a0<\/p><p style=\"text-align: justify; background: transparent; line-height: 100%; margin-bottom: 0cm;\"><strong>Co jsou cookies<\/strong><\/p><p style=\"text-align: justify; background: transparent; line-height: 100%; margin-bottom: 0cm;\">\u00a0<\/p><p style=\"text-align: justify; background: transparent; line-height: 100%; margin-bottom: 0cm;\"><span style=\"font-size: 12px;\">Cookies jsou kr\u00e1tk\u00e9 textov\u00e9 soubory vytv\u00e1\u0159en\u00e9 webov\u00fdm serverem a ukl\u00e1dan\u00e9 ve Va\u0161em po\u010d\u00edta\u010di prost\u0159ednictv\u00edm\u00a0<\/span><\/p><p style=\"text-align: justify; background: transparent; line-height: 100%; margin-bottom: 0cm;\">prohl\u00ed\u017ee\u010de. Kdy\u017e se pozd\u011bji vr\u00e1t\u00edte na stejn\u00fd web, prohl\u00ed\u017ee\u010d po\u0161le ulo\u017eenou cookie zp\u011bt a server tak z\u00edsk\u00e1 v\u0161echny informace, kter\u00e9 si u v\u00e1s p\u0159edt\u00edm ulo\u017eil. Cookies vyu\u017e\u00edv\u00e1 pro svou \u010dinnost naprost\u00e1 v\u011bt\u0161ina webov\u00fdch str\u00e1nek.<\/p><p style=\"text-align: justify; background: transparent; line-height: 100%; margin-bottom: 0cm;\">\u00a0<\/p><p style=\"text-align: justify; background: transparent; line-height: 100%; margin-bottom: 0cm;\"><strong>Jak se d\u011bl\u00ed cookies<\/strong><\/p><p style=\"text-align: justify; background: transparent; line-height: 100%; margin-bottom: 0cm;\">\u00a0<\/p><p style=\"text-align: justify; background: transparent; line-height: 100%; margin-bottom: 0cm;\">Cookies lze rozd\u011blit podle toho, kdo je k na webov\u00e9 str\u00e1nky umis\u0165uje, tj. na:<\/p><p style=\"text-align: justify; background: transparent; line-height: 100%; margin-bottom: 0cm;\">1. Cookie prvn\u00ed strany (first party cookie) \u2013 jejich platnost je omezena na dom\u00e9nu webu, kter\u00fd prohl\u00ed\u017e\u00edte. Tyto cookies jsou pova\u017eov\u00e1ny za bezpe\u010dn\u011bj\u0161\u00ed.<\/p><p style=\"text-align: justify; background: transparent; line-height: 100%; margin-bottom: 0cm;\">2. Cookie t\u0159et\u00ed strany (third party cookie) \u2013 jsou um\u00edst\u011bny pomoc\u00ed skriptu z jin\u00e9 dom\u00e9ny. U\u017eivatele tak lze sledovat nap\u0159\u00ed\u010d dom\u00e9nami. Pou\u017e\u00edvaj\u00ed se \u010dasto pro vyhodnocen\u00ed \u00fa\u010dinnosti reklamn\u00edch kan\u00e1l\u016f.<\/p><p style=\"text-align: justify; background: transparent; line-height: 100%; margin-bottom: 0cm;\">\u00a0<\/p><p style=\"text-align: justify; background: transparent; line-height: 100%; margin-bottom: 0cm;\">Podle trvanlivosti lze cookies rozd\u011blit na:<\/p><p style=\"text-align: justify; background: transparent; line-height: 100%; margin-bottom: 0cm;\">1. Kr\u00e1tkodob\u00e9 (session cookie) \u2013 vyma\u017eou se z Va\u0161eho po\u010d\u00edta\u010de po zav\u0159en\u00ed prohl\u00ed\u017ee\u010de.<\/p><p style=\"text-align: justify; background: transparent; line-height: 100%; margin-bottom: 0cm;\">2. Dlouhodob\u00e9 (persistent cookie) \u2013 po zav\u0159en\u00ed prohl\u00ed\u017ee\u010de z\u016fst\u00e1vaj\u00ed zachov\u00e1ny, vyma\u017eou se teprve po uplynut\u00ed velmi dlouh\u00e9 doby (ta z\u00e1le\u017e\u00ed na nastaven\u00ed Va\u0161eho prohl\u00ed\u017ee\u010de a nastaven\u00ed cookie). M\u016f\u017eete je tak\u00e9 ru\u010dn\u011b odstranit.<\/p><p style=\"text-align: justify; background: transparent; line-height: 100%; margin-bottom: 0cm;\">\u00a0<\/p><p style=\"text-align: justify; background: transparent; line-height: 100%; margin-bottom: 0cm;\">Dle \u00fa\u010delu m\u016f\u017eeme vyu\u017eit\u00ed cookies rozd\u011blit takto:<\/p><p style=\"text-align: justify; background: transparent; line-height: 100%; margin-bottom: 0cm;\">1. Technick\u00e9 &#8211; umo\u017e\u0148uj\u00ed z\u00e1kladn\u00ed funkce webu (nap\u0159. p\u0159ihla\u0161ov\u00e1n\u00ed nebo n\u00e1kup). Tyto cookies jsou nezbytn\u011b nutn\u00e9 pro provoz webu Prod\u00e1vaj\u00edc\u00edho a umis\u0165ujeme i bez Va\u0161eho souhlasu.<\/p><p style=\"text-align: justify; background: transparent; line-height: 100%; margin-bottom: 0cm;\">2. Funk\u010dn\u00ed &#8211; umo\u017e\u0148uj\u00ed nap\u0159\u00edklad zapamatovat si jazyk nebo region u\u017eivatele. Tyto cookies se pod\u00edl\u00ed na spr\u00e1vn\u00e9m nastaven\u00ed webu a nepod\u00edl\u00ed se na sledov\u00e1n\u00ed aktivity u\u017eivatele. Funk\u010dn\u00ed cookies Prod\u00e1vaj\u00edc\u00ed pova\u017euje za nezbytn\u00e9, a proto je na web umis\u0165uje bez Va\u0161eho souhlasu.<\/p><p style=\"text-align: justify; background: transparent; line-height: 100%; margin-bottom: 0cm;\">3. Analytick\u00e9 &#8211; slou\u017e\u00ed pro sb\u011br neanonymn\u00edch dat o chov\u00e1n\u00ed u\u017eivatel\u016f. Na jejich z\u00e1klad\u011b Prod\u00e1vaj\u00edc\u00ed m\u016f\u017ee web upravit tak, aby se V\u00e1m l\u00e9pe pou\u017e\u00edval. V nastaven\u00ed je lze povolit jako \u201cAnalytick\u00e9 cookies\u201d.<\/p><p style=\"text-align: justify; background: transparent; line-height: 100%; margin-bottom: 0cm;\">4. Marketingov\u00e9 &#8211; slou\u017e\u00ed k c\u00edlen\u00ed reklam na u\u017eivatele, kte\u0159\u00ed ji\u017e na webu Prod\u00e1vaj\u00edc\u00edho byli. V nastaven\u00ed je lze povolit jako \u201cMarketingov\u00e9 cookies\u201d.<\/p><p style=\"text-align: justify; background: transparent; line-height: 100%; margin-bottom: 0cm;\">5. Konverzn\u00ed &#8211; s jejich pomoc\u00ed Prod\u00e1vaj\u00edc\u00ed m\u016f\u017ee vyhodnotit \u00fasp\u011b\u0161nost kampan\u00ed. V nastaven\u00ed je lze povolit jako \u201cAnalytick\u00e9 cookies\u201d.<\/p><p style=\"text-align: justify; background: transparent; line-height: 100%; margin-bottom: 0cm;\">6. Personaliza\u010dn\u00ed &#8211; r\u016fzn\u00e9 n\u00e1stroje pom\u00e1haj\u00edc\u00ed s personalizac\u00ed obsahu &#8211; p\u0159izp\u016fsoben\u00edm webu na z\u00e1klad\u011b toho, co jste sledovali. Podobn\u011b Prod\u00e1vaj\u00edc\u00edmu n\u00e1stroje pom\u00e1haj\u00ed upravovat v\u00fdsledky vyhled\u00e1v\u00e1n\u00ed na z\u00e1klad\u011b informac\u00ed o vyhled\u00e1v\u00e1n\u00ed ostatn\u00edch u\u017eivatel\u016f. V nastaven\u00ed je lze povolit jako \u201cPreference\u201d cookies.<\/p><p style=\"text-align: justify; background: transparent; line-height: 100%; margin-bottom: 0cm;\">\u00a0<\/p><p style=\"text-align: justify; background: transparent; line-height: 100%; margin-bottom: 0cm;\"><strong>K \u010demu jednotliv\u00e9 cookies na webu slou\u017e\u00ed<\/strong><\/p><p style=\"text-align: justify; background: transparent; line-height: 100%; margin-bottom: 0cm;\">\u00a0<\/p><p style=\"text-align: justify; background: transparent; line-height: 100%; margin-bottom: 0cm;\">O tom, jak\u00e9 cookie soubory n\u00e1\u0161 web pou\u017e\u00edv\u00e1, k jak\u00fdm \u00fa\u010del\u016fm a s jako dobou platnosti se dozv\u00edte<\/p><p style=\"text-align: justify; background: transparent; line-height: 100%; margin-bottom: 0cm;\"><span style=\"font-size: 12px;\">zde:\u00a0<\/span><em>Chci zn\u00e1t \u00fa\u010del cookie soubor\u016f<\/em><\/p><p style=\"text-align: justify; background: transparent; line-height: 100%; margin-bottom: 0cm;\">\u00a0<\/p><p style=\"text-align: justify; background: transparent; line-height: 100%; margin-bottom: 0cm;\">Prod\u00e1vaj\u00edc\u00ed upozor\u0148ujeme, \u017ee pokud pou\u017e\u00edv\u00e1te add-blocker nebo jin\u00e9 roz\u0161\u00ed\u0159en\u00ed prohl\u00ed\u017ee\u010de, kter\u00e9 m\u011bn\u00ed web Prod\u00e1vaj\u00edc\u00edho, informace o \u00fa\u010delech jednotliv\u00fdch soubor\u016f cookie se nemus\u00ed zobrazovat spr\u00e1vn\u011b.<\/p><p style=\"text-align: justify; background: transparent; line-height: 100%; margin-bottom: 0cm;\">\u00a0<\/p><p style=\"text-align: justify; background: transparent; line-height: 100%; margin-bottom: 0cm;\"><strong>Mo\u017enosti nastaven\u00ed cookies<\/strong><\/p><p style=\"text-align: justify; background: transparent; line-height: 100%; margin-bottom: 0cm;\">\u00a0<\/p><p style=\"text-align: justify; background: transparent; line-height: 100%; margin-bottom: 0cm;\">Web Prod\u00e1vaj\u00edc\u00edho pracuje s cookies na z\u00e1klad\u011b souhlasu. Dokud nevyj\u00e1d\u0159\u00edte sv\u016fj souhlas s cookie soubory na webu (krom\u011b nezbytn\u00fdch cookies), nebude je Prod\u00e1vaj\u00edc\u00ed pou\u017e\u00edvat. V p\u0159\u00edpad\u011b, \u017ee souhlas Prod\u00e1vaj\u00edc\u00edmu s pou\u017e\u00edv\u00e1n\u00edm cookies ud\u011bl\u00edte, ale pozd\u011bji jej budete cht\u00edt odvolat, n\u00ed\u017ee se dozv\u00edte, jak na to.<\/p><p style=\"text-align: justify; background: transparent; line-height: 100%; margin-bottom: 0cm;\">\u00a0<\/p><p style=\"text-align: justify; background: transparent; line-height: 100%; margin-bottom: 0cm;\"><strong>Nastaven\u00ed cookies v cookie li\u0161t\u011b<\/strong><\/p><p style=\"text-align: justify; background: transparent; line-height: 100%; margin-bottom: 0cm;\">\u00a0<\/p><p style=\"text-align: justify; background: transparent; line-height: 100%; margin-bottom: 0cm;\">Rozhodnete-li se sv\u016fj souhlas s n\u011bkter\u00fdmi kategoriemi cookies odvolat \u010di zm\u011bnit nastaven\u00ed pou\u017e\u00edvan\u00fdch cookies, m\u016f\u017eete tak u\u010dinit p\u0159\u00edmo zde, prost\u0159ednictv\u00edm n\u00ed\u017ee uveden\u00e9ho tla\u010d\u00edtka.<\/p><p style=\"text-align: justify; background: transparent; line-height: 100%; margin-bottom: 0cm;\">\u00a0<\/p><p style=\"text-align: justify; background: transparent; line-height: 100%; margin-bottom: 0cm;\"><em>Zm\u011bnit nastaven\u00ed cookies<\/em><\/p><p style=\"text-align: justify; background: transparent; line-height: 100%; margin-bottom: 0cm;\">Prod\u00e1vaj\u00edc\u00ed upozor\u0148uje, \u017ee pokud pou\u017e\u00edv\u00e1te ad-blocker nebo jin\u00e9 roz\u0161\u00ed\u0159en\u00ed prohl\u00ed\u017ee\u010de, kter\u00e9 m\u011bn\u00ed web Prod\u00e1vaj\u00edc\u00edho, nastaven\u00ed cookies a jin\u00e9 funkce na\u0161eho webu nemus\u00ed fungovat spr\u00e1vn\u011b.<\/p><p style=\"text-align: justify; background: transparent; line-height: 100%; margin-bottom: 0cm;\">\u00a0<\/p><p style=\"text-align: justify; background: transparent; line-height: 100%; margin-bottom: 0cm;\"><strong>Vymaz\u00e1n\u00ed cookies v prohl\u00ed\u017ee\u010di<\/strong><\/p><p style=\"text-align: justify; background: transparent; line-height: 100%; margin-bottom: 0cm;\">\u00a0<\/p><p style=\"text-align: justify; background: transparent; line-height: 100%; margin-bottom: 0cm;\">Vymazat m\u016f\u017eete cookies ve Va\u0161em prohl\u00ed\u017ee\u010di \u2013 zpravidla b\u00fdv\u00e1 um\u00edst\u011bno v \u201eHistorii\u201c nav\u0161t\u00edven\u00fdch str\u00e1nek.<\/p><ul><li><p style=\"text-align: justify; background: transparent; line-height: 100%; margin-bottom: 0cm;\">Chrome<\/p><\/li><li><p style=\"text-align: justify; background: transparent; line-height: 100%; margin-bottom: 0cm;\">Firefox<\/p><\/li><li><p style=\"text-align: justify; background: transparent; line-height: 100%; margin-bottom: 0cm;\">Internet Explorer<\/p><\/li><li><p style=\"text-align: justify; background: transparent; line-height: 100%; margin-bottom: 0cm;\">Android &#8211; r\u016fzn\u00e9 prohl\u00ed\u017ee\u010de (n\u00e1vod pro Chrome)<\/p><\/li><\/ul><p style=\"text-align: justify; background: transparent; line-height: 100%; margin-bottom: 0cm;\">\u00a0<\/p><p style=\"text-align: justify; background: transparent; line-height: 100%; margin-bottom: 0cm;\"><strong>Blokov\u00e1n\u00ed cookies v\u00a0prohl\u00ed\u017ee\u010di<\/strong><\/p><p style=\"text-align: justify; background: transparent; line-height: 100%; margin-bottom: 0cm;\">\u00a0<\/p><p style=\"text-align: justify; background: transparent; line-height: 100%; margin-bottom: 0cm;\">Prohl\u00ed\u017ee\u010de umo\u017e\u0148uj\u00ed um\u00eds\u0165ov\u00e1n\u00ed cookies na V\u00e1s po\u010d\u00edta\u010d zablokovat. V takov\u00e9m p\u0159\u00edpad\u011b bude ale funkcionalita webu omezena. Informace o nastaven\u00ed ukl\u00e1d\u00e1n\u00ed soubor\u016f cookies ve Va\u0161em prohl\u00ed\u017ee\u010di najdete na str\u00e1nk\u00e1ch poskytovatele konkr\u00e9tn\u00edho prohl\u00ed\u017ee\u010de:<\/p><ul><li><p style=\"text-align: justify; background: transparent; line-height: 100%; margin-bottom: 0cm;\">Chrome<\/p><\/li><li><p style=\"text-align: justify; background: transparent; line-height: 100%; margin-bottom: 0cm;\">Firefox<\/p><\/li><li><p style=\"text-align: justify; background: transparent; line-height: 100%; margin-bottom: 0cm;\">Internet Explorer<\/p><\/li><li><p style=\"text-align: justify; background: transparent; line-height: 100%; margin-bottom: 0cm;\">Android &#8211; r\u016fzn\u00e9 prohl\u00ed\u017ee\u010de (n\u00e1vod pro Chrome)<\/p><\/li><\/ul><p style=\"text-align: justify; background: transparent; line-height: 100%; margin-bottom: 0cm;\">\u00a0<\/p><p style=\"text-align: justify; background: transparent; line-height: 100%; margin-bottom: 0cm;\"><strong>Jak Prod\u00e1vaj\u00edc\u00ed uchov\u00e1v\u00e1 souhlasy s pou\u017e\u00edv\u00e1n\u00edm cookies<\/strong><\/p><p style=\"text-align: justify; background: transparent; line-height: 100%; margin-bottom: 0cm;\">\u00a0<\/p><p style=\"text-align: justify; background: transparent; line-height: 100%; margin-bottom: 0cm;\"><span style=\"font-size: 12px;\">Souhlasy u\u017eivatel\u016f s pou\u017e\u00edv\u00e1n\u00edm cookies Prod\u00e1vaj\u00edc\u00ed uchov\u00e1v\u00e1 prost\u0159ednictv\u00edm platformy CookieHub<\/span>. Tato platforma uchov\u00e1v\u00e1 jen data nezbytn\u00e1 k\u00a0identifikaci u\u017eivatelova souhlasu.<\/p><p style=\"text-align: justify; background: transparent; line-height: 100%; margin-bottom: 0cm;\">\u00a0<\/p><p style=\"text-align: justify; background: transparent; line-height: 100%; margin-bottom: 0cm;\">Token<\/p><p style=\"text-align: justify; background: transparent; line-height: 100%; margin-bottom: 0cm;\"><span style=\"font-size: 12px;\">N\u00e1hodn\u00fd \u0159et\u011bzec ulo\u017een\u00fd v cookie CookieHub<\/span> v prohl\u00ed\u017ee\u010di u\u017eivatele spolu s nastaven\u00edm kategori\u00ed cookie. V p\u0159\u00edpad\u011b, \u017ee pot\u0159ebujete prok\u00e1zat souhlas, budete si muset tento token vy\u017e\u00e1dat od subjektu, abyste na\u0161li z\u00e1znam z protokolu souhlasu.<\/p><p style=\"text-align: justify; background: transparent; line-height: 100%; margin-bottom: 0cm;\">\u00a0<\/p><p style=\"text-align: justify; background: transparent; line-height: 100%; margin-bottom: 0cm;\">URL<\/p><p style=\"text-align: justify; background: transparent; line-height: 100%; margin-bottom: 0cm;\">\u00dapln\u00e1 adresa URL, na kter\u00e9 u\u017eivatel byl p\u0159i konfiguraci souhlasu.<\/p><p style=\"text-align: justify; background: transparent; line-height: 100%; margin-bottom: 0cm;\">\u00a0<\/p><p style=\"text-align: justify; background: transparent; line-height: 100%; margin-bottom: 0cm;\">Anonymizovanou IP adresu<\/p><p style=\"text-align: justify; background: transparent; line-height: 100%; margin-bottom: 0cm;\">IP adresa u\u017eivatele. Posledn\u00ed \u010d\u00e1st IP adresy je nahrazena 0, proto\u017ee IP adresa m\u016f\u017ee b\u00fdt pova\u017eov\u00e1na za osobn\u00ed \u00fadaj.<\/p><p style=\"text-align: justify; background: transparent; line-height: 100%; margin-bottom: 0cm;\">\u00a0<\/p><p style=\"text-align: justify; background: transparent; line-height: 100%; margin-bottom: 0cm;\">Zem\u011b<\/p><p style=\"text-align: justify; background: transparent; line-height: 100%; margin-bottom: 0cm;\">Registrovan\u00fd k\u00f3d zem\u011b pro IP adresu. P\u0159i pou\u017eit\u00ed geolokace to m\u016f\u017ee b\u00fdt u\u017eite\u010dn\u00e9 pro zji\u0161t\u011bn\u00ed, zda u\u017eivatel souhlasil nebo nedostal \u017e\u00e1dn\u00e9 mo\u017enosti.<\/p><p style=\"text-align: justify; background: transparent; line-height: 100%; margin-bottom: 0cm;\">\u00a0<\/p><p style=\"text-align: justify; background: transparent; line-height: 100%; margin-bottom: 0cm;\">User Agent<\/p><p style=\"text-align: justify; background: transparent; line-height: 100%; margin-bottom: 0cm;\">U\u017eivatelsk\u00fd agent obvykle obsahuje informace o prohl\u00ed\u017ee\u010di a opera\u010dn\u00edm \u0159et\u011bzci.<\/p><p style=\"text-align: justify; background: transparent; line-height: 100%; margin-bottom: 0cm;\">\u00a0<\/p><p style=\"text-align: justify; background: transparent; line-height: 100%; margin-bottom: 0cm;\">Datum a \u010das<\/p><p style=\"text-align: justify; background: transparent; line-height: 100%; margin-bottom: 0cm;\">Datum a \u010das vyj\u00e1d\u0159en\u00ed souhlasu.<\/p><p style=\"text-align: justify; background: transparent; line-height: 100%; margin-bottom: 0cm;\">\u00a0<\/p><p style=\"text-align: justify; background: transparent; line-height: 100%; margin-bottom: 0cm;\">Toto Prohl\u00e1\u0161en\u00ed je platn\u00e9 a \u00fa\u010dinn\u00e9 od 01.03.2025. Prod\u00e1vaj\u00edc\u00ed si vyhrazuje pr\u00e1vo na zm\u011bnu tohoto Prohl\u00e1\u0161en\u00ed bez p\u0159edchoz\u00edho upozorn\u011bn\u00ed. V p\u0159\u00edpad\u011b zm\u011bny budete o v\u0161ech zm\u011bn\u00e1ch informov\u00e1ni prost\u0159ednictv\u00edm webov\u00fdch str\u00e1nek Prod\u00e1vaj\u00edc\u00edho.<\/p><p style=\"text-align: justify; background: transparent; line-height: 100%; margin-bottom: 0cm;\">\u00a0<\/p><p style=\"text-align: justify; background: transparent; line-height: 100%; margin-bottom: 0cm;\"><span style=\"font-size: 12px;\">V p\u0159\u00edpad\u011b jak\u00fdchkoli Va\u0161ich dotaz\u016f Prod\u00e1vaj\u00edc\u00edho nev\u00e1hejte kontaktovat na e-mailov\u00e9 adrese: info@maisondeluxeprague.com.\u00a0<\/span><\/p><p style=\"text-align: justify; background: transparent; line-height: 100%; margin-bottom: 0cm;\">\u00a0<\/p><p style=\"text-align: justify; background: transparent; line-height: 100%; margin-bottom: 0cm;\">Prod\u00e1vaj\u00edc\u00ed d\u011bkuje za V\u00e1\u0161 n\u00e1kup a d\u016fv\u011bru!<\/p><p style=\"color: #00000a; line-height: 115%; text-align: left; text-indent: 0.43in; margin-bottom: 0in; background: transparent; font-size: 15px;\">\u00a0<\/p>\t\t\t\t\t\t\t\t<\/div>\n\t\t\t\t\t<\/div>\n\t\t\t\t<\/div>\n\t\t\t\t<\/div>","protected":false},"excerpt":{"rendered":"<p>Prohl\u00e1\u0161en\u00ed o pou\u017e\u00edv\u00e1n\u00ed cookies \u00a0 obchodn\u00ed korporace\u00a0Maison de Luxe Prague s.r.o. se s\u00eddlem Jind\u0159i\u0161sk\u00e1 941\/24, Nov\u00e9 M\u011bsto, 110 00 Praha I\u010c: 28447298 zapsan\u00e9 v obchodn\u00edm rejst\u0159\u00edku veden\u00e9m M\u011bstsk\u00fdm soudem v Praze, odd\u00edl C, vlo\u017eka 414479 (d\u00e1le jen \u201eProd\u00e1vaj\u00edc\u00ed\u201c) pro prodej zbo\u017e\u00ed prost\u0159ednictv\u00edm internetov\u00e9ho obchodu um\u00edst\u011bn\u00e9ho na internetov\u00e9 adrese www.maisondeluxeprague.cz (d\u00e1le jen \u201eE-shop\u201c) (d\u00e1le jen \u201eProhl\u00e1\u0161en\u00ed\u201c) [&hellip;]<\/p>\n","protected":false},"author":1,"featured_media":0,"parent":0,"menu_order":0,"comment_status":"closed","ping_status":"closed","template":"elementor_header_footer","meta":{"slim_seo":{"title":"Prohl\u00e1\u0161en\u00ed o pou\u017e\u00edv\u00e1n\u00ed cookies - Maison de Luxe Prague","description":"Prohl\u00e1\u0161en\u00ed o pou\u017e\u00edv\u00e1n\u00ed cookies \u00a0 obchodn\u00ed korporace\u00a0 Maison de Luxe Prague s.r.o. se s\u00eddlem Jind\u0159i\u0161sk\u00e1 941\/24, Nov\u00e9 M\u011bsto, 110 00 Praha I\u010c: 28447298 zapsan\u00e9 v o"},"footnotes":""},"class_list":["post-760","page","type-page","status-publish","hentry"],"_links":{"self":[{"href":"https:\/\/www.maisondeluxeprague.com\/ru\/wp-json\/wp\/v2\/pages\/760","targetHints":{"allow":["GET"]}}],"collection":[{"href":"https:\/\/www.maisondeluxeprague.com\/ru\/wp-json\/wp\/v2\/pages"}],"about":[{"href":"https:\/\/www.maisondeluxeprague.com\/ru\/wp-json\/wp\/v2\/types\/page"}],"author":[{"embeddable":true,"href":"https:\/\/www.maisondeluxeprague.com\/ru\/wp-json\/wp\/v2\/users\/1"}],"replies":[{"embeddable":true,"href":"https:\/\/www.maisondeluxeprague.com\/ru\/wp-json\/wp\/v2\/comments?post=760"}],"version-history":[{"count":5,"href":"https:\/\/www.maisondeluxeprague.com\/ru\/wp-json\/wp\/v2\/pages\/760\/revisions"}],"predecessor-version":[{"id":770,"href":"https:\/\/www.maisondeluxeprague.com\/ru\/wp-json\/wp\/v2\/pages\/760\/revisions\/770"}],"wp:attachment":[{"href":"https:\/\/www.maisondeluxeprague.com\/ru\/wp-json\/wp\/v2\/media?parent=760"}],"curies":[{"name":"wp","href":"https:\/\/api.w.org\/{rel}","templated":true}]}}