{"id":31,"date":"2025-05-23T18:04:53","date_gmt":"2025-05-23T16:04:53","guid":{"rendered":"https:\/\/www.maisondeluxeprague.com\/?page_id=31"},"modified":"2025-08-04T15:03:24","modified_gmt":"2025-08-04T13:03:24","slug":"blog","status":"publish","type":"page","link":"https:\/\/www.maisondeluxeprague.com\/ru\/blog\/","title":{"rendered":"\u0411\u043b\u043e\u0433"},"content":{"rendered":"<div data-elementor-type=\"wp-page\" data-elementor-id=\"31\" class=\"elementor elementor-31\" data-elementor-post-type=\"page\">\n\t\t\t\t<div class=\"elementor-element elementor-element-9fa5938 e-flex e-con-boxed e-con e-parent\" data-id=\"9fa5938\" data-element_type=\"container\" data-e-type=\"container\">\n\t\t\t\t\t<div class=\"e-con-inner\">\n\t\t\t\t<div class=\"elementor-element elementor-element-c580dbc elementor-widget elementor-widget-heading\" data-id=\"c580dbc\" data-element_type=\"widget\" data-e-type=\"widget\" data-widget_type=\"heading.default\">\n\t\t\t\t\t<h2 class=\"elementor-heading-title elementor-size-default\"><span class=\"pro\">\u041d\u0430\u0448 <\/span>\u0431\u043b\u043e\u0433 <span class=\"pro\">\u0432\u0430\u0448\u0435<\/span> \u0432\u0434\u043e\u0445\u043d\u043e\u0432\u0435\u043d\u0438\u0435<\/h2>\t\t\t\t<\/div>\n\t\t\t\t<div class=\"elementor-element elementor-element-89c9207 elementor-arrows-position-outside elementor-widget elementor-widget-loop-carousel\" data-id=\"89c9207\" data-element_type=\"widget\" data-e-type=\"widget\" data-settings=\"{&quot;template_id&quot;:&quot;529&quot;,&quot;_skin&quot;:&quot;post&quot;,&quot;slides_to_show&quot;:&quot;3&quot;,&quot;slides_to_show_tablet&quot;:&quot;2&quot;,&quot;slides_to_show_mobile&quot;:&quot;1&quot;,&quot;slides_to_scroll&quot;:&quot;1&quot;,&quot;edit_handle_selector&quot;:&quot;.elementor-loop-container&quot;,&quot;autoplay&quot;:&quot;yes&quot;,&quot;autoplay_speed&quot;:5000,&quot;pause_on_hover&quot;:&quot;yes&quot;,&quot;pause_on_interaction&quot;:&quot;yes&quot;,&quot;infinite&quot;:&quot;yes&quot;,&quot;speed&quot;:500,&quot;offset_sides&quot;:&quot;none&quot;,&quot;arrows&quot;:&quot;yes&quot;,&quot;image_spacing_custom&quot;:{&quot;unit&quot;:&quot;px&quot;,&quot;size&quot;:10,&quot;sizes&quot;:[]},&quot;image_spacing_custom_tablet&quot;:{&quot;unit&quot;:&quot;px&quot;,&quot;size&quot;:&quot;&quot;,&quot;sizes&quot;:[]},&quot;image_spacing_custom_mobile&quot;:{&quot;unit&quot;:&quot;px&quot;,&quot;size&quot;:&quot;&quot;,&quot;sizes&quot;:[]}}\" data-widget_type=\"loop-carousel.post\">\n\t\t\t\t\t\t\t<div class=\"swiper elementor-loop-container elementor-grid\" role=\"list\" dir=\"ltr\">\n\t\t\t\t<div class=\"swiper-wrapper\" aria-live=\"off\">\n\t\t<style id=\"loop-529\">.elementor-529 .elementor-element.elementor-element-e3eb2a7{--display:flex;--flex-direction:column;--container-widget-width:100%;--container-widget-height:initial;--container-widget-flex-grow:0;--container-widget-align-self:initial;--flex-wrap-mobile:wrap;}.elementor-widget-theme-post-featured-image .widget-image-caption{color:var( --e-global-color-text );font-family:var( --e-global-typography-text-font-family ), Sans-serif;font-weight:var( --e-global-typography-text-font-weight );}.elementor-529 .elementor-element.elementor-element-6ec7507 img{width:100%;height:500px;object-fit:cover;object-position:center center;border-radius:8px 8px 8px 8px;}.elementor-widget-theme-post-title .elementor-heading-title{font-family:var( --e-global-typography-primary-font-family ), Sans-serif;font-weight:var( --e-global-typography-primary-font-weight );color:var( --e-global-color-primary );}.elementor-529 .elementor-element.elementor-element-89ff0b4{text-align:center;}.elementor-529 .elementor-element.elementor-element-89ff0b4 .elementor-heading-title{font-family:\"SFPro\", Sans-serif;font-size:23px;font-weight:400;}<\/style>\t\t<div data-elementor-type=\"loop-item\" data-elementor-id=\"529\" class=\"elementor elementor-529 swiper-slide e-loop-item e-loop-item-2143 post-2143 post type-post status-publish format-standard has-post-thumbnail hentry category-uncategorized\" data-elementor-post-type=\"elementor_library\" role=\"group\" aria-roledescription=\"slide\" data-custom-edit-handle=\"1\">\n\t\t\t<div class=\"elementor-element elementor-element-e3eb2a7 e-flex e-con-boxed e-con e-parent\" data-id=\"e3eb2a7\" data-element_type=\"container\" data-e-type=\"container\">\n\t\t\t\t\t<div class=\"e-con-inner\">\n\t\t\t\t<div class=\"elementor-element elementor-element-6ec7507 elementor-widget elementor-widget-theme-post-featured-image elementor-widget-image\" data-id=\"6ec7507\" data-element_type=\"widget\" data-e-type=\"widget\" data-widget_type=\"theme-post-featured-image.default\">\n\t\t\t\t\t\t\t\t\t\t\t\t\t\t\t\t<a href=\"https:\/\/www.maisondeluxeprague.com\/ru\/blog\/hermes-kelly-kabelka-s-pribehem\/\">\n\t\t\t\t\t\t\t<img fetchpriority=\"high\" decoding=\"async\" width=\"1709\" height=\"2560\" src=\"https:\/\/www.maisondeluxeprague.com\/wp-content\/uploads\/2025\/07\/MaisonDeLuxe_10-scaled.webp\" class=\"attachment-full size-full wp-image-2156\" alt=\"MaisonDeLuxe\" srcset=\"https:\/\/www.maisondeluxeprague.com\/wp-content\/uploads\/2025\/07\/MaisonDeLuxe_10-scaled.webp 1709w, https:\/\/www.maisondeluxeprague.com\/wp-content\/uploads\/2025\/07\/MaisonDeLuxe_10-200x300.webp 200w, https:\/\/www.maisondeluxeprague.com\/wp-content\/uploads\/2025\/07\/MaisonDeLuxe_10-684x1024.webp 684w, https:\/\/www.maisondeluxeprague.com\/wp-content\/uploads\/2025\/07\/MaisonDeLuxe_10-768x1150.webp 768w, https:\/\/www.maisondeluxeprague.com\/wp-content\/uploads\/2025\/07\/MaisonDeLuxe_10-1025x1536.webp 1025w, https:\/\/www.maisondeluxeprague.com\/wp-content\/uploads\/2025\/07\/MaisonDeLuxe_10-1367x2048.webp 1367w, https:\/\/www.maisondeluxeprague.com\/wp-content\/uploads\/2025\/07\/MaisonDeLuxe_10-8x12.webp 8w, https:\/\/www.maisondeluxeprague.com\/wp-content\/uploads\/2025\/07\/MaisonDeLuxe_10-600x899.webp 600w\" sizes=\"(max-width: 1709px) 100vw, 1709px\" \/>\t\t\t\t\t\t\t\t<\/a>\n\t\t\t\t\t\t\t\t\t\t\t\t\t\t\t<\/div>\n\t\t\t\t<div class=\"elementor-element elementor-element-89ff0b4 elementor-widget elementor-widget-theme-post-title elementor-page-title elementor-widget-heading\" data-id=\"89ff0b4\" data-element_type=\"widget\" data-e-type=\"widget\" data-widget_type=\"theme-post-title.default\">\n\t\t\t\t\t<h1 class=\"elementor-heading-title elementor-size-default\"><a href=\"https:\/\/www.maisondeluxeprague.com\/ru\/blog\/hermes-kelly-kabelka-s-pribehem\/\">Herm\u00e8s Kelly \u2014 \u0441\u0443\u043c\u043a\u0430 \u0441 \u0438\u0441\u0442\u043e\u0440\u0438\u0435\u0439<\/a><\/h1>\t\t\t\t<\/div>\n\t\t\t\t\t<\/div>\n\t\t\t\t<\/div>\n\t\t\t\t<\/div>\n\t\t\t\t<div data-elementor-type=\"loop-item\" data-elementor-id=\"529\" class=\"elementor elementor-529 swiper-slide e-loop-item e-loop-item-2131 post-2131 post type-post status-publish format-standard has-post-thumbnail hentry category-uncategorized\" data-elementor-post-type=\"elementor_library\" role=\"group\" aria-roledescription=\"slide\" data-custom-edit-handle=\"1\">\n\t\t\t<div class=\"elementor-element elementor-element-e3eb2a7 e-flex e-con-boxed e-con e-parent\" data-id=\"e3eb2a7\" data-element_type=\"container\" data-e-type=\"container\">\n\t\t\t\t\t<div class=\"e-con-inner\">\n\t\t\t\t<div class=\"elementor-element elementor-element-6ec7507 elementor-widget elementor-widget-theme-post-featured-image elementor-widget-image\" data-id=\"6ec7507\" data-element_type=\"widget\" data-e-type=\"widget\" data-widget_type=\"theme-post-featured-image.default\">\n\t\t\t\t\t\t\t\t\t\t\t\t\t\t\t\t<a href=\"https:\/\/www.maisondeluxeprague.com\/ru\/blog\/proc-pre-owned\/\">\n\t\t\t\t\t\t\t<img decoding=\"async\" width=\"2560\" height=\"1709\" src=\"https:\/\/www.maisondeluxeprague.com\/wp-content\/uploads\/2025\/07\/MaisonDeLuxe_1-scaled.webp\" class=\"attachment-full size-full wp-image-2154\" alt=\"MaisonDeLuxe\" srcset=\"https:\/\/www.maisondeluxeprague.com\/wp-content\/uploads\/2025\/07\/MaisonDeLuxe_1-scaled.webp 2560w, https:\/\/www.maisondeluxeprague.com\/wp-content\/uploads\/2025\/07\/MaisonDeLuxe_1-300x200.webp 300w, https:\/\/www.maisondeluxeprague.com\/wp-content\/uploads\/2025\/07\/MaisonDeLuxe_1-1024x684.webp 1024w, https:\/\/www.maisondeluxeprague.com\/wp-content\/uploads\/2025\/07\/MaisonDeLuxe_1-768x513.webp 768w, https:\/\/www.maisondeluxeprague.com\/wp-content\/uploads\/2025\/07\/MaisonDeLuxe_1-1536x1025.webp 1536w, https:\/\/www.maisondeluxeprague.com\/wp-content\/uploads\/2025\/07\/MaisonDeLuxe_1-2048x1367.webp 2048w, https:\/\/www.maisondeluxeprague.com\/wp-content\/uploads\/2025\/07\/MaisonDeLuxe_1-18x12.webp 18w, https:\/\/www.maisondeluxeprague.com\/wp-content\/uploads\/2025\/07\/MaisonDeLuxe_1-600x401.webp 600w\" sizes=\"(max-width: 2560px) 100vw, 2560px\" \/>\t\t\t\t\t\t\t\t<\/a>\n\t\t\t\t\t\t\t\t\t\t\t\t\t\t\t<\/div>\n\t\t\t\t<div class=\"elementor-element elementor-element-89ff0b4 elementor-widget elementor-widget-theme-post-title elementor-page-title elementor-widget-heading\" data-id=\"89ff0b4\" data-element_type=\"widget\" data-e-type=\"widget\" data-widget_type=\"theme-post-title.default\">\n\t\t\t\t\t<h1 class=\"elementor-heading-title elementor-size-default\"><a href=\"https:\/\/www.maisondeluxeprague.com\/ru\/blog\/proc-pre-owned\/\">\u041f\u043e\u0447\u0435\u043c\u0443 Pre-Owned?<\/a><\/h1>\t\t\t\t<\/div>\n\t\t\t\t\t<\/div>\n\t\t\t\t<\/div>\n\t\t\t\t<\/div>\n\t\t\t\t<div data-elementor-type=\"loop-item\" data-elementor-id=\"529\" class=\"elementor elementor-529 swiper-slide e-loop-item e-loop-item-1116 post-1116 post type-post status-publish format-standard has-post-thumbnail hentry category-uncategorized\" data-elementor-post-type=\"elementor_library\" role=\"group\" aria-roledescription=\"slide\" data-custom-edit-handle=\"1\">\n\t\t\t<div class=\"elementor-element elementor-element-e3eb2a7 e-flex e-con-boxed e-con e-parent\" data-id=\"e3eb2a7\" data-element_type=\"container\" data-e-type=\"container\">\n\t\t\t\t\t<div class=\"e-con-inner\">\n\t\t\t\t<div class=\"elementor-element elementor-element-6ec7507 elementor-widget elementor-widget-theme-post-featured-image elementor-widget-image\" data-id=\"6ec7507\" data-element_type=\"widget\" data-e-type=\"widget\" data-widget_type=\"theme-post-featured-image.default\">\n\t\t\t\t\t\t\t\t\t\t\t\t\t\t\t\t<a href=\"https:\/\/www.maisondeluxeprague.com\/ru\/blog\/overovani-pravosti\/\">\n\t\t\t\t\t\t\t<img decoding=\"async\" width=\"2560\" height=\"1709\" src=\"https:\/\/www.maisondeluxeprague.com\/wp-content\/uploads\/2025\/07\/MaisonDeLuxe_13-scaled.webp\" class=\"attachment-full size-full wp-image-2155\" alt=\"MaisonDeLuxe\" srcset=\"https:\/\/www.maisondeluxeprague.com\/wp-content\/uploads\/2025\/07\/MaisonDeLuxe_13-scaled.webp 2560w, https:\/\/www.maisondeluxeprague.com\/wp-content\/uploads\/2025\/07\/MaisonDeLuxe_13-300x200.webp 300w, https:\/\/www.maisondeluxeprague.com\/wp-content\/uploads\/2025\/07\/MaisonDeLuxe_13-1024x684.webp 1024w, https:\/\/www.maisondeluxeprague.com\/wp-content\/uploads\/2025\/07\/MaisonDeLuxe_13-768x513.webp 768w, https:\/\/www.maisondeluxeprague.com\/wp-content\/uploads\/2025\/07\/MaisonDeLuxe_13-1536x1025.webp 1536w, https:\/\/www.maisondeluxeprague.com\/wp-content\/uploads\/2025\/07\/MaisonDeLuxe_13-2048x1367.webp 2048w, https:\/\/www.maisondeluxeprague.com\/wp-content\/uploads\/2025\/07\/MaisonDeLuxe_13-18x12.webp 18w, https:\/\/www.maisondeluxeprague.com\/wp-content\/uploads\/2025\/07\/MaisonDeLuxe_13-600x401.webp 600w\" sizes=\"(max-width: 2560px) 100vw, 2560px\" \/>\t\t\t\t\t\t\t\t<\/a>\n\t\t\t\t\t\t\t\t\t\t\t\t\t\t\t<\/div>\n\t\t\t\t<div class=\"elementor-element elementor-element-89ff0b4 elementor-widget elementor-widget-theme-post-title elementor-page-title elementor-widget-heading\" data-id=\"89ff0b4\" data-element_type=\"widget\" data-e-type=\"widget\" data-widget_type=\"theme-post-title.default\">\n\t\t\t\t\t<h1 class=\"elementor-heading-title elementor-size-default\"><a href=\"https:\/\/www.maisondeluxeprague.com\/ru\/blog\/overovani-pravosti\/\">\u041f\u0440\u043e\u0432\u0435\u0440\u043a\u0430 \u043f\u043e\u0434\u043b\u0438\u043d\u043d\u043e\u0441\u0442\u0438<\/a><\/h1>\t\t\t\t<\/div>\n\t\t\t\t\t<\/div>\n\t\t\t\t<\/div>\n\t\t\t\t<\/div>\n\t\t\t\t<\/div>\n\t\t<\/div>\n\t\t\t\t\t<div class=\"elementor-swiper-button elementor-swiper-button-prev\" role=\"button\" tabindex=\"0\" aria-label=\"\u041f\u0440\u0435\u0434\u044b\u0434\u0443\u0449\u0430\u044f\">\n\t\t\t\t<svg xmlns=\"http:\/\/www.w3.org\/2000\/svg\" width=\"21\" height=\"50\" viewbox=\"0 0 21 50\" fill=\"none\"><path d=\"M20 1L2 25L20 49\" stroke=\"#3E0621\" stroke-width=\"2\"><\/path><\/svg>\t\t\t<\/div>\n\t\t\t<div class=\"elementor-swiper-button elementor-swiper-button-next\" role=\"button\" tabindex=\"0\" aria-label=\"\u0421\u043b\u0435\u0434\u0443\u044e\u0449\u0430\u044f\">\n\t\t\t\t<svg xmlns=\"http:\/\/www.w3.org\/2000\/svg\" width=\"21\" height=\"50\" viewbox=\"0 0 21 50\" fill=\"none\"><path d=\"M1 49L19 25L0.999998 0.999999\" stroke=\"#3E0621\" stroke-width=\"2\"><\/path><\/svg>\t\t\t<\/div>\n\t\t\t\t\t\t<\/div>\n\t\t\t\t\t<\/div>\n\t\t\t\t<\/div>\n\t\t\t\t<\/div>","protected":false},"excerpt":{"rendered":"<p>N\u00e1\u0161 blog va\u0161e inspirace<\/p>","protected":false},"author":1,"featured_media":0,"parent":0,"menu_order":0,"comment_status":"closed","ping_status":"closed","template":"elementor_header_footer","meta":{"slim_seo":{"title":"Ov\u011b\u0159ov\u00e1n\u00ed pravosti - Maison de Luxe Prague","description":"K rychl\u00e9mu, p\u0159esn\u00e9mu a d\u016fv\u011bryhodn\u00e9mu ov\u011b\u0159en\u00ed pravosti luxusn\u00edho zbo\u017e\u00ed vyu\u017e\u00edv\u00e1me v Maison de Luxe technologii Entrupy, kterou dnes pou\u017e\u00edvaj\u00ed stovky reseller\u016f lux"},"footnotes":""},"class_list":["post-31","page","type-page","status-publish","hentry"],"_links":{"self":[{"href":"https:\/\/www.maisondeluxeprague.com\/ru\/wp-json\/wp\/v2\/pages\/31","targetHints":{"allow":["GET"]}}],"collection":[{"href":"https:\/\/www.maisondeluxeprague.com\/ru\/wp-json\/wp\/v2\/pages"}],"about":[{"href":"https:\/\/www.maisondeluxeprague.com\/ru\/wp-json\/wp\/v2\/types\/page"}],"author":[{"embeddable":true,"href":"https:\/\/www.maisondeluxeprague.com\/ru\/wp-json\/wp\/v2\/users\/1"}],"replies":[{"embeddable":true,"href":"https:\/\/www.maisondeluxeprague.com\/ru\/wp-json\/wp\/v2\/comments?post=31"}],"version-history":[{"count":5,"href":"https:\/\/www.maisondeluxeprague.com\/ru\/wp-json\/wp\/v2\/pages\/31\/revisions"}],"predecessor-version":[{"id":2166,"href":"https:\/\/www.maisondeluxeprague.com\/ru\/wp-json\/wp\/v2\/pages\/31\/revisions\/2166"}],"wp:attachment":[{"href":"https:\/\/www.maisondeluxeprague.com\/ru\/wp-json\/wp\/v2\/media?parent=31"}],"curies":[{"name":"wp","href":"https:\/\/api.w.org\/{rel}","templated":true}]}}