{"id":29,"date":"2025-05-23T18:04:46","date_gmt":"2025-05-23T16:04:46","guid":{"rendered":"https:\/\/www.maisondeluxeprague.com\/?page_id=29"},"modified":"2026-02-10T10:24:54","modified_gmt":"2026-02-10T09:24:54","slug":"o-nas","status":"publish","type":"page","link":"https:\/\/www.maisondeluxeprague.com\/ru\/o-nas\/","title":{"rendered":"\u041e \u043d\u0430\u0441"},"content":{"rendered":"<div data-elementor-type=\"wp-page\" data-elementor-id=\"29\" class=\"elementor elementor-29\" data-elementor-post-type=\"page\">\n\t\t\t\t<div class=\"elementor-element elementor-element-4bffb80 e-flex e-con-boxed e-con e-parent\" data-id=\"4bffb80\" data-element_type=\"container\" data-e-type=\"container\">\n\t\t\t\t\t<div class=\"e-con-inner\">\n\t\t<div class=\"elementor-element elementor-element-25cc019 e-con-full e-flex e-con e-child\" data-id=\"25cc019\" data-element_type=\"container\" data-e-type=\"container\">\n\t\t\t\t<div class=\"elementor-element elementor-element-ddb5c93 elementor-widget__width-initial elementor-widget elementor-widget-image\" data-id=\"ddb5c93\" data-element_type=\"widget\" data-e-type=\"widget\" data-widget_type=\"image.default\">\n\t\t\t\t\t\t\t\t\t\t\t\t\t\t\t<img fetchpriority=\"high\" decoding=\"async\" width=\"684\" height=\"1024\" src=\"https:\/\/www.maisondeluxeprague.com\/wp-content\/uploads\/2025\/07\/Klara_portret_1-684x1024.webp\" class=\"attachment-large size-large wp-image-1985\" alt=\"Klara portret\" srcset=\"https:\/\/www.maisondeluxeprague.com\/wp-content\/uploads\/2025\/07\/Klara_portret_1-684x1024.webp 684w, https:\/\/www.maisondeluxeprague.com\/wp-content\/uploads\/2025\/07\/Klara_portret_1-200x300.webp 200w, https:\/\/www.maisondeluxeprague.com\/wp-content\/uploads\/2025\/07\/Klara_portret_1-768x1150.webp 768w, https:\/\/www.maisondeluxeprague.com\/wp-content\/uploads\/2025\/07\/Klara_portret_1-1025x1536.webp 1025w, https:\/\/www.maisondeluxeprague.com\/wp-content\/uploads\/2025\/07\/Klara_portret_1-1367x2048.webp 1367w, https:\/\/www.maisondeluxeprague.com\/wp-content\/uploads\/2025\/07\/Klara_portret_1-8x12.webp 8w, https:\/\/www.maisondeluxeprague.com\/wp-content\/uploads\/2025\/07\/Klara_portret_1-600x899.webp 600w, https:\/\/www.maisondeluxeprague.com\/wp-content\/uploads\/2025\/07\/Klara_portret_1-scaled.webp 1709w\" sizes=\"(max-width: 684px) 100vw, 684px\" \/>\t\t\t\t\t\t\t\t\t\t\t\t\t\t\t<\/div>\n\t\t<div class=\"elementor-element elementor-element-42728ad e-con-full e-flex e-con e-child\" data-id=\"42728ad\" data-element_type=\"container\" data-e-type=\"container\">\n\t\t<div class=\"elementor-element elementor-element-c5d6c61 e-con-full e-flex e-con e-child\" data-id=\"c5d6c61\" data-element_type=\"container\" data-e-type=\"container\">\n\t\t\t\t<div class=\"elementor-element elementor-element-7f893aa elementor-widget elementor-widget-heading\" data-id=\"7f893aa\" data-element_type=\"widget\" data-e-type=\"widget\" data-widget_type=\"heading.default\">\n\t\t\t\t\t<h2 class=\"elementor-heading-title elementor-size-default\"><span class=\"pro\">\u041a\u0442\u043e <\/span>\u043c\u044b?<\/h2>\t\t\t\t<\/div>\n\t\t\t\t<div class=\"elementor-element elementor-element-3113516 elementor-widget elementor-widget-text-editor\" data-id=\"3113516\" data-element_type=\"widget\" data-e-type=\"widget\" data-widget_type=\"text-editor.default\">\n\t\t\t\t\t\t\t\t\t<p>\u0414\u043e\u0431\u0440\u043e \u043f\u043e\u0436\u0430\u043b\u043e\u0432\u0430\u0442\u044c \u0432 \u0438\u043d\u0442\u0435\u0440\u043d\u0435\u0442-\u043c\u0430\u0433\u0430\u0437\u0438\u043d Maison de Luxe \u2014 \u043c\u0435\u0441\u0442\u043e, \u0433\u0434\u0435 \u0432\u0441\u0442\u0440\u0435\u0447\u0430\u044e\u0442\u0441\u044f \u043b\u044e\u0431\u043e\u0432\u044c \u043a \u043c\u043e\u0434\u0435, \u0447\u0435\u0441\u0442\u043d\u043e\u0435 \u043c\u0430\u0441\u0442\u0435\u0440\u0441\u0442\u0432\u043e \u0438 \u0443\u0432\u0430\u0436\u0435\u043d\u0438\u0435 \u043a \u0438\u0441\u0442\u043e\u0440\u0438\u044f\u043c, \u043a\u043e\u0442\u043e\u0440\u044b\u0435 \u0437\u0430\u0441\u043b\u0443\u0436\u0438\u0432\u0430\u044e\u0442 \u043f\u0440\u043e\u0434\u043e\u043b\u0436\u0435\u043d\u0438\u044f.<\/p><p>\u041c\u0435\u043d\u044f \u0437\u043e\u0432\u0443\u0442 \u041a\u043b\u0430\u0440\u0430, \u0438 \u0437\u0430 \u0441\u043e\u0437\u0434\u0430\u043d\u0438\u0435\u043c \u044d\u0442\u043e\u0433\u043e \u0431\u0440\u0435\u043d\u0434\u0430 \u0441\u0442\u043e\u0438\u0442 \u0431\u043e\u043b\u044c\u0448\u0435, \u0447\u0435\u043c \u043f\u0440\u043e\u0441\u0442\u043e \u0441\u043b\u0443\u0447\u0430\u0439\u043d\u043e\u0441\u0442\u044c, \u0445\u043e\u0442\u044f \u0438\u043c\u0435\u043d\u043d\u043e \u043e\u043d\u0430 \u0432 \u0438\u0442\u043e\u0433\u0435 \u043f\u0440\u0438\u0432\u0435\u043b\u0430 \u043c\u0435\u043d\u044f \u043a Maison de Luxe.<\/p>\t\t\t\t\t\t\t\t<\/div>\n\t\t\t\t<\/div>\n\t\t\t\t<\/div>\n\t\t\t\t<\/div>\n\t\t\t\t\t<\/div>\n\t\t\t\t<\/div>\n\t\t<div class=\"elementor-element elementor-element-4c21df3 e-flex e-con-boxed e-con e-parent\" data-id=\"4c21df3\" data-element_type=\"container\" data-e-type=\"container\">\n\t\t\t\t\t<div class=\"e-con-inner\">\n\t\t\t\t<div class=\"elementor-element elementor-element-30bd57a elementor-widget__width-initial elementor-widget elementor-widget-heading\" data-id=\"30bd57a\" data-element_type=\"widget\" data-e-type=\"widget\" data-widget_type=\"heading.default\">\n\t\t\t\t\t<h2 class=\"elementor-heading-title elementor-size-default\"><span class=\"pro\">\u041c\u043e\u0439 <\/span>\u043f\u0443\u0442\u044c<\/h2>\t\t\t\t<\/div>\n\t\t\t\t<div class=\"elementor-element elementor-element-43dbade elementor-widget__width-initial elementor-widget-divider--view-line elementor-widget elementor-widget-divider\" data-id=\"43dbade\" data-element_type=\"widget\" data-e-type=\"widget\" data-widget_type=\"divider.default\">\n\t\t\t\t\t\t\t<div class=\"elementor-divider\">\n\t\t\t<span class=\"elementor-divider-separator\">\n\t\t\t\t\t\t<\/span>\n\t\t<\/div>\n\t\t\t\t\t\t<\/div>\n\t\t<div class=\"elementor-element elementor-element-1013726 e-con-full e-flex e-con e-child\" data-id=\"1013726\" data-element_type=\"container\" data-e-type=\"container\">\n\t\t\t\t<div class=\"elementor-element elementor-element-f7bbb88 elementor-widget__width-initial elementor-widget elementor-widget-text-editor\" data-id=\"f7bbb88\" data-element_type=\"widget\" data-e-type=\"widget\" data-widget_type=\"text-editor.default\">\n\t\t\t\t\t\t\t\t\t<p>\u042f \u043b\u044e\u0431\u043b\u044e \u043c\u043e\u0434\u0443 \u0441 \u0441\u0430\u043c\u043e\u0433\u043e \u0434\u0435\u0442\u0441\u0442\u0432\u0430. \u0414\u0430\u0436\u0435 \u0431\u0443\u0434\u0443\u0447\u0438 \u043f\u043e\u0434\u0440\u043e\u0441\u0442\u043a\u043e\u043c, \u044f \u0437\u043d\u0430\u043b\u0430, \u0447\u0442\u043e \u0445\u043e\u0447\u0443 \u043f\u043e\u0441\u0432\u044f\u0442\u0438\u0442\u044c \u0441\u0435\u0431\u044f \u0435\u0439 \u043f\u043e\u043b\u043d\u043e\u0441\u0442\u044c\u044e, \u043f\u043e\u044d\u0442\u043e\u043c\u0443 \u0440\u0435\u0448\u0438\u043b\u0430 \u0443\u0447\u0438\u0442\u044c\u0441\u044f \u0432 \u0441\u0440\u0435\u0434\u043d\u0435\u0439 \u0448\u043a\u043e\u043b\u0435 \u043c\u043e\u0434\u044b \u0432 \u041f\u0440\u0430\u0433\u0435. \u0428\u043a\u043e\u043b\u0430 \u043d\u0430\u0443\u0447\u0438\u043b\u0430 \u043c\u0435\u043d\u044f \u0440\u0430\u0437\u0431\u0438\u0440\u0430\u0442\u044c\u0441\u044f \u0432 \u043c\u0430\u0442\u0435\u0440\u0438\u0430\u043b\u0430\u0445 \u0438 \u0432\u0438\u0434\u0435\u0442\u044c \u043a\u0430\u0447\u0435\u0441\u0442\u0432\u043e \u043c\u0430\u0441\u0442\u0435\u0440\u0441\u0442\u0432\u0430 \u0432 \u043a\u0430\u0436\u0434\u043e\u0439 \u0432\u0435\u0449\u0438. \u0421 \u0442\u0435\u0445 \u043f\u043e\u0440 \u044f \u0440\u0430\u0431\u043e\u0442\u0430\u044e \u0432 \u043c\u0438\u0440\u0435 \u043c\u043e\u0434\u044b \u0438 \u0441\u0442\u0438\u043b\u0438\u043d\u0433\u0430.<\/p><p>\u00a0<\/p><p>\u0412 21 \u0433\u043e\u0434 \u044f \u043a\u0443\u043f\u0438\u043b\u0430 \u0441\u0432\u043e\u044e \u043f\u0435\u0440\u0432\u0443\u044e \u0431\u0440\u0435\u043d\u0434\u043e\u0432\u0443\u044e \u0441\u0443\u043c\u043a\u0443, \u043a\u043e\u0442\u043e\u0440\u0430\u044f \u0443 \u043c\u0435\u043d\u044f \u0435\u0441\u0442\u044c \u0434\u043e \u0441\u0438\u0445 \u043f\u043e\u0440. \u041d\u043e \u043c\u043e\u0434\u0430 \u0434\u043b\u044f \u043c\u0435\u043d\u044f \u043d\u0438\u043a\u043e\u0433\u0434\u0430 \u043d\u0435 \u0431\u044b\u043b\u0430 \u0442\u043e\u043b\u044c\u043a\u043e \u043e \u0441\u0442\u0438\u043b\u0435 \u2014 \u043e\u043d\u0430 \u0442\u0430\u043a\u0436\u0435 \u043e \u0446\u0435\u043d\u043d\u043e\u0441\u0442\u0438, \u043c\u0430\u0441\u0442\u0435\u0440\u0441\u0442\u0432\u0435 \u0438 \u0438\u0441\u0442\u043e\u0440\u0438\u0438.<br \/>\u0159emesle a p\u0159\u00edb\u011bhu.<\/p>\t\t\t\t\t\t\t\t<\/div>\n\t\t\t\t<div class=\"elementor-element elementor-element-ca882d0 elementor-widget__width-initial elementor-widget-mobile__width-initial elementor-widget elementor-widget-text-editor\" data-id=\"ca882d0\" data-element_type=\"widget\" data-e-type=\"widget\" data-widget_type=\"text-editor.default\">\n\t\t\t\t\t\t\t\t\t<p>\u041f\u043e\u0441\u043b\u0435 \u0440\u043e\u0436\u0434\u0435\u043d\u0438\u044f \u043c\u043e\u0435\u0439 \u0432\u0442\u043e\u0440\u043e\u0439 \u0434\u043e\u0447\u0435\u0440\u0438 \u044f \u043d\u0430\u0447\u0430\u043b\u0430 \u0434\u0443\u043c\u0430\u0442\u044c \u043e \u0442\u043e\u043c, \u043a\u0430\u043a \u0441\u043e\u0432\u043c\u0435\u0449\u0430\u0442\u044c \u0437\u0430\u0431\u043e\u0442\u0443 \u043e \u0441\u0435\u043c\u044c\u0435 \u0441 \u0440\u0430\u0431\u043e\u0442\u043e\u0439, \u043a\u043e\u0442\u043e\u0440\u0430\u044f \u0431\u044b \u043c\u0435\u043d\u044f \u0434\u0435\u0439\u0441\u0442\u0432\u0438\u0442\u0435\u043b\u044c\u043d\u043e \u0432\u0434\u043e\u0445\u043d\u043e\u0432\u043b\u044f\u043b\u0430. \u0412 \u0442\u043e \u0432\u0440\u0435\u043c\u044f \u044f \u043f\u0440\u043e\u0434\u0430\u0432\u0430\u043b\u0430 \u043d\u0435\u043a\u043e\u0442\u043e\u0440\u044b\u0435 \u0441\u0432\u043e\u0438 \u0432\u0435\u0449\u0438 \u0441 \u043f\u0440\u043e\u0448\u043b\u044b\u043c \u043e\u043f\u044b\u0442\u043e\u043c \u043d\u043e\u0448\u0435\u043d\u0438\u044f, \u0438 \u0442\u043e\u0433\u0434\u0430 \u043c\u043d\u0435 \u043f\u0440\u0438\u0448\u043b\u0430 \u0438\u0434\u0435\u044f \u0437\u0430\u043d\u044f\u0442\u044c\u0441\u044f \u043f\u0440\u0435\u0434\u043f\u0440\u0438\u043d\u0438\u043c\u0430\u0442\u0435\u043b\u044c\u0441\u0442\u0432\u043e\u043c \u0441 \u0433\u0438\u0431\u043a\u0438\u043c \u0433\u0440\u0430\u0444\u0438\u043a\u043e\u043c. \u0422\u0430\u043a \u044f \u0441\u043e\u0437\u0434\u0430\u043b\u0430 \u043f\u0440\u043e\u0444\u0438\u043b\u044c \u043d\u0430 \u043c\u0435\u0436\u0434\u0443\u043d\u0430\u0440\u043e\u0434\u043d\u043e\u0439 \u043f\u043b\u0430\u0442\u0444\u043e\u0440\u043c\u0435 \u0438 \u043d\u0430\u0447\u0430\u043b\u0430 \u043f\u0440\u043e\u0434\u0430\u0432\u0430\u0442\u044c \u043f\u0440\u0435\u043c\u0438\u0430\u043b\u044c\u043d\u044b\u0435 \u0432\u0435\u0449\u0438.<\/p>\t\t\t\t\t\t\t\t<\/div>\n\t\t\t\t<\/div>\n\t\t\t\t\t<\/div>\n\t\t\t\t<\/div>\n\t\t<div class=\"elementor-element elementor-element-8eb5178 e-flex e-con-boxed e-con e-parent\" data-id=\"8eb5178\" data-element_type=\"container\" data-e-type=\"container\">\n\t\t\t\t\t<div class=\"e-con-inner\">\n\t\t\t\t<div class=\"elementor-element elementor-element-2fc979a elementor-widget__width-initial elementor-widget elementor-widget-heading\" data-id=\"2fc979a\" data-element_type=\"widget\" data-e-type=\"widget\" data-widget_type=\"heading.default\">\n\t\t\t\t\t<h2 class=\"elementor-heading-title elementor-size-default\"><span class=\"pro\">Maison de<\/span> Luxe<\/h2>\t\t\t\t<\/div>\n\t\t\t\t<div class=\"elementor-element elementor-element-9e3d527 elementor-widget__width-initial elementor-hidden-mobile elementor-widget-divider--view-line elementor-widget elementor-widget-divider\" data-id=\"9e3d527\" data-element_type=\"widget\" data-e-type=\"widget\" data-widget_type=\"divider.default\">\n\t\t\t\t\t\t\t<div class=\"elementor-divider\">\n\t\t\t<span class=\"elementor-divider-separator\">\n\t\t\t\t\t\t<\/span>\n\t\t<\/div>\n\t\t\t\t\t\t<\/div>\n\t\t<div class=\"elementor-element elementor-element-ed07feb e-con-full e-flex e-con e-child\" data-id=\"ed07feb\" data-element_type=\"container\" data-e-type=\"container\">\n\t\t\t\t<div class=\"elementor-element elementor-element-addf13b elementor-widget__width-initial elementor-widget elementor-widget-text-editor\" data-id=\"addf13b\" data-element_type=\"widget\" data-e-type=\"widget\" data-widget_type=\"text-editor.default\">\n\t\t\t\t\t\t\t\t\t<p>\u0411\u0440\u0435\u043d\u0434 Maison de Luxe \u0440\u043e\u0434\u0438\u043b\u0441\u044f \u0431\u0443\u043a\u0432\u0430\u043b\u044c\u043d\u043e \u0432 \u0433\u043e\u0441\u0442\u0438\u043d\u043e\u0439. \u0421\u0443\u043c\u043a\u0438 \u044f \u0447\u0438\u0441\u0442\u0438\u043b\u0430, \u043f\u0440\u043e\u0432\u0435\u0440\u044f\u043b\u0430 \u0438 \u0444\u043e\u0442\u043e\u0433\u0440\u0430\u0444\u0438\u0440\u043e\u0432\u0430\u043b\u0430 \u0441\u0440\u0435\u0434\u0438 \u0434\u0435\u0442\u0441\u043a\u0438\u0445 \u0438\u0433\u0440\u0443\u0448\u0435\u043a. \u041e\u0434\u043d\u0430\u0436\u0434\u044b \u044f \u0440\u0435\u0448\u0438\u043b\u0430, \u0447\u0442\u043e \u0431\u043e\u043b\u044c\u0448\u0435 \u043d\u0435 \u0445\u043e\u0447\u0443 \u0438\u043c\u0435\u0442\u044c \u043c\u0430\u0441\u0442\u0435\u0440\u0441\u043a\u0443\u044e \u0432 \u0441\u0442\u043e\u043b\u043e\u0432\u043e\u0439, \u0438 \u043f\u0435\u0440\u0435\u0435\u0445\u0430\u043b\u0430 \u0432 \u0448\u043e\u0443\u0440\u0443\u043c \u043d\u0430 \u0412\u0430\u0446\u043b\u0430\u0432\u0441\u043a\u043e\u0439 \u043f\u043b\u043e\u0449\u0430\u0434\u0438. \u0422\u0430\u043a \u043f\u043e\u0441\u0442\u0435\u043f\u0435\u043d\u043d\u043e \u0440\u043e\u0434\u0438\u043b\u043e\u0441\u044c \u043c\u043e\u0451 \u00ab\u0434\u0440\u0443\u0433\u043e\u0435 \u0434\u0438\u0442\u044f\u00bb \u2014 \u043f\u0440\u043e\u0435\u043a\u0442 Maison de Luxe, \u0447\u0442\u043e \u043d\u0430 \u0444\u0440\u0430\u043d\u0446\u0443\u0437\u0441\u043a\u043e\u043c \u043e\u0437\u043d\u0430\u0447\u0430\u0435\u0442 \u00ab\u0414\u043e\u043c \u0440\u043e\u0441\u043a\u043e\u0448\u0438\u00bb.<\/p>\t\t\t\t\t\t\t\t<\/div>\n\t\t\t\t<div class=\"elementor-element elementor-element-0d58b49 elementor-widget__width-initial elementor-widget elementor-widget-text-editor\" data-id=\"0d58b49\" data-element_type=\"widget\" data-e-type=\"widget\" data-widget_type=\"text-editor.default\">\n\t\t\t\t\t\t\t\t\t<p>\u042f \u0432\u0435\u0440\u044e \u0432 slow fashion. \u041c\u043d\u0435 \u043d\u0435 \u0438\u043c\u0435\u0435\u0442 \u0441\u043c\u044b\u0441\u043b\u0430 \u043f\u043e\u043a\u0443\u043f\u0430\u0442\u044c \u043d\u043e\u0432\u044b\u0435 \u0441\u0443\u043c\u043a\u0438, \u043a\u043e\u0433\u0434\u0430 \u0441\u0442\u0430\u0440\u044b\u0435 \u0447\u0430\u0441\u0442\u043e \u043a\u0430\u0447\u0435\u0441\u0442\u0432\u0435\u043d\u043d\u0435\u0435 \u0438 \u043c\u043e\u0433\u0443\u0442 \u0434\u043e\u0441\u0442\u0430\u0432\u0438\u0442\u044c \u0440\u0430\u0434\u043e\u0441\u0442\u044c \u043a\u043e\u043c\u0443-\u0442\u043e \u0435\u0449\u0451. \u041f\u0440\u0435\u043a\u0440\u0430\u0441\u043d\u043e, \u043a\u043e\u0433\u0434\u0430 \u0441\u0443\u043c\u043a\u0430, \u043a\u043e\u0442\u043e\u0440\u0430\u044f \u0438\u043d\u0430\u0447\u0435 \u043b\u0435\u0436\u0430\u043b\u0430 \u0431\u044b \u0431\u0435\u0437 \u0434\u0435\u043b\u0430 \u0432 \u0448\u043a\u0430\u0444\u0443, \u043e\u0436\u0438\u0432\u0430\u0435\u0442 \u0432\u043d\u043e\u0432\u044c \u0438 \u043d\u0430\u0445\u043e\u0434\u0438\u0442 \u043d\u043e\u0432\u0443\u044e \u0445\u043e\u0437\u044f\u0439\u043a\u0443.<\/p>\t\t\t\t\t\t\t\t<\/div>\n\t\t\t\t<\/div>\n\t\t\t\t\t<\/div>\n\t\t\t\t<\/div>\n\t\t<div class=\"elementor-element elementor-element-9c1d30a e-flex e-con-boxed e-con e-parent\" data-id=\"9c1d30a\" data-element_type=\"container\" data-e-type=\"container\">\n\t\t\t\t\t<div class=\"e-con-inner\">\n\t\t<div class=\"elementor-element elementor-element-94b2362 e-con-full e-flex e-con e-child\" data-id=\"94b2362\" data-element_type=\"container\" data-e-type=\"container\">\n\t\t\t\t<div class=\"elementor-element elementor-element-e124a4d elementor-widget__width-initial elementor-widget elementor-widget-image\" data-id=\"e124a4d\" data-element_type=\"widget\" data-e-type=\"widget\" data-widget_type=\"image.default\">\n\t\t\t\t\t\t\t\t\t\t\t\t\t\t\t<img decoding=\"async\" width=\"684\" height=\"1024\" src=\"https:\/\/www.maisondeluxeprague.com\/wp-content\/uploads\/2025\/07\/Klara_portret_4-684x1024.webp\" class=\"attachment-large size-large wp-image-1121\" alt=\"Klara portret\" srcset=\"https:\/\/www.maisondeluxeprague.com\/wp-content\/uploads\/2025\/07\/Klara_portret_4-684x1024.webp 684w, https:\/\/www.maisondeluxeprague.com\/wp-content\/uploads\/2025\/07\/Klara_portret_4-200x300.webp 200w, https:\/\/www.maisondeluxeprague.com\/wp-content\/uploads\/2025\/07\/Klara_portret_4-768x1151.webp 768w, https:\/\/www.maisondeluxeprague.com\/wp-content\/uploads\/2025\/07\/Klara_portret_4-1025x1536.webp 1025w, https:\/\/www.maisondeluxeprague.com\/wp-content\/uploads\/2025\/07\/Klara_portret_4-1367x2048.webp 1367w, https:\/\/www.maisondeluxeprague.com\/wp-content\/uploads\/2025\/07\/Klara_portret_4-600x899.webp 600w, https:\/\/www.maisondeluxeprague.com\/wp-content\/uploads\/2025\/07\/Klara_portret_4-scaled.webp 1709w\" sizes=\"(max-width: 684px) 100vw, 684px\" \/>\t\t\t\t\t\t\t\t\t\t\t\t\t\t\t<\/div>\n\t\t<div class=\"elementor-element elementor-element-20a89b2 e-con-full e-flex e-con e-child\" data-id=\"20a89b2\" data-element_type=\"container\" data-e-type=\"container\">\n\t\t<div class=\"elementor-element elementor-element-e933a1d e-con-full e-flex e-con e-child\" data-id=\"e933a1d\" data-element_type=\"container\" data-e-type=\"container\">\n\t\t\t\t<div class=\"elementor-element elementor-element-b118e4f elementor-widget elementor-widget-heading\" data-id=\"b118e4f\" data-element_type=\"widget\" data-e-type=\"widget\" data-widget_type=\"heading.default\">\n\t\t\t\t\t<h2 class=\"elementor-heading-title elementor-size-default\"><span class=\"pro\">\u041a\u0430\u0447\u0435\u0441\u0442\u0432\u043e \u0438 <\/span>\u0434\u043e\u0432\u0435\u0440\u0438\u0435<\/h2>\t\t\t\t<\/div>\n\t\t\t\t<div class=\"elementor-element elementor-element-e742bb7 elementor-widget elementor-widget-text-editor\" data-id=\"e742bb7\" data-element_type=\"widget\" data-e-type=\"widget\" data-widget_type=\"text-editor.default\">\n\t\t\t\t\t\t\t\t\t<p>\u042f \u0442\u0449\u0430\u0442\u0435\u043b\u044c\u043d\u043e \u043f\u043e\u0434\u0431\u0438\u0440\u0430\u044e \u043a\u0430\u0436\u0434\u0443\u044e \u0441\u0443\u043c\u043a\u0443, \u043f\u0440\u043e\u0432\u0435\u0440\u044f\u044e \u0435\u0451 \u043f\u043e\u0434\u043b\u0438\u043d\u043d\u043e\u0441\u0442\u044c, \u043e\u0447\u0438\u0449\u0430\u044e \u0438 \u0430\u043a\u043a\u0443\u0440\u0430\u0442\u043d\u043e \u0432\u043e\u0441\u0441\u0442\u0430\u043d\u0430\u0432\u043b\u0438\u0432\u0430\u044e. \u0427\u0435\u0440\u0435\u0437 \u043c\u043e\u0438 \u0440\u0443\u043a\u0438 \u043f\u0440\u043e\u0448\u043b\u043e \u0443\u0436\u0435 \u0441\u043e\u0442\u043d\u0438 \u0441\u0443\u043c\u043e\u043a. \u042f \u043f\u0440\u043e\u0448\u043b\u0430 \u043e\u0431\u0443\u0447\u0435\u043d\u0438\u0435 \u043f\u043e \u0430\u0443\u0442\u0435\u043d\u0442\u0438\u0444\u0438\u043a\u0430\u0446\u0438\u0438 \u0437\u0430 \u0433\u0440\u0430\u043d\u0438\u0446\u0435\u0439 \u0438 \u043f\u0440\u043e\u0434\u043e\u043b\u0436\u0430\u044e \u0443\u0433\u043b\u0443\u0431\u043b\u044f\u0442\u044c \u0441\u0432\u043e\u0438 \u0437\u043d\u0430\u043d\u0438\u044f \u0432 \u044d\u0442\u043e\u0439 \u043e\u0431\u043b\u0430\u0441\u0442\u0438. \u041c\u044b \u0440\u0430\u0431\u043e\u0442\u0430\u0435\u043c \u0442\u043e\u043b\u044c\u043a\u043e \u0441 \u043f\u0440\u043e\u0432\u0435\u0440\u0435\u043d\u043d\u044b\u043c\u0438 \u043f\u043e\u0441\u0442\u0430\u0432\u0449\u0438\u043a\u0430\u043c\u0438 \u0441\u043e \u0432\u0441\u0435\u0433\u043e \u043c\u0438\u0440\u0430, \u0442\u0430\u043a \u0447\u0442\u043e \u0432\u044b \u043c\u043e\u0436\u0435\u0442\u0435 \u0431\u044b\u0442\u044c \u0443\u0432\u0435\u0440\u0435\u043d\u044b: \u043a\u0430\u0436\u0434\u0430\u044f \u0432\u0435\u0449\u044c, \u043a\u043e\u0442\u043e\u0440\u0443\u044e \u0432\u044b \u043d\u0430\u0445\u043e\u0434\u0438\u0442\u0435 \u0443 \u043d\u0430\u0441, \u2014 \u044d\u0442\u043e \u043f\u043e\u0434\u043b\u0438\u043d\u043d\u044b\u0439 \u043e\u0440\u0438\u0433\u0438\u043d\u0430\u043b \u0432 \u043e\u0442\u043b\u0438\u0447\u043d\u043e\u043c \u0441\u043e\u0441\u0442\u043e\u044f\u043d\u0438\u0438.<br \/><br \/>\u041c\u043d\u0435 \u0431\u0443\u0434\u0435\u0442 \u043f\u043e-\u043d\u0430\u0441\u0442\u043e\u044f\u0449\u0435\u043c\u0443 \u043f\u0440\u0438\u044f\u0442\u043d\u043e, \u0435\u0441\u043b\u0438 \u043e\u0434\u043d\u0430 \u0438\u0437 \u043d\u0430\u0448\u0438\u0445 \u0441\u0443\u043c\u043e\u043a \u043f\u0440\u0438\u043d\u0435\u0441\u0451\u0442 \u0432\u0430\u043c \u0440\u0430\u0434\u043e\u0441\u0442\u044c. <br \/><br \/>\u041f\u043e\u0442\u043e\u043c\u0443 \u0447\u0442\u043e \u0432\u044b \u0437\u0430\u0441\u043b\u0443\u0436\u0438\u0432\u0430\u0435\u0442\u0435 \u044d\u0442\u043e\u0439 \u0440\u0430\u0434\u043e\u0441\u0442\u0438.<br \/>\u0421 \u043b\u044e\u0431\u043e\u0432\u044c\u044e,<br \/>\u041a\u043b\u0430\u0440\u0430<\/p>\t\t\t\t\t\t\t\t<\/div>\n\t\t\t\t<\/div>\n\t\t\t\t<\/div>\n\t\t\t\t<\/div>\n\t\t\t\t\t<\/div>\n\t\t\t\t<\/div>\n\t\t\t\t<\/div>","protected":false},"excerpt":{"rendered":"<p>Kdo jsme? V\u00edtejte na e\u2011shopu Maison de Luxe. M\u00edst\u011b, kde se potk\u00e1v\u00e1 l\u00e1ska k m\u00f3d\u011b, poctiv\u00e9 \u0159emeslo a \u00facta k p\u0159\u00edb\u011bh\u016fm, kter\u00e9 si zaslou\u017e\u00ed pokra\u010dov\u00e1n\u00ed. Jmenuji se Kl\u00e1ra a za vznikem t\u00e9to zna\u010dky stoj\u00ed v\u00edc ne\u017e jen n\u00e1hoda, i kdy\u017e pr\u00e1v\u011b ona m\u011b nakonec k Maison de Luxe p\u0159ivedla. Moje cesta Odmali\u010dka jsem milovala m\u00f3du. [&hellip;]<\/p>\n","protected":false},"author":1,"featured_media":0,"parent":0,"menu_order":0,"comment_status":"closed","ping_status":"closed","template":"elementor_header_footer","meta":{"slim_seo":{"title":"O n\u00e1s - Maison de Luxe Prague | Luxusn\u00ed kabelky a dopl\u0148ky","description":"Poznejte p\u0159\u00edb\u011bh Maison de Luxe Prague \u2013 pe\u010dliv\u00fd v\u00fdb\u011br luxusn\u00edch kabelek, slow fashion a d\u016fraz na kvalitu."},"footnotes":""},"class_list":["post-29","page","type-page","status-publish","hentry"],"_links":{"self":[{"href":"https:\/\/www.maisondeluxeprague.com\/ru\/wp-json\/wp\/v2\/pages\/29","targetHints":{"allow":["GET"]}}],"collection":[{"href":"https:\/\/www.maisondeluxeprague.com\/ru\/wp-json\/wp\/v2\/pages"}],"about":[{"href":"https:\/\/www.maisondeluxeprague.com\/ru\/wp-json\/wp\/v2\/types\/page"}],"author":[{"embeddable":true,"href":"https:\/\/www.maisondeluxeprague.com\/ru\/wp-json\/wp\/v2\/users\/1"}],"replies":[{"embeddable":true,"href":"https:\/\/www.maisondeluxeprague.com\/ru\/wp-json\/wp\/v2\/comments?post=29"}],"version-history":[{"count":5,"href":"https:\/\/www.maisondeluxeprague.com\/ru\/wp-json\/wp\/v2\/pages\/29\/revisions"}],"predecessor-version":[{"id":4894,"href":"https:\/\/www.maisondeluxeprague.com\/ru\/wp-json\/wp\/v2\/pages\/29\/revisions\/4894"}],"wp:attachment":[{"href":"https:\/\/www.maisondeluxeprague.com\/ru\/wp-json\/wp\/v2\/media?parent=29"}],"curies":[{"name":"wp","href":"https:\/\/api.w.org\/{rel}","templated":true}]}}