{"id":14,"date":"2025-06-22T12:42:30","date_gmt":"2025-06-22T10:42:30","guid":{"rendered":"https:\/\/www.maisondeluxeprague.com\/?page_id=14"},"modified":"2025-06-22T14:54:27","modified_gmt":"2025-06-22T12:54:27","slug":"reklamace","status":"publish","type":"page","link":"https:\/\/www.maisondeluxeprague.com\/ru\/reklamace\/","title":{"rendered":"\u0412\u043e\u0437\u0432\u0440\u0430\u0442 \u0438 \u0440\u0435\u043a\u043b\u0430\u043c\u0430\u0446\u0438\u044f"},"content":{"rendered":"<div data-elementor-type=\"wp-page\" data-elementor-id=\"14\" class=\"elementor elementor-14\" data-elementor-post-type=\"page\">\n\t\t\t\t<div class=\"elementor-element elementor-element-757b553e e-flex e-con-boxed e-con e-parent\" data-id=\"757b553e\" data-element_type=\"container\" data-e-type=\"container\">\n\t\t\t\t\t<div class=\"e-con-inner\">\n\t\t\t\t<div class=\"elementor-element elementor-element-1ff3df8 elementor-widget elementor-widget-heading\" data-id=\"1ff3df8\" data-element_type=\"widget\" data-e-type=\"widget\" data-widget_type=\"heading.default\">\n\t\t\t\t\t<h2 class=\"elementor-heading-title elementor-size-default\">Reklamace <span style=\"font-family: Canesa;color: #E3DCD4;font-weight: 100\">a<\/span> vr\u00e1cen\u00ed <span style=\"font-family: Canesa;color: #E3DCD4;font-weight: 100\">zbo\u017e\u00ed<\/span><\/h2>\t\t\t\t<\/div>\n\t\t\t\t<div class=\"elementor-element elementor-element-397fe65e elementor-widget elementor-widget-text-editor\" data-id=\"397fe65e\" data-element_type=\"widget\" data-e-type=\"widget\" data-widget_type=\"text-editor.default\">\n\t\t\t\t\t\t\t\t\t<p style=\"text-align: justify;background: transparent;line-height: 100%;margin-bottom: 0cm;\"><br><\/p>\n<p style=\"text-align: center;background: transparent;line-height: 100%;margin-bottom: 0cm;\"><strong>REKLAMA\u010cN&Iacute; \u0158&Aacute;D<\/strong><\/p>\n<p style=\"text-align: center;background: transparent;line-height: 100%;margin-bottom: 0cm;\"><br><\/p>\n<p style=\"text-align: center;background: transparent;line-height: 100%;margin-bottom: 0cm;\"><span size=\"2\" style=\"font-size:12px;\">obchodn&iacute; korporace&nbsp;<\/span><strong>Maison de Luxe Prague s.r.o.<\/strong><\/p>\n<p style=\"text-align: center;background: transparent;line-height: 100%;margin-bottom: 0cm;\">se s&iacute;dlem Jind\u0159i&scaron;sk&aacute; 941\/24, Nov&eacute; m\u011bsto, Praha 110 00<\/p>\n<p style=\"text-align: center;background: transparent;line-height: 100%;margin-bottom: 0cm;\">I\u010c: 21701164<\/p>\n<p style=\"text-align: center;background: transparent;line-height: 100%;margin-bottom: 0cm;\">DI\u010c: CZ21701164<\/p>\n<p style=\"text-align: center;background: transparent;line-height: 100%;margin-bottom: 0cm;\">zapsan&eacute; v obchodn&iacute;m rejst\u0159&iacute;ku veden&eacute;m M\u011bstsk&yacute;m soudem v Praze, odd&iacute;l C, vlo\u017eka 414479<\/p>\n<p style=\"text-align: center;background: transparent;line-height: 100%;margin-bottom: 0cm;\"><span size=\"2\" style=\"font-size:12px;\">(d&aacute;le jen &bdquo;<em><strong>Prod&aacute;vaj&iacute;c&iacute;<\/strong><\/em><\/span>&ldquo;)<\/p>\n<p style=\"text-align: center;background: transparent;line-height: 100%;margin-bottom: 0cm;\"><span size=\"2\" style=\"font-size:12px;\">pro prodej zbo\u017e&iacute; prost\u0159ednictv&iacute;m internetov&eacute;ho obchodu um&iacute;st\u011bn&eacute;ho na internetov&eacute; adrese&nbsp;<\/span><span style=\"color: rgb(5, 99, 193);\"><u><a href=\"http:\/\/www.maisondeluxeprague.com\/ru\/?wmc-currency=CZK\">www.maisondeluxeprague.com<\/a><\/u><\/span><span size=\"2\" style=\"font-size:12px;\">&nbsp;(d&aacute;le jen &bdquo;<em><strong>E-shop<\/strong><\/em><\/span>&ldquo;)<\/p>\n<p style=\"text-align: center;background: transparent;line-height: 100%;margin-bottom: 0cm;\"><span size=\"2\" style=\"font-size:12px;\">(d&aacute;le jen &bdquo;<em><strong>\u0158&aacute;d<\/strong><\/em><\/span>&ldquo;)<\/p>\n<p style=\"text-align: justify;background: transparent;line-height: 100%;margin-bottom: 0cm;\"><br><\/p>\n<p style=\"text-align: center;background: transparent;line-height: 100%;margin-bottom: 0cm;\"><strong>I.<\/strong><\/p>\n<p style=\"text-align: center;background: transparent;line-height: 100%;margin-bottom: 0cm;\"><strong>&Uacute;vodn&iacute; ustanoven&iacute;<\/strong><\/p>\n<p style=\"text-align: justify;background: transparent;line-height: 100%;margin-bottom: 0cm;\"><br><\/p>\n<p style=\"text-align: justify;background: transparent;line-height: 100%;margin-bottom: 0cm;\">Reklama\u010dn&iacute; \u0159&aacute;d upravuje pr&aacute;va a povinnosti kupuj&iacute;c&iacute;ho a Prod&aacute;vaj&iacute;c&iacute;ho v p\u0159&iacute;pad\u011b reklamace zbo\u017e&iacute; zakoupen&eacute;ho v E-shopu. Z&aacute;kazn&iacute;k je povinen se p\u0159ed zakoupen&iacute;m zbo\u017e&iacute; sezn&aacute;mit s t&iacute;mto \u0158&aacute;dem.<\/p>\n<p style=\"text-align: justify;background: transparent;line-height: 100%;margin-bottom: 0cm;\"><br><\/p>\n<p style=\"text-align: center;background: transparent;line-height: 100%;margin-bottom: 0cm;\"><strong>II.<\/strong><\/p>\n<p style=\"text-align: center;background: transparent;line-height: 100%;margin-bottom: 0cm;\"><span size=\"2\" style=\"font-size:12px;\"><strong>Pr&aacute;va z vadn&eacute;ho pln\u011bn&iacute;&nbsp;<\/strong><\/span><\/p>\n<p style=\"text-align: justify;background: transparent;line-height: 100%;margin-bottom: 0cm;\"><br><\/p>\n<p style=\"text-align: justify;background: transparent;line-height: 100%;margin-bottom: 0cm;\">Pr&aacute;va kupuj&iacute;c&iacute;ho z&nbsp;vadn&eacute;ho pln\u011bn&iacute; jsou pops&aacute;na v&nbsp;Obchodn&iacute;ch podm&iacute;nk&aacute;ch Prod&aacute;vaj&iacute;c&iacute;ho, kter&eacute; jsou sou\u010d&aacute;st&iacute; ka\u017ed&eacute; kupn&iacute; smlouvy uzav\u0159en&eacute; mezi Prod&aacute;vaj&iacute;c&iacute;m a kupuj&iacute;c&iacute;m.<\/p>\n<p style=\"text-align: justify;background: transparent;line-height: 100%;margin-bottom: 0cm;\"><br><\/p>\n<p style=\"text-align: center;background: transparent;line-height: 100%;margin-bottom: 0cm;\"><strong>III.<\/strong><\/p>\n<p style=\"text-align: center;background: transparent;line-height: 100%;margin-bottom: 0cm;\"><strong>Uplatn\u011bn&iacute; reklamace<\/strong><\/p>\n<p style=\"text-align: justify;background: transparent;line-height: 100%;margin-bottom: 0cm;\"><br><\/p>\n<p style=\"text-align: justify;background: transparent;line-height: 100%;margin-bottom: 0cm;\">Pr&aacute;va kupuj&iacute;c&iacute;ho vypl&yacute;vaj&iacute;c&iacute; ze z&aacute;ruky za jakost p\u0159i p\u0159evzet&iacute; a odpov\u011bdnosti za vady Prod&aacute;vaj&iacute;c&iacute;ho, uplat\u0148uje kupuj&iacute;c&iacute; u Prod&aacute;vaj&iacute;c&iacute;ho:<\/p>\n<p style=\"text-align: justify;background: transparent;line-height: 100%;margin-bottom: 0cm;\">&#8211; osobn\u011b na adrese showroomu Prod&aacute;vaj&iacute;c&iacute;ho,<\/p>\n<p style=\"text-align: justify;background: transparent;line-height: 100%;margin-bottom: 0cm;\">&#8211; zasl&aacute;n&iacute;m zbo\u017e&iacute; na na&scaron;i adresu s&iacute;dla Prod&aacute;vaj&iacute;c&iacute;ho s p\u0159ilo\u017een&yacute;m popisem vady a kopiemi doklad\u016f o koupi zbo\u017e&iacute;.<\/p>\n<p style=\"text-align: justify;background: transparent;line-height: 100%;margin-bottom: 0cm;\"><br><\/p>\n<p style=\"text-align: center;background: transparent;line-height: 100%;margin-bottom: 0cm;\"><strong>IV.<\/strong><\/p>\n<p style=\"text-align: center;background: transparent;line-height: 100%;margin-bottom: 0cm;\"><strong>Odpov\u011bdnost za vady<\/strong><\/p>\n<p style=\"text-align: justify;background: transparent;line-height: 100%;margin-bottom: 0cm;\"><br><\/p>\n<p style=\"text-align: justify;background: transparent;line-height: 100%;margin-bottom: 0cm;\">Prod&aacute;vaj&iacute;c&iacute; odpov&iacute;d&aacute; za vady, kter&eacute; m&aacute; zbo\u017e&iacute; p\u0159i p\u0159evzet&iacute; z&aacute;kazn&iacute;ka. Za vady, kter&eacute; se vyskytnou po p\u0159evzet&iacute;, Prod&aacute;vaj&iacute;c&iacute; odpov&iacute;d&aacute; pouze v p\u0159&iacute;pad\u011b, \u017ee vznikly v pr\u016fb\u011bhu z&aacute;ru\u010dn&iacute; doby.<\/p>\n<p style=\"text-align: justify;background: transparent;line-height: 100%;margin-bottom: 0cm;\"><br><\/p>\n<p style=\"text-align: center;background: transparent;line-height: 100%;margin-bottom: 0cm;\"><strong>V.<\/strong><\/p>\n<p style=\"text-align: center;background: transparent;line-height: 100%;margin-bottom: 0cm;\"><strong>Z&aacute;ru\u010dn&iacute; doba<\/strong><\/p>\n<p style=\"text-align: justify;background: transparent;line-height: 100%;margin-bottom: 0cm;\"><br><\/p>\n<p style=\"text-align: justify;background: transparent;line-height: 100%;margin-bottom: 0cm;\">Z&aacute;ru\u010dn&iacute; doba na ve&scaron;ker&eacute; zbo\u017e&iacute; zakoupen&eacute; v E-shopu je 12 m\u011bs&iacute;c\u016f. Z&aacute;ru\u010dn&iacute; doba za\u010d&iacute;n&aacute; b\u011b\u017eet dnem p\u0159evzet&iacute; zbo\u017e&iacute; z&aacute;kazn&iacute;kem.<\/p>\n<p style=\"text-align: justify;background: transparent;line-height: 100%;margin-bottom: 0cm;\"><br><\/p>\n<p style=\"text-align: justify;background: transparent;line-height: 100%;margin-bottom: 0cm;\"><span size=\"2\" style=\"font-size:12px;\">Z Obchodn&iacute;ch podm&iacute;nek Prod&aacute;vaj&iacute;c&iacute;ho u ji\u017e pou\u017eit&eacute;ho spot\u0159ebn&iacute;ho zbo\u017e&iacute; v souladu s&nbsp;ustanoven&iacute;m &sect; 2168 z&aacute;kona \u010d. 89\/2012 Sb., ob\u010dansk&eacute;ho z&aacute;kon&iacute;ku, ve zn\u011bn&iacute; pozd\u011bj&scaron;&iacute;ch p\u0159edpis\u016f (d&aacute;le jen &bdquo;<em><strong>Ob\u010dansk&yacute; z&aacute;kon&iacute;k<\/strong><\/em><\/span>&ldquo;), plat&iacute; zkr&aacute;cen&aacute; z&aacute;ru\u010dn&iacute; doba pro uplatn\u011bn&iacute; pr&aacute;v z vadn&eacute;ho pln\u011bn&iacute; na 12 m\u011bs&iacute;c\u016f od p\u0159evzet&iacute; zbo\u017e&iacute;.<\/p>\n<p style=\"text-align: justify;background: transparent;line-height: 100%;margin-bottom: 0cm;\"><br><\/p>\n<p style=\"text-align: justify;background: transparent;line-height: 100%;margin-bottom: 0cm;\">Prod&aacute;vaj&iacute;c&iacute; neposkytuje zvl&aacute;&scaron;tn&iacute; smluvn&iacute; z&aacute;ruku za jakost dle ustanoven&iacute; &sect; 2113 Ob\u010dansk&eacute;ho z&aacute;kon&iacute;ku nad r&aacute;mec z&aacute;konn&yacute;ch ustanoven&iacute;.<\/p>\n<p style=\"text-align: justify;background: transparent;line-height: 100%;margin-bottom: 0cm;\"><br><\/p>\n<p style=\"text-align: center;background: transparent;line-height: 100%;margin-bottom: 0cm;\"><strong>VI.<\/strong><\/p>\n<p style=\"text-align: center;background: transparent;line-height: 100%;margin-bottom: 0cm;\"><strong>Vy\u0159&iacute;zen&iacute; reklamace<\/strong><\/p>\n<p style=\"text-align: justify;background: transparent;line-height: 100%;margin-bottom: 0cm;\"><br><\/p>\n<p style=\"text-align: justify;background: transparent;line-height: 100%;margin-bottom: 0cm;\">Reklamaci Prod&aacute;vaj&iacute;c&iacute; vy\u0159&iacute;d&iacute; bez zbyte\u010dn&eacute;ho odkladu, nejpozd\u011bji do 30 dn\u016f ode dne jej&iacute;ho uplatn\u011bn&iacute;. O v&yacute;sledku reklamace bude z&aacute;kazn&iacute;k Prod&aacute;vaj&iacute;c&iacute;m informov&aacute;n na e-mailovou adresu, kterou uvedl p\u0159i n&aacute;kupu.<\/p>\n<p style=\"text-align: justify;background: transparent;line-height: 100%;margin-bottom: 0cm;\"><br><\/p>\n<p style=\"text-align: center;background: transparent;line-height: 100%;margin-bottom: 0cm;\"><strong>VII.<\/strong><\/p>\n<p style=\"text-align: center;background: transparent;line-height: 100%;margin-bottom: 0cm;\"><strong>Z&aacute;v\u011bre\u010dn&aacute; ustanoven&iacute;<\/strong><\/p>\n<p style=\"text-align: justify;background: transparent;line-height: 100%;margin-bottom: 0cm;\"><br><\/p>\n<p style=\"text-align: justify;background: transparent;line-height: 100%;margin-bottom: 0cm;\"><span size=\"2\" style=\"font-size:12px;\">Teno \u0158&aacute;d byl vypracov&aacute;n ve smyslu &sect; 2161 a n&aacute;sl. Ob\u010dansk&eacute;ho z&aacute;kon&iacute;ku a z&aacute;kona \u010d. 634\/1992 Sb., o ochran\u011b spot\u0159ebitele, ve zn\u011bn&iacute; pozd\u011bj&scaron;&iacute;ch p\u0159edpis\u016f (d&aacute;le jen &bdquo;<em><strong>Z&aacute;kon o ochran\u011b spot\u0159ebitele<\/strong><\/em><\/span>&ldquo;).<\/p>\n<p style=\"text-align: justify;background: transparent;line-height: 100%;margin-bottom: 0cm;\"><br><\/p>\n<p style=\"text-align: justify;background: transparent;line-height: 100%;margin-bottom: 0cm;\">Reklamace se vy\u0159izuj&iacute; v souladu s t&iacute;mto \u0158&aacute;dem, Ob\u010dansk&yacute;m z&aacute;kon&iacute;kem, Z&aacute;konem o ochran\u011b spot\u0159ebitele a dal&scaron;&iacute;mi p\u0159&iacute;slu&scaron;n&yacute;mi pr&aacute;vn&iacute;mi p\u0159edpisy.<\/p>\n<p style=\"text-align: justify;background: transparent;line-height: 100%;margin-bottom: 0cm;\"><br><\/p>\n<p style=\"text-align: justify;background: transparent;line-height: 100%;margin-bottom: 0cm;\">Tento \u0158&aacute;d je platn&yacute; a &uacute;\u010dinn&yacute; od 01.03.2025. Prod&aacute;vaj&iacute;c&iacute; si vyhrazuje pr&aacute;vo na zm\u011bnu tohoto \u0158&aacute;du bez p\u0159edchoz&iacute;ho upozorn\u011bn&iacute;. V p\u0159&iacute;pad\u011b zm\u011bny budete o v&scaron;ech zm\u011bn&aacute;ch informov&aacute;ni prost\u0159ednictv&iacute;m webov&yacute;ch str&aacute;nek Prod&aacute;vaj&iacute;c&iacute;ho.<\/p>\n<p style=\"text-align: justify;background: transparent;line-height: 100%;margin-bottom: 0cm;\"><br><\/p>\n<p style=\"text-align: justify;background: transparent;line-height: 100%;margin-bottom: 0cm;\"><span size=\"2\" style=\"font-size:12px;\">V p\u0159&iacute;pad\u011b jak&yacute;chkoli Va&scaron;ich dotaz\u016f Prod&aacute;vaj&iacute;c&iacute;ho nev&aacute;hejte kontaktovat na e-mailov&eacute; adrese: info@maisondeluxeprague.com.&nbsp;<\/span><\/p>\n<p style=\"text-align: justify;background: transparent;line-height: 100%;margin-bottom: 0cm;\"><br><\/p>\n<p style=\"text-align: justify;background: transparent;line-height: 100%;margin-bottom: 0cm;\">Prod&aacute;vaj&iacute;c&iacute; d\u011bkuje za V&aacute;&scaron; n&aacute;kup a d\u016fv\u011bru!<\/p>\n<p style=\"color: #00000a;line-height: 115%;text-align: left;text-indent: 0.43in;margin-bottom: 0in;background: transparent;font-size:15px;\"><br><\/p>\t\t\t\t\t\t\t\t<\/div>\n\t\t\t\t\t<\/div>\n\t\t\t\t<\/div>\n\t\t\t\t<\/div>","protected":false},"excerpt":{"rendered":"<p>Reklamace a vr\u00e1cen\u00ed zbo\u017e\u00ed REKLAMA\u010cN&Iacute; \u0158&Aacute;D obchodn&iacute; korporace&nbsp;Maison de Luxe Prague s.r.o. se s&iacute;dlem Jind\u0159i&scaron;sk&aacute; 941\/24, Nov&eacute; m\u011bsto, Praha 110 00 I\u010c: 21701164 DI\u010c: CZ21701164 zapsan&eacute; v obchodn&iacute;m rejst\u0159&iacute;ku veden&eacute;m M\u011bstsk&yacute;m soudem v Praze, odd&iacute;l C, vlo\u017eka 414479 (d&aacute;le jen &bdquo;Prod&aacute;vaj&iacute;c&iacute;&ldquo;) pro prodej zbo\u017e&iacute; prost\u0159ednictv&iacute;m internetov&eacute;ho obchodu um&iacute;st\u011bn&eacute;ho na internetov&eacute; adrese&nbsp;www.maisondeluxeprague.com&nbsp;(d&aacute;le jen &bdquo;E-shop&ldquo;) (d&aacute;le jen [&hellip;]<\/p>\n","protected":false},"author":1,"featured_media":0,"parent":0,"menu_order":0,"comment_status":"closed","ping_status":"closed","template":"elementor_header_footer","meta":{"slim_seo":{"title":"Reklamace a vr\u00e1cen\u00ed zbo\u017e\u00ed - Maison de Luxe Prague","description":"Reklamace a vr\u00e1cen\u00ed zbo\u017e\u00ed REKLAMA\u010cN&Iacute; \u0158&Aacute;D obchodn&iacute; korporace&nbsp; Maison de Luxe Prague s.r.o. se s&iacute;dlem Jind\u0159i&scaron;sk&aacute; 94"},"footnotes":""},"class_list":["post-14","page","type-page","status-publish","hentry"],"_links":{"self":[{"href":"https:\/\/www.maisondeluxeprague.com\/ru\/wp-json\/wp\/v2\/pages\/14","targetHints":{"allow":["GET"]}}],"collection":[{"href":"https:\/\/www.maisondeluxeprague.com\/ru\/wp-json\/wp\/v2\/pages"}],"about":[{"href":"https:\/\/www.maisondeluxeprague.com\/ru\/wp-json\/wp\/v2\/types\/page"}],"author":[{"embeddable":true,"href":"https:\/\/www.maisondeluxeprague.com\/ru\/wp-json\/wp\/v2\/users\/1"}],"replies":[{"embeddable":true,"href":"https:\/\/www.maisondeluxeprague.com\/ru\/wp-json\/wp\/v2\/comments?post=14"}],"version-history":[{"count":5,"href":"https:\/\/www.maisondeluxeprague.com\/ru\/wp-json\/wp\/v2\/pages\/14\/revisions"}],"predecessor-version":[{"id":753,"href":"https:\/\/www.maisondeluxeprague.com\/ru\/wp-json\/wp\/v2\/pages\/14\/revisions\/753"}],"wp:attachment":[{"href":"https:\/\/www.maisondeluxeprague.com\/ru\/wp-json\/wp\/v2\/media?parent=14"}],"curies":[{"name":"wp","href":"https:\/\/api.w.org\/{rel}","templated":true}]}}