{"id":36,"date":"2025-05-23T18:06:28","date_gmt":"2025-05-23T16:06:28","guid":{"rendered":"https:\/\/www.maisondeluxeprague.com\/?page_id=36"},"modified":"2026-02-04T11:44:12","modified_gmt":"2026-02-04T10:44:12","slug":"kontakt","status":"publish","type":"page","link":"https:\/\/www.maisondeluxeprague.com\/en\/kontakt\/","title":{"rendered":"Contact"},"content":{"rendered":"<div data-elementor-type=\"wp-page\" data-elementor-id=\"36\" class=\"elementor elementor-36\" data-elementor-post-type=\"page\">\n\t\t\t\t<div class=\"elementor-element elementor-element-dfff611 e-flex e-con-boxed e-con e-parent\" data-id=\"dfff611\" data-element_type=\"container\" data-e-type=\"container\">\n\t\t\t\t\t<div class=\"e-con-inner\">\n\t\t<div class=\"elementor-element elementor-element-b0c3c01 e-con-full e-flex e-con e-child\" data-id=\"b0c3c01\" data-element_type=\"container\" data-e-type=\"container\">\n\t\t<div class=\"elementor-element elementor-element-03a66f8 e-con-full e-flex e-con e-child\" data-id=\"03a66f8\" data-element_type=\"container\" data-e-type=\"container\">\n\t\t\t\t<div class=\"elementor-element elementor-element-719bf3a elementor-widget elementor-widget-image\" data-id=\"719bf3a\" data-element_type=\"widget\" data-e-type=\"widget\" data-widget_type=\"image.default\">\n\t\t\t\t\t\t\t\t\t\t\t\t\t\t\t<img fetchpriority=\"high\" decoding=\"async\" width=\"400\" height=\"542\" src=\"https:\/\/www.maisondeluxeprague.com\/wp-content\/uploads\/2025\/08\/MaisonDeLuxe_17_new-1.webp\" class=\"attachment-large size-large wp-image-2464\" alt=\"Maisondeluxe 17 new 1\" srcset=\"https:\/\/www.maisondeluxeprague.com\/wp-content\/uploads\/2025\/08\/MaisonDeLuxe_17_new-1.webp 400w, https:\/\/www.maisondeluxeprague.com\/wp-content\/uploads\/2025\/08\/MaisonDeLuxe_17_new-1-221x300.webp 221w, https:\/\/www.maisondeluxeprague.com\/wp-content\/uploads\/2025\/08\/MaisonDeLuxe_17_new-1-9x12.webp 9w\" sizes=\"(max-width: 400px) 100vw, 400px\" \/>\t\t\t\t\t\t\t\t\t\t\t\t\t\t\t<\/div>\n\t\t\t\t<\/div>\n\t\t<div class=\"elementor-element elementor-element-8ca96bc e-con-full e-flex e-con e-child\" data-id=\"8ca96bc\" data-element_type=\"container\" data-e-type=\"container\">\n\t\t\t\t<div class=\"elementor-element elementor-element-1d3ed46 elementor-widget elementor-widget-heading\" data-id=\"1d3ed46\" data-element_type=\"widget\" data-e-type=\"widget\" data-widget_type=\"heading.default\">\n\t\t\t\t\t<h2 class=\"elementor-heading-title elementor-size-default\"><span class=\"pro\">Get <\/span>in touch<\/h2>\t\t\t\t<\/div>\n\t\t<div class=\"elementor-element elementor-element-d832246 e-con-full e-flex e-con e-child\" data-id=\"d832246\" data-element_type=\"container\" data-e-type=\"container\">\n\t\t\t\t<div class=\"elementor-element elementor-element-4e72aaf elementor-widget elementor-widget-heading\" data-id=\"4e72aaf\" data-element_type=\"widget\" data-e-type=\"widget\" data-widget_type=\"heading.default\">\n\t\t\t\t\t<h2 class=\"elementor-heading-title elementor-size-default\"><a href=\"https:\/\/maps.app.goo.gl\/ANtuCHPPMKzsXYev6\" target=\"_blank\"><span class=\"pro\">Wenceslas Square<\/span> 846\/1<\/a><\/h2>\t\t\t\t<\/div>\n\t\t\t\t<div class=\"elementor-element elementor-element-7246f98 elementor-widget elementor-widget-heading\" data-id=\"7246f98\" data-element_type=\"widget\" data-e-type=\"widget\" data-widget_type=\"heading.default\">\n\t\t\t\t\t<h2 class=\"elementor-heading-title elementor-size-default\"><a href=\"https:\/\/maps.app.goo.gl\/ANtuCHPPMKzsXYev6\" target=\"_blank\"><span class=\"pro\">Koruna Palace<\/span>Entrance A<\/a><\/h2>\t\t\t\t<\/div>\n\t\t\t\t<div class=\"elementor-element elementor-element-d48f178 elementor-widget elementor-widget-heading\" data-id=\"d48f178\" data-element_type=\"widget\" data-e-type=\"widget\" data-widget_type=\"heading.default\">\n\t\t\t\t\t<h2 class=\"elementor-heading-title elementor-size-default\"><a href=\"https:\/\/maps.app.goo.gl\/ANtuCHPPMKzsXYev6\" target=\"_blank\"><span class=\"pro\">110 00<\/span>, Prague 1<\/a><\/h2>\t\t\t\t<\/div>\n\t\t\t\t<\/div>\n\t\t<div class=\"elementor-element elementor-element-264b37f e-con-full e-flex e-con e-child\" data-id=\"264b37f\" data-element_type=\"container\" data-e-type=\"container\">\n\t\t\t\t<div class=\"elementor-element elementor-element-cec78cd elementor-widget elementor-widget-heading\" data-id=\"cec78cd\" data-element_type=\"widget\" data-e-type=\"widget\" data-widget_type=\"heading.default\">\n\t\t\t\t\t<h2 class=\"elementor-heading-title elementor-size-default\"><a href=\"mailto:info@maisondeluxeprague.com\"><span class=\"pro\">info<\/span>@<span>maisondeluxeprague<\/span>.com<\/a><\/h2>\t\t\t\t<\/div>\n\t\t\t\t<div class=\"elementor-element elementor-element-3b22054 elementor-widget elementor-widget-heading\" data-id=\"3b22054\" data-element_type=\"widget\" data-e-type=\"widget\" data-widget_type=\"heading.default\">\n\t\t\t\t\t<h2 class=\"elementor-heading-title elementor-size-default\"><a href=\"tel:+420%20774%20326%20231\">+420 <span class=\"pro\">774 326 231<\/span><\/a><\/h2>\t\t\t\t<\/div>\n\t\t\t\t<\/div>\n\t\t<div class=\"elementor-element elementor-element-12fa25f e-con-full e-flex e-con e-child\" data-id=\"12fa25f\" data-element_type=\"container\" data-e-type=\"container\">\n\t\t\t\t<div class=\"elementor-element elementor-element-5ff9dfa elementor-widget elementor-widget-heading\" data-id=\"5ff9dfa\" data-element_type=\"widget\" data-e-type=\"widget\" data-widget_type=\"heading.default\">\n\t\t\t\t\t<h2 class=\"elementor-heading-title elementor-size-default\"><span class=\"pro\">dog <\/span>&amp; <span class=\"pro\">baby<\/span> friendly<\/h2>\t\t\t\t<\/div>\n\t\t\t\t<\/div>\n\t\t\t\t<\/div>\n\t\t\t\t<\/div>\n\t\t\t\t\t<\/div>\n\t\t\t\t<\/div>\n\t\t\t\t<\/div>","protected":false},"excerpt":{"rendered":"<p>Ozv\u011bte se n\u00e1m V\u00e1clavsk\u00e9 n\u00e1m\u011bst\u00ed 846\/1 Pal\u00e1c Koruna- vchod A 110 00, Praha 1 info@maisondeluxeprague.com +420 774 326 231 dog &amp; baby friendly<\/p>","protected":false},"author":1,"featured_media":0,"parent":0,"menu_order":0,"comment_status":"closed","ping_status":"closed","template":"elementor_header_footer","meta":{"slim_seo":{"description":"Kontakt a showroom v centru Prahy | Maison de Luxe Prague","title":"Kontakt - Maison de Luxe Prague"},"footnotes":""},"class_list":["post-36","page","type-page","status-publish","hentry"],"_links":{"self":[{"href":"https:\/\/www.maisondeluxeprague.com\/en\/wp-json\/wp\/v2\/pages\/36","targetHints":{"allow":["GET"]}}],"collection":[{"href":"https:\/\/www.maisondeluxeprague.com\/en\/wp-json\/wp\/v2\/pages"}],"about":[{"href":"https:\/\/www.maisondeluxeprague.com\/en\/wp-json\/wp\/v2\/types\/page"}],"author":[{"embeddable":true,"href":"https:\/\/www.maisondeluxeprague.com\/en\/wp-json\/wp\/v2\/users\/1"}],"replies":[{"embeddable":true,"href":"https:\/\/www.maisondeluxeprague.com\/en\/wp-json\/wp\/v2\/comments?post=36"}],"version-history":[{"count":5,"href":"https:\/\/www.maisondeluxeprague.com\/en\/wp-json\/wp\/v2\/pages\/36\/revisions"}],"predecessor-version":[{"id":4882,"href":"https:\/\/www.maisondeluxeprague.com\/en\/wp-json\/wp\/v2\/pages\/36\/revisions\/4882"}],"wp:attachment":[{"href":"https:\/\/www.maisondeluxeprague.com\/en\/wp-json\/wp\/v2\/media?parent=36"}],"curies":[{"name":"wp","href":"https:\/\/api.w.org\/{rel}","templated":true}]}}