{"id":29,"date":"2025-05-23T18:04:46","date_gmt":"2025-05-23T16:04:46","guid":{"rendered":"https:\/\/www.maisondeluxeprague.com\/?page_id=29"},"modified":"2026-02-10T10:24:54","modified_gmt":"2026-02-10T09:24:54","slug":"o-nas","status":"publish","type":"page","link":"https:\/\/www.maisondeluxeprague.com\/en\/o-nas\/","title":{"rendered":"About Us"},"content":{"rendered":"<div data-elementor-type=\"wp-page\" data-elementor-id=\"29\" class=\"elementor elementor-29\" data-elementor-post-type=\"page\">\n\t\t\t\t<div class=\"elementor-element elementor-element-4bffb80 e-flex e-con-boxed e-con e-parent\" data-id=\"4bffb80\" data-element_type=\"container\" data-e-type=\"container\">\n\t\t\t\t\t<div class=\"e-con-inner\">\n\t\t<div class=\"elementor-element elementor-element-25cc019 e-con-full e-flex e-con e-child\" data-id=\"25cc019\" data-element_type=\"container\" data-e-type=\"container\">\n\t\t\t\t<div class=\"elementor-element elementor-element-ddb5c93 elementor-widget__width-initial elementor-widget elementor-widget-image\" data-id=\"ddb5c93\" data-element_type=\"widget\" data-e-type=\"widget\" data-widget_type=\"image.default\">\n\t\t\t\t\t\t\t\t\t\t\t\t\t\t\t<img fetchpriority=\"high\" decoding=\"async\" width=\"684\" height=\"1024\" src=\"https:\/\/www.maisondeluxeprague.com\/wp-content\/uploads\/2025\/07\/Klara_portret_1-684x1024.webp\" class=\"attachment-large size-large wp-image-1985\" alt=\"Klara portret\" srcset=\"https:\/\/www.maisondeluxeprague.com\/wp-content\/uploads\/2025\/07\/Klara_portret_1-684x1024.webp 684w, https:\/\/www.maisondeluxeprague.com\/wp-content\/uploads\/2025\/07\/Klara_portret_1-200x300.webp 200w, https:\/\/www.maisondeluxeprague.com\/wp-content\/uploads\/2025\/07\/Klara_portret_1-768x1150.webp 768w, https:\/\/www.maisondeluxeprague.com\/wp-content\/uploads\/2025\/07\/Klara_portret_1-1025x1536.webp 1025w, https:\/\/www.maisondeluxeprague.com\/wp-content\/uploads\/2025\/07\/Klara_portret_1-1367x2048.webp 1367w, https:\/\/www.maisondeluxeprague.com\/wp-content\/uploads\/2025\/07\/Klara_portret_1-8x12.webp 8w, https:\/\/www.maisondeluxeprague.com\/wp-content\/uploads\/2025\/07\/Klara_portret_1-600x899.webp 600w, https:\/\/www.maisondeluxeprague.com\/wp-content\/uploads\/2025\/07\/Klara_portret_1-scaled.webp 1709w\" sizes=\"(max-width: 684px) 100vw, 684px\" \/>\t\t\t\t\t\t\t\t\t\t\t\t\t\t\t<\/div>\n\t\t<div class=\"elementor-element elementor-element-42728ad e-con-full e-flex e-con e-child\" data-id=\"42728ad\" data-element_type=\"container\" data-e-type=\"container\">\n\t\t<div class=\"elementor-element elementor-element-c5d6c61 e-con-full e-flex e-con e-child\" data-id=\"c5d6c61\" data-element_type=\"container\" data-e-type=\"container\">\n\t\t\t\t<div class=\"elementor-element elementor-element-7f893aa elementor-widget elementor-widget-heading\" data-id=\"7f893aa\" data-element_type=\"widget\" data-e-type=\"widget\" data-widget_type=\"heading.default\">\n\t\t\t\t\t<h2 class=\"elementor-heading-title elementor-size-default\"><span class=\"pro\">Who <\/span>am I?<\/h2>\t\t\t\t<\/div>\n\t\t\t\t<div class=\"elementor-element elementor-element-3113516 elementor-widget elementor-widget-text-editor\" data-id=\"3113516\" data-element_type=\"widget\" data-e-type=\"widget\" data-widget_type=\"text-editor.default\">\n\t\t\t\t\t\t\t\t\t<p>Welcome to the Maison de Luxe e-shop. A place where a love for fashion meets honest craftsmanship and a deep respect for stories that deserve to continue.<\/p><p>My name is Kl\u00e1ra, and the creation of this brand was driven by more than just coincidence \u2014 though, in the end, it was coincidence that led me to Maison de Luxe.<\/p>\t\t\t\t\t\t\t\t<\/div>\n\t\t\t\t<\/div>\n\t\t\t\t<\/div>\n\t\t\t\t<\/div>\n\t\t\t\t\t<\/div>\n\t\t\t\t<\/div>\n\t\t<div class=\"elementor-element elementor-element-4c21df3 e-flex e-con-boxed e-con e-parent\" data-id=\"4c21df3\" data-element_type=\"container\" data-e-type=\"container\">\n\t\t\t\t\t<div class=\"e-con-inner\">\n\t\t\t\t<div class=\"elementor-element elementor-element-30bd57a elementor-widget__width-initial elementor-widget elementor-widget-heading\" data-id=\"30bd57a\" data-element_type=\"widget\" data-e-type=\"widget\" data-widget_type=\"heading.default\">\n\t\t\t\t\t<h2 class=\"elementor-heading-title elementor-size-default\"><span class=\"pro\">My <\/span>journey<\/h2>\t\t\t\t<\/div>\n\t\t\t\t<div class=\"elementor-element elementor-element-43dbade elementor-widget__width-initial elementor-widget-divider--view-line elementor-widget elementor-widget-divider\" data-id=\"43dbade\" data-element_type=\"widget\" data-e-type=\"widget\" data-widget_type=\"divider.default\">\n\t\t\t\t\t\t\t<div class=\"elementor-divider\">\n\t\t\t<span class=\"elementor-divider-separator\">\n\t\t\t\t\t\t<\/span>\n\t\t<\/div>\n\t\t\t\t\t\t<\/div>\n\t\t<div class=\"elementor-element elementor-element-1013726 e-con-full e-flex e-con e-child\" data-id=\"1013726\" data-element_type=\"container\" data-e-type=\"container\">\n\t\t\t\t<div class=\"elementor-element elementor-element-f7bbb88 elementor-widget__width-initial elementor-widget elementor-widget-text-editor\" data-id=\"f7bbb88\" data-element_type=\"widget\" data-e-type=\"widget\" data-widget_type=\"text-editor.default\">\n\t\t\t\t\t\t\t\t\t<p>I\u2019ve loved fashion since I was a child. Even as a teenager, I knew I wanted to devote myself to it fully, so I decided to study at a secondary fashion school in Prague. The school taught me to understand materials and recognize the quality of craftsmanship in individual pieces. Since then, I\u2019ve been working in the world of fashion and styling.<\/p><p>\u00a0<\/p><p>At 21, I bought my first designer handbag \u2014 and I still have it to this day. But fashion has never been just about style for me; it\u2019s also about value, craftsmanship,<br \/>and the story behind each piece.<\/p>\t\t\t\t\t\t\t\t<\/div>\n\t\t\t\t<div class=\"elementor-element elementor-element-ca882d0 elementor-widget__width-initial elementor-widget-mobile__width-initial elementor-widget elementor-widget-text-editor\" data-id=\"ca882d0\" data-element_type=\"widget\" data-e-type=\"widget\" data-widget_type=\"text-editor.default\">\n\t\t\t\t\t\t\t\t\t<p>After the birth of my second daughter, I began thinking about how to balance caring for my family with work that would truly fulfill me. At the time, I was selling some of my pre-loved pieces, and that\u2019s when the idea of flexible entrepreneurship came to me. So I created a profile on an international platform and started selling luxury items.<\/p>\t\t\t\t\t\t\t\t<\/div>\n\t\t\t\t<\/div>\n\t\t\t\t\t<\/div>\n\t\t\t\t<\/div>\n\t\t<div class=\"elementor-element elementor-element-8eb5178 e-flex e-con-boxed e-con e-parent\" data-id=\"8eb5178\" data-element_type=\"container\" data-e-type=\"container\">\n\t\t\t\t\t<div class=\"e-con-inner\">\n\t\t\t\t<div class=\"elementor-element elementor-element-2fc979a elementor-widget__width-initial elementor-widget elementor-widget-heading\" data-id=\"2fc979a\" data-element_type=\"widget\" data-e-type=\"widget\" data-widget_type=\"heading.default\">\n\t\t\t\t\t<h2 class=\"elementor-heading-title elementor-size-default\"><span class=\"pro\">Maison de<\/span> Luxe<\/h2>\t\t\t\t<\/div>\n\t\t\t\t<div class=\"elementor-element elementor-element-9e3d527 elementor-widget__width-initial elementor-hidden-mobile elementor-widget-divider--view-line elementor-widget elementor-widget-divider\" data-id=\"9e3d527\" data-element_type=\"widget\" data-e-type=\"widget\" data-widget_type=\"divider.default\">\n\t\t\t\t\t\t\t<div class=\"elementor-divider\">\n\t\t\t<span class=\"elementor-divider-separator\">\n\t\t\t\t\t\t<\/span>\n\t\t<\/div>\n\t\t\t\t\t\t<\/div>\n\t\t<div class=\"elementor-element elementor-element-ed07feb e-con-full e-flex e-con e-child\" data-id=\"ed07feb\" data-element_type=\"container\" data-e-type=\"container\">\n\t\t\t\t<div class=\"elementor-element elementor-element-addf13b elementor-widget__width-initial elementor-widget elementor-widget-text-editor\" data-id=\"addf13b\" data-element_type=\"widget\" data-e-type=\"widget\" data-widget_type=\"text-editor.default\">\n\t\t\t\t\t\t\t\t\t<p>Maison de Luxe was quite literally born in my living room. Surrounded by children\u2019s toys, I cleaned, authenticated, and photographed handbags. One day, I decided I no longer wanted my workshop to be in the dining room \u2014 so I moved into a showroom on Wenceslas Square. And just like that, my next \u201cchild\u201d began to take shape: the Maison de Luxe project, which in French means \u201cHouse of Luxury.\u201d<\/p>\t\t\t\t\t\t\t\t<\/div>\n\t\t\t\t<div class=\"elementor-element elementor-element-0d58b49 elementor-widget__width-initial elementor-widget elementor-widget-text-editor\" data-id=\"0d58b49\" data-element_type=\"widget\" data-e-type=\"widget\" data-widget_type=\"text-editor.default\">\n\t\t\t\t\t\t\t\t\t<p>I believe in slow fashion. It doesn\u2019t make sense to me to keep buying new handbags when older ones are often of higher quality and can bring joy to someone else. There\u2019s something beautiful about a handbag that would otherwise sit forgotten in a closet coming back to life and finding a new owner.<\/p>\t\t\t\t\t\t\t\t<\/div>\n\t\t\t\t<\/div>\n\t\t\t\t\t<\/div>\n\t\t\t\t<\/div>\n\t\t<div class=\"elementor-element elementor-element-9c1d30a e-flex e-con-boxed e-con e-parent\" data-id=\"9c1d30a\" data-element_type=\"container\" data-e-type=\"container\">\n\t\t\t\t\t<div class=\"e-con-inner\">\n\t\t<div class=\"elementor-element elementor-element-94b2362 e-con-full e-flex e-con e-child\" data-id=\"94b2362\" data-element_type=\"container\" data-e-type=\"container\">\n\t\t\t\t<div class=\"elementor-element elementor-element-e124a4d elementor-widget__width-initial elementor-widget elementor-widget-image\" data-id=\"e124a4d\" data-element_type=\"widget\" data-e-type=\"widget\" data-widget_type=\"image.default\">\n\t\t\t\t\t\t\t\t\t\t\t\t\t\t\t<img decoding=\"async\" width=\"684\" height=\"1024\" src=\"https:\/\/www.maisondeluxeprague.com\/wp-content\/uploads\/2025\/07\/Klara_portret_4-684x1024.webp\" class=\"attachment-large size-large wp-image-1121\" alt=\"Klara portret\" srcset=\"https:\/\/www.maisondeluxeprague.com\/wp-content\/uploads\/2025\/07\/Klara_portret_4-684x1024.webp 684w, https:\/\/www.maisondeluxeprague.com\/wp-content\/uploads\/2025\/07\/Klara_portret_4-200x300.webp 200w, https:\/\/www.maisondeluxeprague.com\/wp-content\/uploads\/2025\/07\/Klara_portret_4-768x1151.webp 768w, https:\/\/www.maisondeluxeprague.com\/wp-content\/uploads\/2025\/07\/Klara_portret_4-1025x1536.webp 1025w, https:\/\/www.maisondeluxeprague.com\/wp-content\/uploads\/2025\/07\/Klara_portret_4-1367x2048.webp 1367w, https:\/\/www.maisondeluxeprague.com\/wp-content\/uploads\/2025\/07\/Klara_portret_4-600x899.webp 600w, https:\/\/www.maisondeluxeprague.com\/wp-content\/uploads\/2025\/07\/Klara_portret_4-scaled.webp 1709w\" sizes=\"(max-width: 684px) 100vw, 684px\" \/>\t\t\t\t\t\t\t\t\t\t\t\t\t\t\t<\/div>\n\t\t<div class=\"elementor-element elementor-element-20a89b2 e-con-full e-flex e-con e-child\" data-id=\"20a89b2\" data-element_type=\"container\" data-e-type=\"container\">\n\t\t<div class=\"elementor-element elementor-element-e933a1d e-con-full e-flex e-con e-child\" data-id=\"e933a1d\" data-element_type=\"container\" data-e-type=\"container\">\n\t\t\t\t<div class=\"elementor-element elementor-element-b118e4f elementor-widget elementor-widget-heading\" data-id=\"b118e4f\" data-element_type=\"widget\" data-e-type=\"widget\" data-widget_type=\"heading.default\">\n\t\t\t\t\t<h2 class=\"elementor-heading-title elementor-size-default\"><span class=\"pro\">Quality &amp; <\/span>trust<\/h2>\t\t\t\t<\/div>\n\t\t\t\t<div class=\"elementor-element elementor-element-e742bb7 elementor-widget elementor-widget-text-editor\" data-id=\"e742bb7\" data-element_type=\"widget\" data-e-type=\"widget\" data-widget_type=\"text-editor.default\">\n\t\t\t\t\t\t\t\t\t<p>I carefully select each handbag, authenticate it, clean it, and gently restore it. Hundreds of handbags have passed through my hands. I\u2019ve completed authentication training abroad and continue to deepen my expertise in this area. We work with trusted suppliers from around the world, so you can be sure that every piece you find here is an authentic original in excellent condition.<br \/><br \/>I\u2019ll be truly happy if one of our pieces brings you joy. <br \/><br \/>Because you deserve that joy.<br \/>Love,<br \/>Kl\u00e1ra<\/p>\t\t\t\t\t\t\t\t<\/div>\n\t\t\t\t<\/div>\n\t\t\t\t<\/div>\n\t\t\t\t<\/div>\n\t\t\t\t\t<\/div>\n\t\t\t\t<\/div>\n\t\t\t\t<\/div>","protected":false},"excerpt":{"rendered":"<p>Kdo jsme? V\u00edtejte na e\u2011shopu Maison de Luxe. M\u00edst\u011b, kde se potk\u00e1v\u00e1 l\u00e1ska k m\u00f3d\u011b, poctiv\u00e9 \u0159emeslo a \u00facta k p\u0159\u00edb\u011bh\u016fm, kter\u00e9 si zaslou\u017e\u00ed pokra\u010dov\u00e1n\u00ed. Jmenuji se Kl\u00e1ra a za vznikem t\u00e9to zna\u010dky stoj\u00ed v\u00edc ne\u017e jen n\u00e1hoda, i kdy\u017e pr\u00e1v\u011b ona m\u011b nakonec k Maison de Luxe p\u0159ivedla. Moje cesta Odmali\u010dka jsem milovala m\u00f3du. [&hellip;]<\/p>\n","protected":false},"author":1,"featured_media":0,"parent":0,"menu_order":0,"comment_status":"closed","ping_status":"closed","template":"elementor_header_footer","meta":{"slim_seo":{"title":"O n\u00e1s - Maison de Luxe Prague | Luxusn\u00ed kabelky a dopl\u0148ky","description":"Poznejte p\u0159\u00edb\u011bh Maison de Luxe Prague \u2013 pe\u010dliv\u00fd v\u00fdb\u011br luxusn\u00edch kabelek, slow fashion a d\u016fraz na kvalitu."},"footnotes":""},"class_list":["post-29","page","type-page","status-publish","hentry"],"_links":{"self":[{"href":"https:\/\/www.maisondeluxeprague.com\/en\/wp-json\/wp\/v2\/pages\/29","targetHints":{"allow":["GET"]}}],"collection":[{"href":"https:\/\/www.maisondeluxeprague.com\/en\/wp-json\/wp\/v2\/pages"}],"about":[{"href":"https:\/\/www.maisondeluxeprague.com\/en\/wp-json\/wp\/v2\/types\/page"}],"author":[{"embeddable":true,"href":"https:\/\/www.maisondeluxeprague.com\/en\/wp-json\/wp\/v2\/users\/1"}],"replies":[{"embeddable":true,"href":"https:\/\/www.maisondeluxeprague.com\/en\/wp-json\/wp\/v2\/comments?post=29"}],"version-history":[{"count":5,"href":"https:\/\/www.maisondeluxeprague.com\/en\/wp-json\/wp\/v2\/pages\/29\/revisions"}],"predecessor-version":[{"id":4894,"href":"https:\/\/www.maisondeluxeprague.com\/en\/wp-json\/wp\/v2\/pages\/29\/revisions\/4894"}],"wp:attachment":[{"href":"https:\/\/www.maisondeluxeprague.com\/en\/wp-json\/wp\/v2\/media?parent=29"}],"curies":[{"name":"wp","href":"https:\/\/api.w.org\/{rel}","templated":true}]}}